{"id":1045,"date":"2024-05-22T07:12:28","date_gmt":"2024-05-22T07:12:28","guid":{"rendered":"https:\/\/stage.hallwang2.smithberlin.com\/?page_id=1045"},"modified":"2024-09-09T11:09:34","modified_gmt":"2024-09-09T11:09:34","slug":"faqs","status":"publish","type":"page","link":"https:\/\/www.hallwang-clinic.com\/de_DE\/faqs\/","title":{"rendered":"FAQ de"},"content":{"rendered":"\n<div class=\"wp-block-group section_9\">\n<p class=\"has-text-align-center mini_title\">\u00dcBER DIE BEHANDLUNG<\/p>\n\n\n\n<h1 class=\"wp-block-heading has-text-align-center\">H\u00e4ufig gestellte Fragen<\/h1>\n\n\n\n<div data-wp-context=\"{}\" data-wp-interactive=\"core\/query\" data-wp-key=\"19\" data-wp-router-region=\"query-19\" class=\"wp-block-query faq_page\"><ul class=\"columns-3 wp-block-post-template\"><li data-wp-key=\"post-template-item-1394\" class=\"wp-block-post post-1394 faq type-faq status-publish hentry de_DE teaser-view\">\n<h2 class=\"wp-block-post-title\">Warum suchen so viele Patienten im Ausland nach Behandlungsm\u00f6glichkeiten?<\/h2> <p class='faq_q'>Warum suchen so viele Patienten im Ausland nach Behandlungs&shy;m\u00f6glichkeiten?<\/p> <div class='faq_a'><p>Generell stellen wir fest, dass viele Patienten, die in unsere Klinik kommen, in ihrem Heimatland leider keine Weiterbehandlung angeboten bekommen haben, obwohl aufgrund des Biomarker-Profils des Patienten auch au\u00dferhalb Deutschlands eine pr\u00e4zisionsbasierte Therapie m\u00f6glich gewesen w\u00e4re. Derzeit scheint das deutsche Gesundheitssystem Patientenorientierter zu sein und erm\u00f6glicht eine umfassendere individuelle Therapieevaluierung und einen besseren Zugang zu neuen Therapien f\u00fcr komplexe Einzelf\u00e4lle. Zu viele Patienten sind im Gesundheitssystem ihres Heimatlandes mit Einschr\u00e4nkungen konfrontiert. Patienten, die h\u00f6chstwahrscheinlich von einer pr\u00e4zisionsbasierten Therapie profitieren w\u00fcrden, wurde ein pr\u00e4zisionsbasierter medizinischer Ansatz verweigert, weil beispielsweise die klinische Studie die Patientenrekrutierung bereits abgeschlossen hat, oder der Patient nicht alle erforderlichen Zulassungskriterien einer medizinischen Studie erf\u00fcllt. Manchmal geben Patienten an, dass ihre Tumore f\u00fcr bestimmte Studien zu klein sind, oder dass sie f\u00fcr l\u00e4ngere Zeit keine Behandlung erhalten haben d\u00fcrfen bevor sie in eine prospektive Studie aufgenommen werden k\u00f6nnen. Und so verschlechterten sich einige Patienten signifikant (z. B. Hirnmetastasierung) w\u00e4hrend sie auf eine klinische Studie warteten und werden dann von der weiteren Bewertung f\u00fcr die klinische Studie ausgeschlossen. Und diese Patienten f\u00fchlen sich dann von ihren Onkologen in ihrem Heimatland in die Irre gef\u00fchrt.<\/p>\r\n<p>Andere medizinische Kollegen halten an den vor Jahren eingef\u00fchrten chemotherapeutischen Therapien und Protokollen fest. Diese Protokolle k\u00f6nnen ein \u201egutes Gesamtergebnis\u201c erzielen, jedoch wird nicht weiter \u00fcberlegt, ob f\u00fcr diese Patienten noch bessere oder dauerhaftere Ergebnisse erzielt werden k\u00f6nnten. W\u00e4hrend einige Patienten gut und ohne schwere Nebenwirkungen auf ein bestimmtes chemotherapeutisches Protokoll ansprechen, m\u00fcssen andere Patienten das Protokoll aufgrund von schwerwiegenden Nebenwirkungen, oder eines Tumorprogresses trotz Chemotherapie abbrechen. Alternative Protokolle f\u00fcr diese Patienten, die das Standardprotokoll nicht toleriert haben, sind begrenzt. Und wenn der Patient unter dem alternativen Chemotherapeutischen Protokoll Komplikationen entwickelt, werden die Behandlungsm\u00f6glichkeiten knapp. Des Weiteren gibt es weltweit so viele laufende Studien mit Krebsmedikamenten, die erstaunliche Ergebnisse in fortgeschrittenen klinischen Phasen zeigen. Solange diese Medikamente jedoch nicht zugelassen sind oder nur dann erh\u00e4ltlich sind, wenn der Patient es privat bezahlt, werden sie nicht f\u00fcr Patienten zur Verf\u00fcgung gestellt, die bereits alle Standardbehandlungsstrategien ausgesch\u00f6pft haben und verzweifelt nach Optionen suchen, weil ihre Tumorerkrankung so schnell voranschreitet. Das wesentliche Problem ist, dass diese neuen klinischen Pr\u00fcfpr\u00e4parate f\u00fcr stark vorbehandelte und progrediente Patienten aufgrund l\u00e4nderspezifischer Einschr\u00e4nkungen und Gesetze \u00fcberhaupt nicht besprochen werden und somit ein m\u00f6glicherweise lebensverl\u00e4ngernder, oder sogar lebensrettender Behandlungsansatz diesen Patienten vorenthalten wird. Behandeln Sie auch meinen spezifischen Krebs \/ mein Stadium? Sehr oft werden wir gefragt, welche Tumorerkrankungen wir behandeln. Als Fachklinik f\u00fcr H\u00e4mato-Onkologie behandeln wir alle h\u00e4mato-onkologischen Krankheitsbilder in allen Stadien. Ist Immuntherapie \u00fcberhaupt f\u00fcr mich geeignet? Patienten werden oft von ihren \u00c4rzten darauf hingewiesen, dass eine Immuntherapie in ihren F\u00e4llen keinen Sinn macht. In den meisten F\u00e4llen haben diese \u00c4rzte aufgrund l\u00e4nderspezifischer Vorschriften einfach keinen Zugang zu den verschiedenen immuntherapeutischen Therapien. Gl\u00fccklicherweise haben wir Zugang zu den modernsten Immuntherapien und k\u00f6nnen daher ein personalisiertes und ma\u00dfgeschneidertes Behandlungsprotokoll erstellen, das auf individuellen Informationen basiert, die wir aus einer Reihe von Diagnostischen Tests abrufen k\u00f6nnen. Diese spezifischen diagnostischen Analysen liefern uns Informationen zu Oberfl\u00e4chenmarkern die von den Tumorzellen exprimiert werden, Informationen zu Mutationen, Amplifikationen, Translokationen und Weitere. Durch die Identifizierung dieser Tumoreigenschaften k\u00f6nnen wir anhand Ihrer individuellen Testergebnisse, kann eine gezielte Therapie ausgelotet werden. Man muss den Tumor betrachten um zu verstehen, von welcher gezielten Behandlung ein Patient profitieren k\u00f6nnte. Eine Behandlung, die m\u00f6glicherweise bei einem Krebspatienten wirkt, wirkt nicht unbedingt bei einem anderen, obwohl beide dieselbe Diagnose haben. Warum werden Kosten f\u00fcr die Behandlung erhoben und auf welche H\u00f6he belaufen sie sich? Innovative Behandlungen werden von der Klinik gekauft und da wir keine Vertr\u00e4ge mit gesetzlichen oder privaten Krankenkassen haben und nicht von Wohlt\u00e4tigkeitsorganisationen, Stiftungen und Weiteren unterst\u00fctzt werden, m\u00fcssen die Behandlungskosten von den Patienten getragen werden.<\/p><\/div>\n\n<div class=\"wp-block-post-date\"><time datetime=\"2024-05-28T09:43:13+00:00\">28.05.2024<\/time><\/div>\n<\/li><li data-wp-key=\"post-template-item-1393\" class=\"wp-block-post post-1393 faq type-faq status-publish hentry de_DE teaser-view\">\n<h2 class=\"wp-block-post-title\">Behandeln Sie auch meinen spezifischen Krebs \/ mein Stadium?<\/h2> <p class='faq_q'>Behandeln Sie auch meinen spezifischen Krebs \/ mein Stadium?<\/p> <div class='faq_a'><p>Sehr oft werden wir gefragt, welche Tumorerkrankungen wir behandeln. Als Fachklinik f\u00fcr H\u00e4mato-Onkologie behandeln wir alle h\u00e4mato-onkologischen Krankheitsbilder in allen Stadien.<\/p><\/div>\n\n<div class=\"wp-block-post-date\"><time datetime=\"2024-05-28T09:43:05+00:00\">28.05.2024<\/time><\/div>\n<\/li><li data-wp-key=\"post-template-item-1392\" class=\"wp-block-post post-1392 faq type-faq status-publish hentry de_DE teaser-view\">\n<h2 class=\"wp-block-post-title\">Ist eine Immuntherapie \u00fcberhaupt f\u00fcr mich geeignet?<\/h2> <p class='faq_q'>Ist eine Immuntherapie \u00fcberhaupt f\u00fcr mich geeignet?<\/p> <div class='faq_a'><p>Patienten werden oft von ihren \u00c4rzten darauf hingewiesen, dass eine Immuntherapie in ihren F\u00e4llen keinen Sinn macht. In den meisten F\u00e4llen haben diese \u00c4rzte aufgrund l\u00e4nderspezifischer Vorschriften einfach keinen Zugang zu den verschiedenen immuntherapeutischen Therapien. Gl\u00fccklicherweise haben wir Zugang zu den modernsten Immuntherapien und k\u00f6nnen daher ein personalisiertes und ma\u00dfgeschneidertes Behandlungsprotokoll erstellen, das auf individuellen Informationen basiert, die wir aus einer Reihe von Diagnostischen Tests abrufen k\u00f6nnen. Diese spezifischen diagnostischen Analysen liefern uns Informationen zu Oberfl\u00e4chenmarkern die von den Tumorzellen exprimiert werden, Informationen zu Mutationen, Amplifikationen, Translokationen und Weitere. Durch die Identifizierung dieser Tumoreigenschaften k\u00f6nnen wir anhand Ihrer individuellen Testergebnisse, kann eine gezielte Therapie ausgelotet werden. Man muss den Tumor betrachten um zu verstehen, von welcher gezielten Behandlung ein Patient profitieren k\u00f6nnte. Eine Behandlung, die m\u00f6glicherweise bei einem Krebspatienten wirkt, wirkt nicht unbedingt bei einem anderen, obwohl beide dieselbe Diagnose haben.<\/p><\/div>\n\n<div class=\"wp-block-post-date\"><time datetime=\"2024-05-28T09:42:16+00:00\">28.05.2024<\/time><\/div>\n<\/li><li data-wp-key=\"post-template-item-1391\" class=\"wp-block-post post-1391 faq type-faq status-publish hentry de_DE teaser-view\">\n<h2 class=\"wp-block-post-title\">Welche Behandlungskosten kommen in welcher H\u00f6he auf mich zu?<\/h2> <p class='faq_q'>Welche Behandlungskosten kommen in welcher H\u00f6he auf mich zu?<\/p> <div class='faq_a'><p>Die Hallwang Clinic kauft innovative Behandlungen. Da wir keine Vertr\u00e4ge mit gesetzlichen oder privaten Krankenkassen haben und nicht von Wohlt\u00e4tigkeitsorganisationen, Stiftungen und Weiteren unterst\u00fctzt werden, m\u00fcssen wir die Kosten an die Patientinnen und Patienten weitergeben.<\/p><\/div>\n\n<div class=\"wp-block-post-date\"><time datetime=\"2024-05-28T09:42:11+00:00\">28.05.2024<\/time><\/div>\n<\/li><li data-wp-key=\"post-template-item-1390\" class=\"wp-block-post post-1390 faq type-faq status-publish hentry de_DE teaser-view\">\n<h2 class=\"wp-block-post-title\">Wie schnell kann ich meine Behandlung in der Hallwang Clinic beginnen?<\/h2> <p class='faq_q'>Wie schnell kann ich meine Behandlung in der Hallwang Clinic beginnen?<\/p> <div class='faq_a'><p>In der Regel direkt \u2013 je nach Verf\u00fcgbarkeit der Zimmer.<\/p><\/div>\n\n<div class=\"wp-block-post-date\"><time datetime=\"2024-05-28T09:42:06+00:00\">28.05.2024<\/time><\/div>\n<\/li><li data-wp-key=\"post-template-item-1968\" class=\"wp-block-post post-1968 faq type-faq status-publish hentry de_DE teaser-view\">\n<h2 class=\"wp-block-post-title\">Habe ich auch an Wochenenden Behandlungen?<\/h2> <p class='faq_q'>Habe ich auch an Wochenenden Behandlungen?<\/p> <div class='faq_a'><p>Unser medizinisches Team ist rund um die Uhr an sieben Tagen in der Woche besetzt. Daher sind Behandlungen an den Wochenenden selbstverst\u00e4ndlich.<\/p><\/div>\n\n<div class=\"wp-block-post-date\"><time datetime=\"2024-05-20T13:42:57+00:00\">20.05.2024<\/time><\/div>\n<\/li><li data-wp-key=\"post-template-item-1969\" class=\"wp-block-post post-1969 faq type-faq status-publish hentry de_DE teaser-view\">\n<h2 class=\"wp-block-post-title\">Was muss ich mitbringen, wenn ich zur Behandlung in die Hallwang Clinic komme?<\/h2> <p class='faq_q'>Was muss ich mitbringen, wenn ich zur Behandlung in die Hallwang Clinic komme?<\/p> <div class='faq_a'><div class=\"flex max-w-full flex-col flex-grow\">\r\n<div class=\"min-h-[20px] text-message flex w-full flex-col items-end gap-2 break-words [.text-message+&amp;]:mt-5 overflow-x-auto whitespace-pre-wrap\" dir=\"auto\" data-message-author-role=\"assistant\" data-message-id=\"99bf5643-9789-4fac-98f2-4a32e50b066e\">\r\n<div class=\"flex w-full flex-col gap-1 empty:hidden first:pt-[3px]\">\r\n<div class=\"markdown prose w-full break-words dark:prose-invert light\">\r\n<p>Wir stellen Ihnen Handt\u00fccher, Haartrockner und Duschutensilien zur Verf\u00fcgung. Falls noch nicht im Vorfeld geschehen, denken Sie bitte daran, Ihren aktuellen medizinischen Bericht mitzubringen, der Ihre Krankengeschichte, eine Liste Ihrer Medikamente und Allergien sowie, falls vorhanden, Scanbilder auf CD und schriftliche Berichte enth\u00e4lt.<\/p>\r\n<\/div>\r\n<\/div>\r\n<\/div>\r\n<\/div><\/div>\n\n<div class=\"wp-block-post-date\"><time datetime=\"2024-05-19T13:45:32+00:00\">19.05.2024<\/time><\/div>\n<\/li><li data-wp-key=\"post-template-item-1970\" class=\"wp-block-post post-1970 faq type-faq status-publish hentry de_DE teaser-view\">\n<h2 class=\"wp-block-post-title\">K\u00f6nnen Sie mir bei Bedarf meine Grundmedikation in der Hallwang Clinic zur Verf\u00fcgung stellen?<\/h2> <p class='faq_q'>K\u00f6nnen Sie mir bei Bedarf meine Grundmedikation in der Hallwang Clinic zur Verf\u00fcgung stellen?<\/p> <div class='faq_a'><p>Nat\u00fcrlich. Unsere therapeutischen Assistentinnen und Assistenten sind von Montag bis Freitag f\u00fcr Sie da und k\u00f6nnen ben\u00f6tigte Medikamente beschaffen.<\/p><\/div>\n\n<div class=\"wp-block-post-date\"><time datetime=\"2024-05-18T13:46:16+00:00\">18.05.2024<\/time><\/div>\n<\/li><li data-wp-key=\"post-template-item-414\" class=\"wp-block-post post-414 faq type-faq status-publish hentry de_DE teaser-view\">\n<h2 class=\"wp-block-post-title\">Welche Ergebnisse erzielt eine Behandlung in der Hallwang Clinic? Gibt es Erfolgsstatistiken und Forschungsberichte?<\/h2> <p class='faq_q'>Welche Ergebnisse erzielt eine Behandlung in der Hallwang Clinic? Gibt es Erfolgs&shy;statistiken und Forschungsberichte?<\/p> <div class='faq_a'><p>Jeder Patient ist einzigartig, ebenso wie seine Reaktion auf eine Behandlung. W\u00e4hrend einige Patienten schnell und ohne Nebenwirkungen reagieren, ben\u00f6tigen andere intensivere Behandlungsprotokolle. Manche Patienten ben\u00f6tigen mehr Zeit, um sich zwischen den verschiedenen Behandlungen zu erholen, oder entwickeln Komplikationen, die zu einer Behandlungspause f\u00fchren. Es ist leider schwierig und nicht voraussehbar, sowie auch unprofessionell vorauszusagen, wie ein Patient reagiert und welche Ergebnisse er oder sie erzielen wird. Auf dem Gebiet der Medizin, m\u00fcssen wir immer individuelle Ver\u00e4nderungen ber\u00fccksichtigen.<\/p>\r\n<p>Wir sind sehr bestrebt Ihnen in jeder Hinsicht behilflich zu sein, ver\u00f6ffentlichen jedoch keine Forschungsberichte oder Statistiken zu klinischen Studien. Daher k\u00f6nnen wir Ihnen keine genauen Zahlen oder Perspektiven zur Verf\u00fcgung stellen. Bitte bedenken Sie, dass wir eine kleine Privatklinik und kein (universit\u00e4rer) Studienort sind. Unsere Klinik ist zu klein und unsere Patientenpopulation sehr heterogen, sodass klinische Studien nicht m\u00f6glich sind. Wir m\u00f6chten all unseren Patienten die bestm\u00f6glichste Behandlung anbieten und nicht aufgrund bestimmter Kriterien Patienten davon ausschlie\u00dfen. In der Tat kommen viele Patienten zu uns, weil sie aufgrund ihres Alters, ihrer Anamnese oder anderer chronische Erkrankungen etc. f\u00fcr eine klinische Studie nicht in Frage kamen. Unser Ziel ist es, die beste Behandlungsstrategie f\u00fcr Sie zu finden und keinen Patienten von einem Behandlungsprotokoll aufgrund der vorher genannten Faktoren auszuschlie\u00dfen. In klinischen Studien wird h\u00e4ufig ein Placebo als Kontrollprotokoll oder Alternativprotokoll verwendet, um das Ansprechen der Behandlung in zwei Gruppen von Patienten zu vergleichen. In der Hallwang Clinic erhalten Sie selbstverst\u00e4ndlich immer die Behandlung, die wir nach eigehender Er\u00f6rterung der State-of-the-art Diagnostik, m\u00f6glicher Nebenwirkungen und Komplikationen dieser Behandlung, die wir als f\u00fcr Sie am besten erachten. Wir empfehlen immer Strategien, die am besten auf Ihre Tumorzellen abzielen, basierend auf einem breiten diagnostischen Spektrum, sodass unsere Patienten mit sehr individuellen Therapien behandelt werden. Wir empfehlen Patienten, die an einer Behandlung in unserer Klinik interessiert sind, unsere Facebook-Seite zu besuchen, da einige unserer Patienten dort ihre Erfahrung in unserer Klinik geteilt haben.<\/p><\/div>\n\n<div class=\"wp-block-post-date\"><time datetime=\"2024-05-09T15:43:43+00:00\">09.05.2024<\/time><\/div>\n<\/li><\/ul><\/div>\n<\/div>\n","protected":false},"excerpt":{"rendered":"<p>\u00dcBER DIE BEHANDLUNG H\u00e4ufig gestellte Fragen<\/p>\n","protected":false},"author":3,"featured_media":0,"parent":0,"menu_order":0,"comment_status":"closed","ping_status":"closed","template":"","meta":{"_locale":"de_DE","_original_post":"https:\/\/www.hallwang-clinic.com\/?page_id=1024","_htmlclass":"","_bodyclass":"","footnotes":""},"class_list":["post-1045","page","type-page","status-publish","hentry","de_DE","teaser-view"],"_links":{"self":[{"href":"https:\/\/www.hallwang-clinic.com\/wp-json\/wp\/v2\/pages\/1045","targetHints":{"allow":["GET"]}}],"collection":[{"href":"https:\/\/www.hallwang-clinic.com\/wp-json\/wp\/v2\/pages"}],"about":[{"href":"https:\/\/www.hallwang-clinic.com\/wp-json\/wp\/v2\/types\/page"}],"author":[{"embeddable":true,"href":"https:\/\/www.hallwang-clinic.com\/wp-json\/wp\/v2\/users\/3"}],"replies":[{"embeddable":true,"href":"https:\/\/www.hallwang-clinic.com\/wp-json\/wp\/v2\/comments?post=1045"}],"version-history":[{"count":5,"href":"https:\/\/www.hallwang-clinic.com\/wp-json\/wp\/v2\/pages\/1045\/revisions"}],"predecessor-version":[{"id":3391,"href":"https:\/\/www.hallwang-clinic.com\/wp-json\/wp\/v2\/pages\/1045\/revisions\/3391"}],"wp:attachment":[{"href":"https:\/\/www.hallwang-clinic.com\/wp-json\/wp\/v2\/media?parent=1045"}],"curies":[{"name":"wp","href":"https:\/\/api.w.org\/{rel}","templated":true}]}}