{"id":1196,"date":"2024-05-24T07:03:30","date_gmt":"2024-05-24T07:03:30","guid":{"rendered":"https:\/\/stage.hallwang2.smithberlin.com\/?page_id=1196"},"modified":"2024-10-14T12:53:50","modified_gmt":"2024-10-14T12:53:50","slug":"data-protection","status":"publish","type":"page","link":"https:\/\/www.hallwang-clinic.com\/de_DE\/data-protection\/","title":{"rendered":"Data protection DE"},"content":{"rendered":"\n<h1 class=\"wp-block-heading has-text-align-center\">Datenschutzerkl\u00e4rung<\/h1>\n\n\n\n<div style=\"height:30px\" aria-hidden=\"true\" class=\"wp-block-spacer\"><\/div>\n\n\n\n<div class=\"wp-block-group max_842\">\n<p><\/p>\n\n\n\n<p>Personenbezogene Daten (nachfolgend zumeist nur \u201eDaten\u201c genannt) werden von uns nur im Rahmen der Erforderlichkeit sowie zum Zwecke der Bereitstellung eines funktionsf\u00e4higen und nutzerfreundlichen Internetauftritts, inklusive seiner Inhalte und der dort angebotenen Leistungen, verarbeitet.<br><br>Gem\u00e4\u00df Art. 4 Ziffer 1. der Verordnung (EU) 2016\/679, also der Datenschutz-Grundverordnung (nachfolgend nur \u201eDSGVO\u201c genannt), gilt als \u201eVerarbeitung\u201c jeder mit oder ohne Hilfe automatisierter Verfahren ausgef\u00fchrter Vorgang oder jede solche Vorgangsreihe im Zusammenhang mit personenbezogenen Daten, wie das Erheben, das Erfassen, die Organisation, das Ordnen, die Speicherung, die Anpassung oder Ver\u00e4nderung, das Auslesen, das Abfragen, die Verwendung, die Offenlegung durch \u00dcbermittlung, Verbreitung oder eine andere Form der Bereitstellung, den Abgleich oder die Verkn\u00fcpfung, die Einschr\u00e4nkung, das L\u00f6schen oder die Vernichtung.<\/p>\n\n\n\n<p>Mit der nachfolgenden Datenschutzerkl\u00e4rung informieren wir Sie insbesondere \u00fcber Art, Umfang, Zweck, Dauer und Rechtsgrundlage der Verarbeitung personenbezogener Daten, soweit wir entweder allein oder gemeinsam mit anderen \u00fcber die Zwecke und Mittel der Verarbeitung entscheiden. Zudem informieren wir Sie nachfolgend \u00fcber die von uns zu Optimierungszwecken sowie zur Steigerung der Nutzungsqualit\u00e4t eingesetzten Fremdkomponenten, soweit hierdurch Dritte Daten in wiederum eigener Verantwortung verarbeiten.<\/p>\n\n\n\n<p><\/p>\n\n\n\n<p>Unsere Datenschutzerkl\u00e4rung ist wie folgt gegliedert:<\/p>\n\n\n\n<p><strong>I. Informationen \u00fcber uns als Verantwortliche <br>II. Rechte der Nutzer und Betroffenen<br>III. Informationen zur Datenverarbeitung<\/strong><\/p>\n\n\n\n<div style=\"height:0px\" aria-hidden=\"true\" class=\"wp-block-spacer\"><\/div>\n\n\n\n<h3 class=\"wp-block-heading\">I. Informationen \u00fcber uns als Verantwortliche<\/h3>\n\n\n\n<p><strong>Verantwortlicher Anbieter dieses Internetauftritts im datenschutzrechtlichen Sinne ist:<\/strong><\/p>\n\n\n\n<p>Hallwang Clinic GmbH<br>Silberwaldstra\u00dfe 34<br>D-72280 Dornstetten \/ Hallwangen<\/p>\n\n\n\n<p>Tel.: +49 7443 964240<br>E-Mail: <strong><span style=\"text-decoration: underline;\">info@hallwang-clinic.com<\/span><\/strong><\/p>\n\n\n\n<p><strong>Datenschutzbeauftragte\/r beim Anbieter ist:<\/strong><\/p>\n\n\n\n<p>Albert Schmierer<br><strong>datenschutzbeauftragter@hallwang-clinic.com<\/strong><\/p>\n\n\n\n<div style=\"height:0px\" aria-hidden=\"true\" class=\"wp-block-spacer\"><\/div>\n\n\n\n<h3 class=\"wp-block-heading\">II. Rechte der Nutzer und Betroffenen<\/h3>\n\n\n\n<p>Mit Blick auf die nachfolgend noch n\u00e4her beschriebene Datenverarbeitung haben die Nutzer und Betroffenen das Recht<\/p>\n\n\n\n<ul class=\"wp-block-list\">\n<li>auf Best\u00e4tigung, ob sie betreffende Daten verarbeitet werden, auf Auskunft \u00fcber die verarbeiteten Daten, auf weitere Informationen \u00fcber die Datenverarbeitung sowie auf Kopien der Daten (vgl. auch Art. 15 DSGVO);<\/li>\n\n\n\n<li>auf Berichtigung oder Vervollst\u00e4ndigung unrichtiger bzw. unvollst\u00e4ndiger Daten (vgl. auch Art. 16 DSGVO);<\/li>\n\n\n\n<li>auf unverz\u00fcgliche L\u00f6schung der sie betreffenden Daten (vgl. auch Art. 17 DSGVO), oder, alternativ, soweit eine weitere Verarbeitung gem\u00e4\u00df Art. 17 Abs. 3 DSGVO erforderlich ist, auf Einschr\u00e4nkung der Verarbeitung nach Ma\u00dfgabe von Art. 18 DSGVO; auf Erhalt der sie betreffenden und von ihnen bereitgestellten Daten und auf \u00dcbermittlung dieser;<\/li>\n\n\n\n<li>Daten an andere Anbieter\/Verantwortliche (vgl. auch Art. 20 DSGVO); auf Beschwerde gegen\u00fcber der Aufsichtsbeh\u00f6rde, sofern sie der Ansicht sind, dass die sie betreffenden Daten durch den Anbieter unter Versto\u00df gegen datenschutzrechtliche Bestimmungen verarbeitet werden (vgl. auch Art. 77 DSGVO).<\/li>\n<\/ul>\n\n\n\n<p>Dar\u00fcber hinaus ist der Anbieter dazu verpflichtet, alle Empf\u00e4nger, denen gegen\u00fcber Daten durch den Anbieter offengelegt worden sind, \u00fcber jedwede Berichtigung oder L\u00f6schung von Daten oder die Einschr\u00e4nkung der Verarbeitung, die aufgrund der Artikel 16, 17 Abs. 1, 18 DSGVO erfolgt, zu unterrichten. Diese Verpflichtung besteht jedoch nicht, soweit diese Mitteilung unm\u00f6glich oder mit einem unverh\u00e4ltnism\u00e4\u00dfigen Aufwand verbunden ist. Unbeschadet dessen hat der Nutzer ein Recht auf Auskunft \u00fcber diese Empf\u00e4nger.<br><br>Ebenfalls haben die Nutzer und Betroffenen nach Art. 21 DSGVO das Recht auf Widerspruch gegen die k\u00fcnftige Verarbeitung der sie betreffenden Daten, sofern die Daten durch den Anbieter nach Ma\u00dfgabe von Art. 6 Abs. 1 lit. f) DSGVO verarbeitet werden. Insbesondere ist ein Widerspruch gegen die Datenverarbeitung zum Zwecke der Direktwerbung statthaft.<\/p>\n\n\n\n<div style=\"height:0px\" aria-hidden=\"true\" class=\"wp-block-spacer\"><\/div>\n\n\n\n<h3 class=\"wp-block-heading\">III. Informationen zur Datenverarbeitung<\/h3>\n\n\n\n<p><\/p>\n\n\n\n<p><\/p>\n\n\n\n<p><\/p>\n\n\n\n<p><\/p>\n\n\n\n<p><\/p>\n\n\n\n<p><\/p>\n\n\n\n<p>Ihre bei Nutzung unseres Internetauftritts verarbeiteten Daten werden gel\u00f6scht oder gesperrt, sobald der Zweck der Speicherung entf\u00e4llt, der L\u00f6schung der Daten keine gesetzlichen Aufbewahrungspflichten entgegenstehen und nachfolgend keine anderslautenden Angaben zu einzelnen Verarbeitungsverfahren gemacht werden.<br><br><strong>Cookies <br>a) Sitzungs-Cookies\/Session-Cookies<\/strong><br><br> Wir verwenden mit unserem Internetauftritt sog. Cookies. Cookies sind kleine Textdateien oder andere Speichertechnologien, die durch den von Ihnen eingesetzten Internet-Browser auf Ihrem Endger\u00e4t ablegt und gespeichert werden. Durch diese Cookies werden im individuellen Umfang bestimmte Informationen von Ihnen, wie beispielsweise Ihre Browser- oder Standortdaten oder Ihre IP-Adresse, verarbeitet. Durch diese Verarbeitung wird unser Internetauftritt benutzerfreundlicher, effektiver und sicherer, da die Verarbeitung bspw. die Wiedergabe unseres Internetauftritts in unterschiedlichen Sprachen oder das Angebot einer Warenkorbfunktion erm\u00f6glicht. Rechtsgrundlage dieser Verarbeitung ist Art. 6 Abs. 1 lit b.) DSGVO, sofern diese Cookies Daten zur Vertragsanbahnung oder Vertragsabwicklung verarbeitet werden. Falls die Verarbeitung nicht der Vertragsanbahnung oder Vertragsabwicklung dient, liegt unser berechtigtes Interesse in der Verbesserung der Funktionalit\u00e4t unseres Internetauftritts. Rechtsgrundlage ist in dann Art. 6 Abs. 1 lit. f) DSGVO. Mit Schlie\u00dfen Ihres Internet-Browsers werden diese Session-Cookies gel\u00f6scht. <\/p>\n\n\n\n<p><\/p>\n\n\n\n<p><strong>b) Drittanbieter-Cookies <\/strong><\/p>\n\n\n\n<p>Gegebenenfalls werden mit unserem Internetauftritt auch Cookies von Partnerunternehmen, mit denen wir zum Zwecke der Werbung, der Analyse oder der Funktionalit\u00e4ten unseres Internetauftritts zusammenarbeiten, verwendet. <\/p>\n\n\n\n<p>Die Einzelheiten hierzu, insbesondere zu den Zwecken und den Rechtsgrundlagen der Verarbeitung solcher Drittanbieter-Cookies, entnehmen Sie bitte den nachfolgenden Informationen. <\/p>\n\n\n\n<p><\/p>\n\n\n\n<p><strong>c) Beseitigungsm\u00f6glichkeit <\/strong><\/p>\n\n\n\n<p>Sie k\u00f6nnen die Installation der Cookies durch eine Einstellung Ihres Internet-Browsers verhindern oder einschr\u00e4nken. Ebenfalls k\u00f6nnen Sie bereits gespeicherte Cookies jederzeit l\u00f6schen. Die hierf\u00fcr erforderlichen Schritte und Ma\u00dfnahmen h\u00e4ngen jedoch von Ihrem konkret genutzten Internet-Browser ab. Bei Fragen benutzen Sie daher bitte die Hilfefunktion oder Dokumentation Ihres Internet-Browsers oder wenden sich an dessen Hersteller bzw. Support. Bei sog. Flash-Cookies kann die Verarbeitung allerdings nicht \u00fcber die Einstellungen des Browsers unterbunden werden. Stattdessen m\u00fcssen Sie insoweit die Einstellung Ihres Flash-Players \u00e4ndern. Auch die hierf\u00fcr erforderlichen Schritte und Ma\u00dfnahmen h\u00e4ngen von Ihrem konkret genutzten Flash-Player ab. Bei Fragen benutzen Sie daher bitte ebenso die Hilfefunktion oder Dokumentation Ihres Flash-Players oder wenden sich an den Hersteller bzw. Benutzer-Support. <\/p>\n\n\n\n<p>Sollten Sie die Installation der Cookies verhindern oder einschr\u00e4nken, kann dies allerdings dazu f\u00fchren, dass nicht s\u00e4mtliche Funktionen unseres Internetauftritts vollumf\u00e4nglich nutzbar sind. <\/p>\n\n\n\n<p><\/p>\n\n\n\n<p><strong>Facebook-Social-Plug-in <\/strong><\/p>\n\n\n\n<p>In unserem Internetauftritt setzen wir das Plug-in des Social-Networks Facebook ein. Bei Facebook handelt es sich um einen Internetservice der Facebook Inc., 1601 S. California Ave, Palo Alto, CA 94304, USA. In der EU wird dieser Service wiederum von der Facebook Ireland Limited, 4 Grand Canal Square, Dublin 2, Irland, betrieben, nachfolgend beide nur \u201eFacebook\u201c genannt. <\/p>\n\n\n\n<p>Durch die Zertifizierung nach dem EU-US-Datenschutzschild (\u201eEU-US Privacy Shield\u201c) <\/p>\n\n\n\n<p><strong><a href=\"https:\/\/www.privacyshield.gov\/participant?id=a2zt0000000GnywAAC&amp;status=Active \">https:\/\/www.privacyshield.gov\/participant?id=a2zt0000000GnywAAC&amp;status=Active <\/a><\/strong><\/p>\n\n\n\n<p>garantiert Facebook, dass die Datenschutzvorgaben der EU auch bei der Verarbeitung von Daten in den USA eingehalten werden. <\/p>\n\n\n\n<p>Rechtsgrundlage ist Art. 6 Abs. 1 lit. f) DSGVO. Unser berechtigtes Interesse liegt in der Qualit\u00e4tsverbesserung unseres Internetauftritts. <\/p>\n\n\n\n<p>Weitergehende Informationen \u00fcber die m\u00f6glichen Plug-ins sowie \u00fcber deren jeweilige Funktionen h\u00e4lt Facebook unter<\/p>\n\n\n\n<p><strong><a href=\"https:\/\/developers.facebook.com\/docs\/plugins\/ \">https:\/\/developers.facebook.com\/docs\/plugins\/ <\/a><\/strong><\/p>\n\n\n\n<p>f\u00fcr Sie bereit. <\/p>\n\n\n\n<p>Sofern das Plug-in auf einer der von Ihnen besuchten Seiten unseres Internetauftritts hinterlegt ist, l\u00e4dt Ihr Internet-Browser eine Darstellung des Plug-ins von den Servern von Facebook in den USA herunter. Aus technischen Gr\u00fcnden ist es dabei notwendig, dass Facebook Ihre IP-Adresse verarbeitet. Daneben werden aber auch Datum und Uhrzeit des Besuchs unserer Internetseiten erfasst. <\/p>\n\n\n\n<p>Sollten Sie bei Facebook eingeloggt sein, w\u00e4hrend Sie eine unserer mit dem Plug-in versehenen Internetseite besuchen, werden die durch das Plug-in gesammelten Informationen Ihres konkreten Besuchs von Facebook erkannt. Die so gesammelten Informationen weist Facebook wom\u00f6glich Ihrem dortigen pers\u00f6nlichen Nutzerkonto zu. Sofern Sie also bspw. den sog. \u201eGef\u00e4llt mir\u201c-Button von Facebook benutzen, werden diese Informationen in Ihrem Facebook-Nutzerkonto gespeichert und ggf. \u00fcber die Plattform von Facebook ver\u00f6ffentlicht. Wenn Sie das verhindern m\u00f6chten, m\u00fcssen Sie sich entweder vor dem Besuch unseres Internetauftritts bei Facebook ausloggen oder durch den Einsatz eines Add-ons f\u00fcr Ihren Internetbrowser verhindern, dass das Laden des Facebook-Plug-in blockiert wird. <\/p>\n\n\n\n<p>Weitergehende Informationen \u00fcber die Erhebung und Nutzung von Daten sowie Ihre diesbez\u00fcglichen Rechte und Schutzm\u00f6glichkeiten h\u00e4lt Facebook in den unter <\/p>\n\n\n\n<p><strong><a href=\"https:\/\/www.facebook.com\/policy.php \">https:\/\/www.facebook.com\/policy.php <\/a><\/strong><\/p>\n\n\n\n<p>abrufbaren Datenschutzhinweisen bereit. <\/p>\n\n\n\n<p><\/p>\n\n\n\n<p><strong>Google Analytics <\/strong><\/p>\n\n\n\n<p>In unserem Internetauftritt setzen wir Google Analytics ein. Hierbei handelt es sich um einen Webanalysedienst der Google LLC, Gordon House, Barrow Street, Dublin 4, Irland, nachfolgend nur \u201eGoogle\u201c genannt. <\/p>\n\n\n\n<p>Durch die Zertifizierung nach dem EU-US-Datenschutzschild (\u201eEU-US Privacy Shield\u201c) <\/p>\n\n\n\n<p><strong><a href=\"https:\/\/www.privacyshield.gov\/participant?id=a2zt000000001L5AAI&amp;status=Active \">https:\/\/www.privacyshield.gov\/participant?id=a2zt000000001L5AAI&amp;status=Active <\/a><\/strong><\/p>\n\n\n\n<p>garantiert Google, dass die Datenschutzvorgaben der EU auch bei der Verarbeitung von Daten in den USA eingehalten werden.<\/p>\n\n\n\n<p>Der Dienst Google Analytics dient zur Analyse des Nutzungsverhaltens unseres Internetauftritts. Rechtsgrundlage ist Art. 6 Abs. 1 lit. f) DSGVO. Unser berechtigtes Interesse liegt in der Analyse, Optimierung und dem wirtschaftlichen Betrieb unseres Internetauftritts. <\/p>\n\n\n\n<p>Nutzungs- und nutzerbezogene Informationen, wie bspw. IP-Adresse, Ort, Zeit oder H\u00e4ufigkeit des Besuchs unseres Internetauftritts, werden dabei an einen Server von Google in den USA \u00fcbertragen und dort gespeichert. Allerdings nutzen wir Google Analytics mit der sog. Anonymisierungsfunktion. Durch diese Funktion k\u00fcrzt Google die IP-Adresse schon innerhalb der EU bzw. des EWR. <\/p>\n\n\n\n<p>Die so erhobenen Daten werden wiederum von Google genutzt, um uns eine Auswertung \u00fcber den Besuch unseres Internetauftritts sowie \u00fcber die dortigen Nutzungsaktivit\u00e4ten zur Verf\u00fcgung zu stellen. Auch k\u00f6nnen diese Daten genutzt werden, um weitere Dienstleistungen zu erbringen, die mit der Nutzung unseres Internetauftritts und der Nutzung des Internets zusammenh\u00e4ngen. <\/p>\n\n\n\n<p>Google gibt an, Ihre IP-Adresse nicht mit anderen Daten zu verbinden. Zudem h\u00e4lt Google unter <strong><a href=\"https:\/\/www.google.com\/intl\/de\/policies\/privacy\/partners \">https:\/\/www.google.com\/intl\/de\/policies\/privacy\/partners <\/a><\/strong><\/p>\n\n\n\n<p>weitere datenschutzrechtliche Informationen f\u00fcr Sie bereit, so bspw. auch zu den M\u00f6glichkeiten, die Datennutzung zu unterbinden. Zudem bietet Google unter <\/p>\n\n\n\n<p><strong><a href=\"https:\/\/tools.google.com\/dlpage\/gaoptout?hl=de\">https:\/\/tools.google.com\/dlpage\/gaoptout?hl=de<\/a><\/strong><\/p>\n\n\n\n<p>ein sog. Deaktivierungs-Add-on nebst weiteren Informationen hierzu an. Dieses Add-on l\u00e4sst sich mit den g\u00e4ngigen Internet-Browsern installieren und bietet Ihnen weitergehende Kontrollm\u00f6glichkeit \u00fcber die Daten, die Google bei Aufruf unseres Internetauftritts erfasst. Dabei teilt das Add-on dem JavaScript (ga.js) von Google Analytics mit, dass Informationen zum Besuch unseres Internetauftritts nicht an Google Analytics \u00fcbermittelt werden sollen. Dies verhindert aber nicht, dass Informationen an uns oder an andere Webanalysedienste \u00fcbermittelt werden. Ob und welche weiteren Webanalysedienste von uns eingesetzt werden, erfahren Sie nat\u00fcrlich ebenfalls in dieser Datenschutzerkl\u00e4rung. <\/p>\n\n\n\n<p><strong>Kontaktanfragen \/ Kontaktm\u00f6glichkeit <\/strong><\/p>\n\n\n\n<p>Sofern Sie per Kontaktformular oder E-Mail mit uns in Kontakt treten, werden die dabei von Ihnen angegebenen Daten zur Bearbeitung Ihrer Anfrage genutzt. Die Angabe der Daten ist zur Bearbeitung und Beantwortung Ihre Anfrage erforderlich &#8211; ohne deren Bereitstellung k\u00f6nnen wir Ihre Anfrage nicht oder allenfalls eingeschr\u00e4nkt beantworten. <\/p>\n\n\n\n<p>Rechtsgrundlage f\u00fcr diese Verarbeitung ist Art. 6 Abs. 1 lit. b) DSGVO. <\/p>\n\n\n\n<p>Ihre Daten werden gel\u00f6scht, sofern Ihre Anfrage abschlie\u00dfend beantwortet worden ist und der L\u00f6schung keine gesetzlichen Aufbewahrungspflichten entgegenstehen, wie bspw. bei einer sich etwaig anschlie\u00dfenden Vertragsabwicklung. <\/p>\n\n\n\n<p><\/p>\n\n\n\n<p><strong>Serverdaten <\/strong><\/p>\n\n\n\n<p>Aus technischen Gr\u00fcnden, insbesondere zur Gew\u00e4hrleistung eines sicheren und stabilen Internetauftritts, werden Daten durch Ihren Internet-Browser an uns bzw. an unseren Webspace-Provider \u00fcbermittelt. Mit diesen sog. Server-Logfiles werden u.a. Typ und Version Ihres Internetbrowsers, das Betriebssystem, die Website, von der aus Sie auf unseren Internetauftritt gewechselt haben (Referrer URL), die Website(s) unseres Internetauftritts, die Sie besuchen, Datum und Uhrzeit des jeweiligen Zugriffs sowie die IP-Adresse des Internetanschlusses, von dem aus die Nutzung unseres Internetauftritts erfolgt, erhoben. <\/p>\n\n\n\n<p>Diese so erhobenen Daten werden vorr\u00fcbergehend gespeichert, dies jedoch nicht gemeinsam mit anderen Daten von Ihnen. <\/p>\n\n\n\n<p>Diese Speicherung erfolgt auf der Rechtsgrundlage von Art. 6 Abs. 1 lit. f) DSGVO. Unser berechtigtes Interesse liegt in der Verbesserung, Stabilit\u00e4t, Funktionalit\u00e4t und Sicherheit unseres Internetauftritts. <\/p>\n\n\n\n<p>Die Daten werden sp\u00e4testens nach sieben Tage wieder gel\u00f6scht, soweit keine weitere Aufbewahrung zu Beweiszwecken erforderlich ist. Andernfalls sind die Daten bis zur endg\u00fcltigen Kl\u00e4rung eines Vorfalls ganz oder teilweise von der L\u00f6schung ausgenommen. <\/p>\n\n\n\n<p><\/p>\n\n\n\n<p><strong>SSL-Verschl\u00fcsselung <\/strong><\/p>\n\n\n\n<p>Diese Webseite verwendet zum Schutz vertraulicher Inhalte eine sogenannte SSL-Verschl\u00fcsselung (SSL = Secure Sockets Layer). Bei aktiver SSL-Verschl\u00fcsselung k\u00f6nnen Ihre Daten zum Beispiel bei der \u00dcbertragung von Kontaktformularen, welche Sie an uns als Betreiber dieser Webseite senden, nicht von fremden Dritten mitgelesen werden. Eine mittels SSL verschl\u00fcsselte Internetverbindung erkennen Sie einerseits daran, dass sich die Browser-Adresszeile von &#8222;http:\/\/&#8220; auf &#8222;https:\/\/&#8220; \u00e4ndert und andererseits am Schloss-Symbol auf der linken Seite in der Browserzeile. <\/p>\n\n\n\n<p><\/p>\n\n\n\n<p><strong>Vimeo <\/strong><\/p>\n\n\n\n<p>Zur Darstellung von Videos setzen wir auf unserer Internetseite \u201eVimeo\u201c ein. Hierbei handelt es sich um einen Dienst der Vimeo, LL C, 555 West 18 th Street, New York, New York 10011, USA, nachfolgend nur \u201eVimeo\u201c genannt, ein. <\/p>\n\n\n\n<p>Teilweise erfolgt die Verarbeitung der Nutzerdaten auf Servern von Vimeo in den USA. Durch die Zertifizierung nach dem EU-US-Datenschutzschild (\u201eEU-US Privacy Shield\u201c) <\/p>\n\n\n\n<p><strong><a href=\"https:\/\/www.privacyshield.gov\/participant?id=a2zt00000008V77AAE&amp;status=Active \">https:\/\/www.privacyshield.gov\/participant?id=a2zt00000008V77AAE&amp;status=Active <\/a><\/strong><\/p>\n\n\n\n<p>garantiert Vimeo aber, dass die Datenschutzvorgaben der EU auch bei der Verarbeitung von Daten in den USA eingehalten werden. Rechtsgrundlage ist Art. 6 Abs. 1 lit. f) DSGVO. Unser berechtigtes Interesse liegt in der Qualit\u00e4tsverbesserung unseres Internetauftritts. Besuchen Sie eine Seite unseres Internetauftritts, in die ein Video eingebettet ist, wird zur Darstellung des Videos eine Verbindung zu den Servern von Vimeo in den USA hergestellt. Aus technischen Gr\u00fcnden ist es dabei notwendig, dass Vimeo Ihre IP &#8211; Adresse verarbeitet. Daneben werden aber auch Datum und Uhrzeit des Besuchs unserer Internetseiten erfasst. <\/p>\n\n\n\n<p>Sollten Sie gleichzeitig bei Vimeo eingeloggt sein, w\u00e4hrend Sie eine unserer Internetseiten besuchen, in die ein Vimeo-Video eingebettet ist, weist Vimeo die so gesammelten Informationen wom\u00f6glich Ihrem dortigen pers\u00f6nlichen Nutzerkonto zu. Wenn Sie das verhindern m\u00f6chten, m\u00fcssen Sie sich entweder vor dem Besuch unseres Internetauftritts bei Vimeo ausloggen oder Ihr Nutzerkonto bei Vimeo entsprechend konfigurieren. <\/p>\n\n\n\n<p>Zum Zwecke der Funktionalit\u00e4t und Nutzungsanalyse setzt Vimeo den Webanalysedienst Google Analytics ein. Durch Google Analytics werden Cookies \u00fcber Ihren Internet-Browser auf Ihrem Endger\u00e4t gespeichert und Informationen \u00fcber die Benutzung unserer Internetseiten, in die ein Vimeo- Video eingebettet ist, an Google \u00fcbersandt. Hierbei kann nicht ausgeschlossen werden, dass Google diese Informationen in den USA verarbeitet. <\/p>\n\n\n\n<p>Sofern Sie mit dieser Verarbeitung nicht einverstanden sind, haben Sie die M\u00f6glichkeit, die Installation der Cookies durch die entsprechenden Einstellungen in Ihrem Internet-Browser zu verhindern. Einzelheiten hierzu finden Sie vorstehend unter dem Punkt \u201eCookies\u201c. <\/p>\n\n\n\n<p>Rechtsgrundlage ist Art. 6 Abs. 1 lit. f) DSGVO. Unser berechtigtes Interesse liegt in der Qualit\u00e4tsverbesserung unseres Internetauftritts und in dem berechtigten Interesse von Vimeo , das Nutzerverhalten statistisch zu Optimierungs- und Marketingzwecken zu analysieren. <\/p>\n\n\n\n<p>Vimeo bietet unter http:\/\/vimeo.com\/privacy weitere Informationen zur Erhebung und Nutzung der Daten sowie zu Ihren Rechten und M\u00f6glichkeiten zum Schutz Ihrer Privatsph\u00e4re an. <\/p>\n\n\n\n<p><strong>Widerspruch Werbe-E-Mails <\/strong><\/p>\n\n\n\n<p>Es wird hiermit ausdr\u00fccklich der Nutzung von Kontaktdaten zur \u00dcbersendung von nicht explizit angeforderter Werbung und Infomaterialien widersprochen, welche im Rahmen der Impressumspflicht ver\u00f6ffentlicht werden m\u00fcssen. Rechtliche Schritte im Falle der unerw\u00fcnschten Zusendung von Werbeinformationen, wie beispielsweise durch Spam-E-Mails, behalten wir uns ausdr\u00fccklich vor. <\/p>\n\n\n\n<p><strong>YouTube <\/strong><\/p>\n\n\n\n<p>In unserem Internetauftritt setzen wir YouTube ein. Hierbei handelt es sich um ein Videoportal der YouTube LLC., 901 Cherry Ave., 94066 San Bruno, CA, USA, nachfolgend nur \u201eYouTube\u201c genannt. <\/p>\n\n\n\n<p>YouTube ist ein Tochterunternehmen der Google LLC., Gordon House, Barrow Street, Dublin 4, Irland, nachfolgend nur \u201eGoogle\u201c genannt. <\/p>\n\n\n\n<p>Durch die Zertifizierung nach dem EU-US-Datenschutzschild (\u201eEU-US Privacy Shield\u201c) <\/p>\n\n\n\n<p><strong><a href=\"https:\/\/www.privacyshield.gov\/participant?id=a2zt000000001L5AAI&amp;status=Active \">https:\/\/www.privacyshield.gov\/participant?id=a2zt000000001L5AAI&amp;status=Active <\/a><\/strong><\/p>\n\n\n\n<p>garantiert Google und damit auch das Tochterunternehmen YouTube, dass die Datenschutzvorgaben der EU auch bei der Verarbeitung von Daten in den USA eingehalten werden. <\/p>\n\n\n\n<p>Wir nutzen YouTube im Zusammenhang mit der Funktion \u201eErweiterter Datenschutzmodus\u201c, um Ihnen Videos anzeigen zu k\u00f6nnen. Rechtsgrundlage ist Art. 6 Abs. 1 lit. f) DSGVO. Unser berechtigtes Interesse liegt in der Qualit\u00e4tsverbesserung unseres Internetauftritts. Die Funktion \u201eErweiterter Datenschutzmodus\u201c bewirkt laut Angaben von YouTube, dass die nachfolgend noch n\u00e4her bezeichneten Daten nur dann an den Server von YouTube \u00fcbermittelt werden, wenn Sie ein Video auch tats\u00e4chlich starten.<\/p>\n\n\n\n<p>Ohne diesen \u201eErweiterten Datenschutz\u201c wird eine Verbindung zum Server von YouTube in den USA hergestellt, sobald Sie eine unserer Internetseiten, auf der ein YouTube-Video eingebettet ist, aufrufen. <\/p>\n\n\n\n<p>Diese Verbindung ist erforderlich, um das jeweilige Video auf unserer Internetseite \u00fcber Ihren Internet-Browser darstellen zu k\u00f6nnen. Im Zuge dessen wird YouTube zumindest Ihre IP-Adresse, das Datum nebst Uhrzeit sowie die von Ihnen besuchte Internetseite erfassen und verarbeiten. Zudem wird eine Verbindung zu dem Werbenetzwerk \u201eDoubleClick\u201c von Google hergestellt. Sollten Sie gleichzeitig bei YouTube eingeloggt sein, weist YouTube die Verbindungsinformationen Ihrem YouTube-Konto zu. Wenn Sie das verhindern m\u00f6chten, m\u00fcssen Sie sich entweder vor dem Besuch unseres Internetauftritts bei YouTube ausloggen oder die entsprechenden Einstellungen in Ihrem YouTube-Benutzerkonto vornehmen. <\/p>\n\n\n\n<p>Zum Zwecke der Funktionalit\u00e4t sowie zur Analyse des Nutzungsverhaltens speichert YouTube dauerhaft Cookies \u00fcber Ihren Internet-Browser auf Ihrem Endger\u00e4t. Falls Sie mit dieser Verarbeitung nicht einverstanden sind, haben Sie die M\u00f6glichkeit, die Speicherung der Cookies durch eine Einstellung in Ihrem Internet-Browsers zu verhindern. N\u00e4here Informationen hierzu finden Sie vorstehend unter \u201eCookies\u201c. <\/p>\n\n\n\n<p>Weitergehende Informationen \u00fcber die Erhebung und Nutzung von Daten sowie Ihre diesbez\u00fcglichen Rechte und Schutzm\u00f6glichkeiten h\u00e4lt Google in den unter <\/p>\n\n\n\n<p><strong><a href=\"https:\/\/policies.google.com\/privacy \">https:\/\/policies.google.com\/privacy <\/a><\/strong><\/p>\n\n\n\n<p>abrufbaren Datenschutzhinweisen bereit. <\/p>\n\n\n\n<p><\/p>\n\n\n\n<p><strong>Muster-Datenschutzerkl\u00e4rung <\/strong>der <strong>Anwaltskanzlei Wei\u00df &amp; Partner<\/strong><\/p>\n\n\n\n<div style=\"height:0px\" aria-hidden=\"true\" class=\"wp-block-spacer\"><\/div>\n<\/div>\n","protected":false},"excerpt":{"rendered":"<p>Datenschutzerkl\u00e4rung Personenbezogene Daten (nachfolgend zumeist nur \u201eDaten\u201c genannt) werden von uns nur im Rahmen der Erforderlichkeit sowie zum Zwecke der Bereitstellung eines funktionsf\u00e4higen und nutzerfreundlichen Internetauftritts, inklusive seiner Inhalte und der dort angebotenen Leistungen, verarbeitet. Gem\u00e4\u00df Art. 4 Ziffer 1. der Verordnung (EU) 2016\/679, also der Datenschutz-Grundverordnung (nachfolgend nur \u201eDSGVO\u201c genannt), gilt als \u201eVerarbeitung\u201c jeder [&hellip;]<\/p>\n","protected":false},"author":3,"featured_media":0,"parent":0,"menu_order":0,"comment_status":"closed","ping_status":"closed","template":"","meta":{"_locale":"de_DE","_original_post":"https:\/\/www.hallwang-clinic.com\/?page_id=1171","_htmlclass":"","_bodyclass":"","footnotes":""},"class_list":["post-1196","page","type-page","status-publish","hentry","de_DE","teaser-view"],"_links":{"self":[{"href":"https:\/\/www.hallwang-clinic.com\/wp-json\/wp\/v2\/pages\/1196","targetHints":{"allow":["GET"]}}],"collection":[{"href":"https:\/\/www.hallwang-clinic.com\/wp-json\/wp\/v2\/pages"}],"about":[{"href":"https:\/\/www.hallwang-clinic.com\/wp-json\/wp\/v2\/types\/page"}],"author":[{"embeddable":true,"href":"https:\/\/www.hallwang-clinic.com\/wp-json\/wp\/v2\/users\/3"}],"replies":[{"embeddable":true,"href":"https:\/\/www.hallwang-clinic.com\/wp-json\/wp\/v2\/comments?post=1196"}],"version-history":[{"count":5,"href":"https:\/\/www.hallwang-clinic.com\/wp-json\/wp\/v2\/pages\/1196\/revisions"}],"predecessor-version":[{"id":3643,"href":"https:\/\/www.hallwang-clinic.com\/wp-json\/wp\/v2\/pages\/1196\/revisions\/3643"}],"wp:attachment":[{"href":"https:\/\/www.hallwang-clinic.com\/wp-json\/wp\/v2\/media?parent=1196"}],"curies":[{"name":"wp","href":"https:\/\/api.w.org\/{rel}","templated":true}]}}