{"id":1286,"date":"2024-05-24T15:09:09","date_gmt":"2024-05-24T15:09:09","guid":{"rendered":"https:\/\/stage.hallwang2.smithberlin.com\/?page_id=1286"},"modified":"2025-04-02T12:10:30","modified_gmt":"2025-04-02T12:10:30","slug":"therapies","status":"publish","type":"page","link":"https:\/\/www.hallwang-clinic.com\/de_DE\/therapies\/","title":{"rendered":"Therapien"},"content":{"rendered":"\n<div class=\"wp-block-cover is-light under_menu_img_cover\" style=\"min-height:770px;aspect-ratio:unset;\"><span aria-hidden=\"true\" class=\"wp-block-cover__background has-background-dim\" style=\"background-color:#9e9d9c\"><\/span><img loading=\"lazy\" decoding=\"async\" width=\"1600\" height=\"1029\" class=\"wp-block-cover__image-background wp-image-5401\" alt=\"Zwei H\u00e4nde, die einander festhalten in Nahaufnahme.\" src=\"https:\/\/www.hallwang-clinic.com\/wp-content\/uploads\/2025\/01\/Hallwang_Clinic_Therapien.webp\" data-object-fit=\"cover\"\/><div class=\"wp-block-cover__inner-container\">\n<p class=\"has-text-align-center mini_title has-text-color has-link-color wp-elements-a7ccbad5c4fb27aad465cebd2b71fee7\" style=\"color:#ffffff\">FORTSCHRITTLICHE KREBSBEHANDLUNG AUF H\u00d6CHSTEM NIVEAU<\/p>\n\n\n\n<h1 class=\"wp-block-heading has-text-align-center has-text-color has-link-color wp-elements-a2b0128af577bf1d0dfa902dfc504ab8\" style=\"color:#ffffff\">THERAPIEN<\/h1>\n<\/div><\/div>\n\n\n\n<div class=\"wp-block-group therapi_page\">\n<div style=\"height:40px\" aria-hidden=\"true\" class=\"wp-block-spacer\"><\/div>\n\n\n\n<h2 class=\"wp-block-heading has-text-align-center\">Die heutigen krebstherapeutischen Herausforderungen erfordern L\u00f6sungen des 21. Jahrhunderts: gezielte und patientenorientierte Behandlungsstrategien. Das onkologische Team der Hallwang Private Oncology Clinic sucht f\u00fcr Sie nach optimalen und effektiven L\u00f6sungen mit Hilfe von individuellen und zielgerichteten Behandlungsstrategien.<\/h2>\n\n\n\n<div style=\"height:40px\" aria-hidden=\"true\" class=\"wp-block-spacer\"><\/div>\n\n\n\n<div class=\"wp-block-columns has_2magic_bgs_therapien\">\n<div class=\"wp-block-column has-background\" style=\"background-color:#ffffff\">\n<h2 class=\"wp-block-heading has-text-align-center like_h1\">Krebs&shy;therapien<\/h2>\n\n\n\n<p>Eine Anti-Tumortherapie kann je nach Krankheitsverlauf und Behandlungsziel unterschiedlich ausgerichtet sein \u2013 von kurativen Ans\u00e4tzen zur Heilung \u00fcber neoadjuvante und adjuvante Therapien bis hin zu palliativen Ma\u00dfnahmen zur Symptomlinderung. Um die effektivste Behandlung f\u00fcr jeden Patienten zu gew\u00e4hrleisten, analysieren wir sorgf\u00e4ltig alle verf\u00fcgbaren Therapieoptionen und passen sie individuell an.<\/p>\n\n\n\n<div class=\"wp-block-buttons\">\n<div class=\"wp-block-button\"><a class=\"wp-block-button__link wp-element-button\" href=\"https:\/\/www.hallwang-clinic.com\/?page_id=1569\">MEHR ERFAHREN<\/a><\/div>\n<\/div>\n<\/div>\n\n\n\n<div class=\"wp-block-column has-background\" style=\"background-color:#ffffff\">\n<h2 class=\"wp-block-heading has-text-align-center like_h1\">Immun&shy;therapien<\/h2>\n\n\n\n<p>Immuntherapien aktivieren das Immunsystem gezielt zur Bek\u00e4mpfung von Krebszellen. In den letzten Jahren hat die Forschung in diesem Bereich bedeutende Fortschritte gemacht, die zur Entwicklung neuer, hochwirksamer Behandlungsans\u00e4tze gef\u00fchrt haben. Diese innovativen Methoden haben zahlreiche Zulassungen erhalten und bieten neue Perspektiven f\u00fcr die personalisierte Krebstherapie.<\/p>\n\n\n\n<div class=\"wp-block-buttons\">\n<div class=\"wp-block-button\"><a class=\"wp-block-button__link wp-element-button\" href=\"https:\/\/www.hallwang-clinic.com\/?page_id=3172\">MEHR ERFAHREN<\/a><\/div>\n<\/div>\n<\/div>\n<\/div>\n\n\n\n<div style=\"height:82px\" aria-hidden=\"true\" class=\"wp-block-spacer\"><\/div>\n\n\n\n<div class=\"wp-block-group max_842 has-text-color has-background has-link-color wp-elements-d1217558b1a1d24540c3edfde68d46f0\" style=\"color:#000000;background-color:#ffffff\">\n<h3 class=\"wp-block-heading has-text-align-center\">Kontaktieren Sie uns.<br>Wir helfen Ihnen gern!<\/h3>\n\n\n\n<div class=\"wp-block-buttons\">\n<div class=\"wp-block-button\"><a class=\"wp-block-button__link has-text-align-center wp-element-button\" href=\"https:\/\/www.hallwang-clinic.com\/?page_id=1586\">JETZT KONTAKT AUFNEHMEN<\/a><\/div>\n<\/div>\n<\/div>\n<\/div>\n","protected":false},"excerpt":{"rendered":"<p>Die heutigen krebstherapeutischen Herausforderungen erfordern L\u00f6sungen des 21. Jahrhunderts: gezielte und patientenorientierte Behandlungsstrategien. Das onkologische Team der Hallwang Private Oncology Clinic sucht f\u00fcr Sie nach optimalen und effektiven L\u00f6sungen mit Hilfe von individuellen und zielgerichteten Behandlungsstrategien. Krebstherapien Eine Anti-Tumortherapie kann je nach Krankheitsverlauf und Behandlungsziel unterschiedlich ausgerichtet sein \u2013 von kurativen Ans\u00e4tzen zur Heilung \u00fcber [&hellip;]<\/p>\n","protected":false},"author":3,"featured_media":0,"parent":0,"menu_order":0,"comment_status":"closed","ping_status":"closed","template":"page_therapy.php","meta":{"_locale":"de_DE","_original_post":"https:\/\/www.hallwang-clinic.com\/?page_id=1262","_htmlclass":"","_bodyclass":"","footnotes":""},"class_list":["post-1286","page","type-page","status-publish","hentry","de_DE","teaser-view"],"_links":{"self":[{"href":"https:\/\/www.hallwang-clinic.com\/wp-json\/wp\/v2\/pages\/1286","targetHints":{"allow":["GET"]}}],"collection":[{"href":"https:\/\/www.hallwang-clinic.com\/wp-json\/wp\/v2\/pages"}],"about":[{"href":"https:\/\/www.hallwang-clinic.com\/wp-json\/wp\/v2\/types\/page"}],"author":[{"embeddable":true,"href":"https:\/\/www.hallwang-clinic.com\/wp-json\/wp\/v2\/users\/3"}],"replies":[{"embeddable":true,"href":"https:\/\/www.hallwang-clinic.com\/wp-json\/wp\/v2\/comments?post=1286"}],"version-history":[{"count":22,"href":"https:\/\/www.hallwang-clinic.com\/wp-json\/wp\/v2\/pages\/1286\/revisions"}],"predecessor-version":[{"id":5787,"href":"https:\/\/www.hallwang-clinic.com\/wp-json\/wp\/v2\/pages\/1286\/revisions\/5787"}],"wp:attachment":[{"href":"https:\/\/www.hallwang-clinic.com\/wp-json\/wp\/v2\/media?parent=1286"}],"curies":[{"name":"wp","href":"https:\/\/api.w.org\/{rel}","templated":true}]}}