{"id":1454,"date":"2024-05-29T11:05:18","date_gmt":"2024-05-29T11:05:18","guid":{"rendered":"https:\/\/stage.hallwang2.smithberlin.com\/?page_id=1454"},"modified":"2025-01-10T16:03:27","modified_gmt":"2025-01-10T16:03:27","slug":"ihr-weg-zu-uns","status":"publish","type":"page","link":"https:\/\/www.hallwang-clinic.com\/de_DE\/uber-uns\/ihr-weg-zu-uns\/","title":{"rendered":"Ihr Weg zu uns"},"content":{"rendered":"\n<div class=\"wp-block-group max_842 ur_way_page\">\n<p class=\"has-text-align-center mini_title\">Hallwang Clinic<\/p>\n\n\n\n<h1 class=\"wp-block-heading has-text-align-center\">Ihr Weg zu uns<\/h1>\n\n\n\n\n\n\n<h2 class=\"wp-block-heading has-text-align-center\">Wir bieten Ihnen einen \u00dcberblick \u00fcber die erforderlichen Schritte, bevor Sie unsere Klinik besuchen \u2013 und die ersten Tage ihres Aufenthalts.<\/h2>\n<\/div>\n\n\n\n<div style=\"height:27px\" aria-hidden=\"true\" class=\"wp-block-spacer\"><\/div>\n\n\n\n<figure class=\"wp-block-image aligncenter size-full\"><img loading=\"lazy\" decoding=\"async\" width=\"1060\" height=\"634\" src=\"https:\/\/www.hallwang-clinic.com\/wp-content\/uploads\/2025\/01\/Hallwang_Clinic_Medizinische_Assistenz-1.webp\" alt=\"Zwei medizinische Assistentinnen besprechen sich. Eine h\u00e4lt ein Tablet. \" class=\"wp-image-5385\"\/><\/figure>\n\n\n\n<div style=\"height:25px\" aria-hidden=\"true\" class=\"wp-block-spacer\"><\/div>\n\n\n\n<div class=\"wp-block-group max_842 ur_way_page\">\n<h2 class=\"wp-block-heading\">Schritt 1 \u2013<br>Kontakt aufnehmen<\/h2>\n\n\n\n<p>Sie k\u00f6nnen uns auf vielen Wegen erreichen, per Telefon\/Email\/Post. Unser Verwaltungsteam wird Ihnen bei allgemeinen Angelegenheiten, sowie finanziellen Fragen weiterhelfen. Auf Wunsch k\u00f6nnen Sie auch gerne einen Telefontermin\/R\u00fcckruf mit einem unserer \u00c4rzte vereinbaren.<\/p>\n\n\n\n<div style=\"height:40px\" aria-hidden=\"true\" class=\"wp-block-spacer\"><\/div>\n\n\n\n<div class=\"wp-block-columns has-background\" style=\"background-color:#ffffff\">\n<div class=\"wp-block-column\">\n<h2 class=\"wp-block-heading\">Wichtige Informationen<\/h2>\n\n\n\n<p>Damit wir uns mit Ihrem Fall vertraut machen k\u00f6nnen, bitten wir Sie vorab um die Zusendung der folgenden Informationen:<\/p>\n\n\n\n<ul class=\"wp-block-list\">\n<li>Genaue Angaben zur Krankheitsgeschichte\/Anamnese<\/li>\n\n\n\n<li>Aktuelle Testergebnisse (Labor, bildgebende Diagnostik wie MRT\/CT\/PET)<\/li>\n\n\n\n<li>Schriftliche Biopsieergebnisse, falls erforderlich<\/li>\n\n\n\n<li>Angabe der bis zum jetzigen Zeitpunkt erhaltenen Medikamente\/Behandlungen, wie. z.B. Chemotherapie, Bestrahlungstherapie, etc.<\/li>\n\n\n\n<li>Aktuelle Medikationsliste<\/li>\n<\/ul>\n\n\n\n<p>Die Dokumente m\u00fcssen in Englisch oder Deutsch verfasst sein, oder in eine dieser Sprachen \u00fcbersetzt sein.<\/p>\n<\/div>\n<\/div>\n\n\n\n<div style=\"height:30px\" aria-hidden=\"true\" class=\"wp-block-spacer\"><\/div>\n\n\n\n<p class=\"has_2magic_bgs_waypage\">Nach Eingang Ihrer Informationen, wird unser \u00c4rzteteam Ihren Fall gr\u00fcndlich pr\u00fcfen und interdisziplin\u00e4r diskutieren, um dann einen individuellen, vorl\u00e4ufigen Behandlungsplan und Kostenvoranschlag f\u00fcr Sie zu entwerfen (die endg\u00fcltige Version des Behandlungsplans und des Kostenvoranschlags wird erstellt, sobald Sie hier in unserer Klinik gr\u00fcndlich untersucht und die ersten diagnostischen Untersuchungen durchgef\u00fchrt worden sind. Der Plan kann sich je nach Ergebnis der Untersuchungen \u00e4ndern).<br><br>Bei Fragen zu dem vorl\u00e4ufigen Behandlungsplan k\u00f6nnen Sie gerne einen Telefontermin mit einem unserer \u00c4rzte vereinbaren &#8211; rufen Sie uns einfach an oder schreiben Sie uns.<\/p>\n\n\n\n<div style=\"height:1px\" aria-hidden=\"true\" class=\"wp-block-spacer\"><\/div>\n\n\n\n<h2 class=\"wp-block-heading\">Schritt 2 \u2013 <br>Die ersten Tage in unserer Klinik<\/h2>\n\n\n\n<p>Zu Beginn Ihres Aufenthalts lernen Sie unser Team und unsere Klinik in dem wundersch\u00f6nen Schwarzwald kennen. Unsere Mitarbeiter stehen Ihnen f\u00fcr Fragen gerne zur Verf\u00fcgung, mit dem Ziel, es Ihnen so angenehm wie m\u00f6glich in unserer Klinik zu machen. Bitte z\u00f6gern Sie nicht, uns anzusprechen. Jederzeit.<br><br><strong>Die erste Konsultation mit unserem \u00c4rzteteam in unserer Klinik beinhaltet:<\/strong><br><br><\/p>\n\n\n\n<ol class=\"wp-block-list\">\n<li>Eine ausf\u00fchrliche Besprechung der bereits erhaltenen und gesammelten medizinischen Unterlagen und evtl. Durchsicht neuer, von Ihnen zum Termin mitgebrachten Dokumente. Ausstehende Fragen zu Ihrer Gesundheit, Medikation, Allergien, und allgemeinen Krankengeschichte werden gekl\u00e4rt. Wir nehmen uns viel Zeit f\u00fcr Sie, um jegliche Unklarheiten zu beseitigen.<\/li>\n\n\n\n<li>Eine ausf\u00fchrliche k\u00f6rperliche Untersuchung.<\/li>\n\n\n\n<li>Die Erkl\u00e4rung der geplanten diagnostischen Untersuchungen und Therapieoptionen, basierend auf den bereits gesammelten Informationen und vorliegenden Untersuchungsergebnissen. Bei Unsicherheiten sprechen sie uns bitte an &#8211; wir erkl\u00e4ren Ihnen gerne jeden Therapiebaustein Schritt f\u00fcr Schritt- so oft wie notwendig. Denn wir wissen, dass eine erfolgreiche Therapie auf Vertrauen und Verst\u00e4ndnis basiert. Uns ist wichtig, dass unsere \u00c4rzte und Pflegekr\u00e4fte mit den Patienten zusammen an einem Strang ziehen.<\/li>\n\n\n\n<li>Basierend auf den vorliegenden Ergebnissen und der k\u00f6rperlichen Untersuchung, werden, falls notwendig und noch nicht im Vorfeld geschehen, weitere Termine f\u00fcr Sie vereinbart, wie z.B. Chemoperfusion, Hyperthermie, Bestrahlung, Bildgebung, etc. <\/li>\n<\/ol>\n\n\n\n<div style=\"height:55px\" aria-hidden=\"true\" class=\"wp-block-spacer\"><\/div>\n\n\n\n<div class=\"wp-block-columns max_842 has-background\" style=\"background-color:#ffffff\">\n<div class=\"wp-block-column\">\n<h3 class=\"wp-block-heading has-text-align-center\">Kontaktieren Sie uns.<br>Wir helfen Ihnen gern!<\/h3>\n\n\n\n<div class=\"wp-block-buttons\">\n<div class=\"wp-block-button\"><a class=\"wp-block-button__link wp-element-button\" href=\"https:\/\/www.hallwang-clinic.com\/?page_id=1586\">JETZT KONTAKT AUFNEHMEN<\/a><\/div>\n<\/div>\n<\/div>\n<\/div>\n<\/div>\n","protected":false},"excerpt":{"rendered":"<p>Hallwang Clinic Ihr Weg zu uns Wir bieten Ihnen einen \u00dcberblick \u00fcber die erforderlichen Schritte, bevor Sie unsere Klinik besuchen \u2013 und die ersten Tage ihres Aufenthalts. Schritt 1 \u2013Kontakt aufnehmen Sie k\u00f6nnen uns auf vielen Wegen erreichen, per Telefon\/Email\/Post. Unser Verwaltungsteam wird Ihnen bei allgemeinen Angelegenheiten, sowie finanziellen Fragen weiterhelfen. Auf Wunsch k\u00f6nnen Sie [&hellip;]<\/p>\n","protected":false},"author":3,"featured_media":0,"parent":788,"menu_order":0,"comment_status":"closed","ping_status":"closed","template":"","meta":{"_locale":"de_DE","_original_post":"https:\/\/www.hallwang-clinic.com\/?page_id=1427","_htmlclass":"","_bodyclass":"","footnotes":""},"class_list":["post-1454","page","type-page","status-publish","hentry","de_DE","teaser-view"],"_links":{"self":[{"href":"https:\/\/www.hallwang-clinic.com\/wp-json\/wp\/v2\/pages\/1454","targetHints":{"allow":["GET"]}}],"collection":[{"href":"https:\/\/www.hallwang-clinic.com\/wp-json\/wp\/v2\/pages"}],"about":[{"href":"https:\/\/www.hallwang-clinic.com\/wp-json\/wp\/v2\/types\/page"}],"author":[{"embeddable":true,"href":"https:\/\/www.hallwang-clinic.com\/wp-json\/wp\/v2\/users\/3"}],"replies":[{"embeddable":true,"href":"https:\/\/www.hallwang-clinic.com\/wp-json\/wp\/v2\/comments?post=1454"}],"version-history":[{"count":24,"href":"https:\/\/www.hallwang-clinic.com\/wp-json\/wp\/v2\/pages\/1454\/revisions"}],"predecessor-version":[{"id":5697,"href":"https:\/\/www.hallwang-clinic.com\/wp-json\/wp\/v2\/pages\/1454\/revisions\/5697"}],"up":[{"embeddable":true,"href":"https:\/\/www.hallwang-clinic.com\/wp-json\/wp\/v2\/pages\/788"}],"wp:attachment":[{"href":"https:\/\/www.hallwang-clinic.com\/wp-json\/wp\/v2\/media?parent=1454"}],"curies":[{"name":"wp","href":"https:\/\/api.w.org\/{rel}","templated":true}]}}