{"id":1494,"date":"2024-05-29T12:44:11","date_gmt":"2024-05-29T12:44:11","guid":{"rendered":"https:\/\/stage.hallwang2.smithberlin.com\/?page_id=1494"},"modified":"2025-01-16T09:57:46","modified_gmt":"2025-01-16T09:57:46","slug":"philosophie","status":"publish","type":"page","link":"https:\/\/www.hallwang-clinic.com\/de_DE\/uber-uns\/philosophie\/","title":{"rendered":"Philosophie"},"content":{"rendered":"\n<div class=\"wp-block-group max_842\">\n<p class=\"has-text-align-center mini_title\">Hallwang Clinic<\/p>\n\n\n\n<h1 class=\"wp-block-heading has-text-align-center\">Philosophie<\/h1>\n\n\n\n<div style=\"height:18px\" aria-hidden=\"true\" class=\"wp-block-spacer pc_only\"><\/div>\n\n\n\n<h2 class=\"wp-block-heading has-text-align-center\">Menschen in einer schwierigen Situation zu helfen und ihnen sowie ihren Familien durchgehend und kompetent zur Seite zu stehen, das ist unser h\u00f6chstes Anliegen.<\/h2>\n\n\n\n\n\n\n<div style=\"height:4px\" aria-hidden=\"true\" class=\"wp-block-spacer pc_only\"><\/div>\n<\/div>\n\n\n\n<p class=\"has-public-sans-font-family has-14-px-font-size\" style=\"line-height:2\"><\/p>\n\n\n\n<figure class=\"wp-block-image aligncenter size-full\"><img loading=\"lazy\" decoding=\"async\" width=\"1060\" height=\"634\" src=\"https:\/\/www.hallwang-clinic.com\/wp-content\/uploads\/2025\/01\/Hallwang_Clinic_Aussenansicht-1.webp\" alt=\"\" class=\"wp-image-5474\" style=\"aspect-ratio:16\/9;object-fit:cover\"\/><\/figure>\n\n\n\n<p class=\"has-public-sans-font-family has-14-px-font-size\" style=\"line-height:2\"><\/p>\n\n\n\n<div style=\"height:25px\" aria-hidden=\"true\" class=\"wp-block-spacer\"><\/div>\n\n\n\n<div class=\"wp-block-group max_842\">\n<h2 class=\"wp-block-heading\">Was uns auszeichnet<\/h2>\n\n\n\n<p>Die Hallwang Clinic ist eine hoch-spezialisierte onkologische Privatklinik, die Patienten in einer schwierigen Situation helfen kann. Im Gegensatz zu den sogenannten \u201eAlternativkliniken\u201c besteht das \u00c4rzteteam aus zertifizierten und staatlich gepr\u00fcften Fach\u00e4rzten der Onkologie und H\u00e4matologie, sowie Fach\u00e4rzten f\u00fcr Innere Medizin, Heilpraktikern, spezialisierten Psychologen und onkologischen Krankenschwestern.<\/p>\n\n\n\n<div style=\"height:40px\" aria-hidden=\"true\" class=\"wp-block-spacer\"><\/div>\n\n\n\n<div class=\"wp-block-columns has-background\" style=\"background-color:#ffffff\">\n<div class=\"wp-block-column\">\n<div style=\"height:20px\" aria-hidden=\"true\" class=\"wp-block-spacer\"><\/div>\n\n\n\n<figure class=\"wp-block-image aligncenter size-full is-resized is-style-rounded\"><img loading=\"lazy\" decoding=\"async\" width=\"152\" height=\"152\" src=\"https:\/\/www.hallwang-clinic.com\/wp-content\/uploads\/2024\/05\/02_HAL-Zitat\u2013Profilbild.webp\" alt=\"\" class=\"wp-image-1476\" style=\"width:76px\"\/><\/figure>\n\n\n\n<p class=\"has-text-align-center has-gb-font-family has-24-px-font-size\" style=\"line-height:1.55\"><strong>\u201eIn unserer onkologischen Privatklinik suchen wir nach den effektivsten Therapiestrategien, die zu den individuellen Merkmalen der Krankengeschichte und des Krankheitszustands des Patienten passen.\u201c<\/strong><\/p>\n\n\n\n<p class=\"has-text-align-center mini_title\">DR. NOLTING, FACHARZT ONKOLOGIE<\/p>\n<\/div>\n<\/div>\n\n\n\n<div style=\"height:33px\" aria-hidden=\"true\" class=\"wp-block-spacer\"><\/div>\n\n\n\n<p>Bei stark vorbehandelten Patienten werden zielgerichtete Therapien auf der Grundlage von molekular-genetischen und immuntherapeutisch relevanten Biomarkeranalysen diskutiert, die genetisch zielgerichtete Therapien und Immuntherapien erm\u00f6glichen. Die Anwendung der Biomarkeranalyse hat sich in der Onkologie in den letzten Jahren rasch entwickelt. Die Immuntherapie ist ein komplexes Gebiet und sollte nur durch immuntherapeutisch langj\u00e4hrig erfahrene Onkologen verwendet werden. Zum Einen, weil es viele Biomarkerkonstellationen gibt, die bei der Entscheidungsfindung zu ber\u00fccksichtigen sind, ob ein Patient von einer zielgerichteten <a href=\"https:\/\/www.hallwang-clinic.com\/?page_id=1330&amp;lang=en\" data-type=\"page\" data-id=\"1330\"><strong>Immuntherapie<\/strong><\/a> profitieren kann oder nicht. Zum Anderen erfordern eventuelle Komplikationen ein fundiertes Wissen, um die Effektivit\u00e4t und die Risiken dieser Therapien zu kontrollieren.<\/p>\n\n\n\n<div style=\"height:10px\" aria-hidden=\"true\" class=\"wp-block-spacer\"><\/div>\n\n\n\n<h2 class=\"wp-block-heading\">Unser Netzwerk<\/h2>\n\n\n\n<p>Durch die Einbettung in einem kooperativen Netzwerk mit Universit\u00e4tskliniken und Universit\u00e4tsinstituten haben wir Zugriff auf die fortschrittlichsten diagnostischen und therapeutischen Strategien. Wir stehen dazu, dass wir offen f\u00fcr komplement\u00e4re Ans\u00e4tze sind, auch wenn es leider oft ungerechtfertigter Weise als Anlass zur Kritik genommen wird, wenn unsere ausserordentlichen Behandlungserfolge von der Presse und von unseren Patienten erw\u00e4hnt werden.<br><br><strong>Des Weiteren umfasst unser therapeutisches Spektrum als zertifizierte spezialisierte onkologische Privatklinik insbesondere die Verwendung von Immuntherapien und pr\u00e4zisionsbasierten medizinischen Ans\u00e4tzen.<\/strong><\/p>\n\n\n\n<div style=\"height:55px\" aria-hidden=\"true\" class=\"wp-block-spacer\"><\/div>\n\n\n\n<div class=\"wp-block-columns has-background\" style=\"background-color:#ffffff\">\n<div class=\"wp-block-column\">\n<p>Die zertifizierten fach\u00e4rztlichen Onkologen der Hallwang Private Oncology Clinic haben Erfahrungen in renommierten Universit\u00e4tsinstituten und Universit\u00e4tsklinken in Deutschland und weltweit gesammelt \u2013 darunter das Zentrum f\u00fcr Integrierte Onkologie des <strong>Universit\u00e4tsklinikums K\u00f6ln<\/strong> und des <strong>Universit\u00e4tsklinikums Bonn<\/strong>, das <strong>Dana Farber Cancer Institute<\/strong> der<strong> Harvard Medical School in Boston<\/strong> (USA), das <strong>Sidney Kimmel Comprehensive Cancer Center<\/strong> des <strong>Johns Hopkins Hospital in Baltimore <\/strong>(USA), das <strong>Walter and Eliza Hall Institute<\/strong> (Australien) und andere renommierte Krebsforschungsinstitute. Dar\u00fcber hinaus sind die spezialisierten Onkologen Mitglieder der Europ\u00e4ischen Gesellschaft f\u00fcr medizinische Onkologie und tragen unter anderem das ESMO-Zertifikat f\u00fcr Onkologie, bzw. sind Mitglieder der Deutschen Gesellschaft f\u00fcr H\u00e4matologie und Onkologie (DGHO). Unserer \u00c4rzte haben einen fundierten experimentell-wissenschaftlichen Hintergrund, insbesondere in der Immunonkologie. Vor Ort gibt es immer ein onkologisches Team. Das ambulante Zentrum wird auch von diesem onkologischen Team betreut. Dieses Team arbeitet basierend auf den st\u00e4ndig aktualisierten internationalen Richtlinien f\u00fcr Krebstherapien. Sie k\u00f6nnen jedoch weitere Therapiem\u00f6glichkeiten f\u00fcr Patienten anbieten, die einen individualisierten Therapieansatz au\u00dferhalb klinischer Studien ben\u00f6tigen.<\/p>\n<\/div>\n<\/div>\n\n\n\n<div style=\"height:45px\" aria-hidden=\"true\" class=\"wp-block-spacer\"><\/div>\n<\/div>\n\n\n\n<figure class=\"wp-block-image size-full full_width_banner\"><img loading=\"lazy\" decoding=\"async\" width=\"1440\" height=\"750\" src=\"https:\/\/www.hallwang-clinic.com\/wp-content\/uploads\/2025\/01\/Hallwang_Onkologen.webp\" alt=\"Das Hallwang Team im Austausch mit einer Patientin im Garten der Clinic.\" class=\"wp-image-5371\"\/><\/figure>\n\n\n\n<p class=\"has-14-px-font-size\" style=\"line-height:2\"><\/p>\n\n\n\n<div style=\"height:15px\" aria-hidden=\"true\" class=\"wp-block-spacer\"><\/div>\n\n\n\n<div class=\"wp-block-group max_842\">\n<p>Unsere \u00c4rzte haben einen fundierten experimentell-wissenschaftlichen Hintergrund, insbesondere in der Immunonkologie. Vor Ort gibt es immer ein onkologisches Team. Das ambulante Zentrum wird auch von diesem onkologischen Team betreut. Dieses Team arbeitet basierend auf den st\u00e4ndig aktualisierten internationalen Richtlinien f\u00fcr Krebstherapien. Sie k\u00f6nnen jedoch weitere Therapiem\u00f6glichkeiten f\u00fcr Patienten anbieten, die einen individualisierten Therapieansatz au\u00dferhalb klinischer Studien ben\u00f6tigen.<\/p>\n\n\n\n<p><strong>Unsere Philosophie ist es, ein hochpersonalisiertes Behandlungskonzept f\u00fcr all unsere Patienten auszuloten, inklusive:<\/strong><br><\/p>\n\n\n\n<ul class=\"wp-block-list\">\n<li>State-of-the-art Diagnostik (einschlie\u00dflich PET-\/CT-\/MRT-\/MR-PET-Bildgebung, Chemosensitivit\u00e4tstest der n\u00e4chsten Generation \u2013 2D-Modell, Immunprofiling, Genomic Profiling (NGS\/Amplifikationen\/Translokationen), TAA-Screening) und Weitere<\/li>\n\n\n\n<li>Patientenindividualisierte Behandlungsoptionen mit Zugang zu innovativen hochpr\u00e4zisen Therapien, einschlie\u00dflich gezielter Antik\u00f6rpertherapien, Immune priming und anderer Immuntherapien<\/li>\n\n\n\n<li>Optimierte Leitlinienprotokolle, einschlie\u00dflich moderner interventioneller Therapieprotokolle (z. B. CyberKnife, HIFU, nuklearmedizinische zielgerichtete Therapien und Weitere<\/li>\n\n\n\n<li>Hervorragende Ern\u00e4hrung und Physiotherapie nach Ihren individuellen Bed\u00fcrfnissen Komplement\u00e4re Therapien, einschlie\u00dflich naturheilkundlicher Erg\u00e4nzungen und Behandlungen, orthomolekularer Medizin, Komplement\u00e4r-\/Detox-Infusionen, Ganzk\u00f6rperhyperthermie und weitere psychologische Unterst\u00fctzung<\/li>\n\n\n\n<li>Eine warme und f\u00fcrsorgliche, sowie famili\u00e4re Umgebung<\/li>\n\n\n\n<li>Intensive \u00dcberwachungsm\u00f6glichkeiten, einschlie\u00dflich eines hohen Verh\u00e4ltnisses von Pflegepersonal zu Patienten<\/li>\n<\/ul>\n<\/div>\n","protected":false},"excerpt":{"rendered":"<p>Hallwang Clinic Philosophie Menschen in einer schwierigen Situation zu helfen und ihnen sowie ihren Familien durchgehend und kompetent zur Seite zu stehen, das ist unser h\u00f6chstes Anliegen. Was uns auszeichnet Die Hallwang Clinic ist eine hoch-spezialisierte onkologische Privatklinik, die Patienten in einer schwierigen Situation helfen kann. Im Gegensatz zu den sogenannten \u201eAlternativkliniken\u201c besteht das \u00c4rzteteam [&hellip;]<\/p>\n","protected":false},"author":3,"featured_media":0,"parent":788,"menu_order":0,"comment_status":"closed","ping_status":"closed","template":"","meta":{"_locale":"de_DE","_original_post":"https:\/\/www.hallwang-clinic.com\/?page_id=1469","_htmlclass":"","_bodyclass":"","footnotes":""},"class_list":["post-1494","page","type-page","status-publish","hentry","de_DE","teaser-view"],"_links":{"self":[{"href":"https:\/\/www.hallwang-clinic.com\/wp-json\/wp\/v2\/pages\/1494","targetHints":{"allow":["GET"]}}],"collection":[{"href":"https:\/\/www.hallwang-clinic.com\/wp-json\/wp\/v2\/pages"}],"about":[{"href":"https:\/\/www.hallwang-clinic.com\/wp-json\/wp\/v2\/types\/page"}],"author":[{"embeddable":true,"href":"https:\/\/www.hallwang-clinic.com\/wp-json\/wp\/v2\/users\/3"}],"replies":[{"embeddable":true,"href":"https:\/\/www.hallwang-clinic.com\/wp-json\/wp\/v2\/comments?post=1494"}],"version-history":[{"count":33,"href":"https:\/\/www.hallwang-clinic.com\/wp-json\/wp\/v2\/pages\/1494\/revisions"}],"predecessor-version":[{"id":5478,"href":"https:\/\/www.hallwang-clinic.com\/wp-json\/wp\/v2\/pages\/1494\/revisions\/5478"}],"up":[{"embeddable":true,"href":"https:\/\/www.hallwang-clinic.com\/wp-json\/wp\/v2\/pages\/788"}],"wp:attachment":[{"href":"https:\/\/www.hallwang-clinic.com\/wp-json\/wp\/v2\/media?parent=1494"}],"curies":[{"name":"wp","href":"https:\/\/api.w.org\/{rel}","templated":true}]}}