{"id":1545,"date":"2024-05-29T14:14:25","date_gmt":"2024-05-29T14:14:25","guid":{"rendered":"https:\/\/stage.hallwang2.smithberlin.com\/?page_id=1545"},"modified":"2025-03-10T15:28:06","modified_gmt":"2025-03-10T15:28:06","slug":"onkologen","status":"publish","type":"page","link":"https:\/\/www.hallwang-clinic.com\/de_DE\/uber-uns\/onkologen\/","title":{"rendered":"Onkologen"},"content":{"rendered":"\n<div class=\"wp-block-group\">\n<p class=\"has-text-align-center mini_title\">Hallwang Clinic<\/p>\n\n\n\n<h1 class=\"wp-block-heading has-text-align-center\">Onkologen<\/h1>\n\n\n\n\n\n\n<h2 class=\"wp-block-heading has-text-align-center\">Die Fach\u00e4rzte der Hallwang Privat-Onkologie-Klinik haben umfang&shy;reiche Erfah&shy;rungen in renommierten Uni&shy;versi&shy;t\u00e4ten und Forschungs&shy;ein&shy;rich&shy;tung&shy;en welt&shy;weit ge&shy;sam&shy;melt. Sie sind Mitglieder angesehener medizinischer Organi&shy;sationen wie der Europ\u00e4ischen Gesellschaft f\u00fcr medizinische Onkologie und der Deutschen Gesellschaft f\u00fcr H\u00e4matologie und Onkologie. Besonders in der Immun&shy;onkologie haben sie tief&shy;gehende, spezialisierte Kennt&shy;nisse und umfang&shy;reiche Expertise.<\/h2>\n<\/div>\n\n\n\n<div style=\"height:20px\" aria-hidden=\"true\" class=\"wp-block-spacer\"><\/div>\n\n\n\n<div class=\"wp-block-group alignwide section_9 testi_page\">\n<div class=\"wp-block-group\">\n<div style=\"height:25px\" aria-hidden=\"true\" class=\"wp-block-spacer\"><\/div>\n\n\n\n<div data-wp-context=\"{}\" data-wp-interactive=\"core\/query\" data-wp-key=\"19\" data-wp-router-region=\"query-19\" class=\"wp-block-query\"><ul class=\"columns-3 swiper-wrapper wp-block-post swiper-slide-template\"><li data-wp-key=\"post-template-item-1536\" class=\"wp-block-post swiper-slide post-1536 team type-team status-publish has-post-thumbnail hentry departament-onkologie de_DE teaser-view\">\n<figure style=\"width:406px;\" class=\"wp-block-post swiper-slide-featured-image\"><a href=\"https:\/\/www.hallwang-clinic.com\/de_DE\/team\/dr-nolting\/\" target=\"_self\"  ><img loading=\"lazy\" decoding=\"async\" width=\"812\" height=\"1000\" src=\"https:\/\/www.hallwang-clinic.com\/wp-content\/uploads\/2024\/05\/Dr_Nolting-1.webp\" class=\"attachment-post-thumbnail size-post-thumbnail ratio-portrait wp-post-image\" alt=\"Dr. Jens Nolting\" style=\"object-fit:cover;\" \/><\/a><\/figure>\n\n<h3 class=\"wp-block-post swiper-slide-title\"><a href=\"https:\/\/www.hallwang-clinic.com\/de_DE\/team\/dr-nolting\/\" target=\"_self\" >Dr. Jens Nolting<\/a><\/h3>\n\n<div class=\"taxonomy-departament wp-block-post swiper-slide-terms\"><a href=\"https:\/\/www.hallwang-clinic.com\/de_DE\/departament\/onkologie\/\" rel=\"tag\">Onkologie<\/a><\/div>\n<\/li><li data-wp-key=\"post-template-item-1533\" class=\"wp-block-post swiper-slide post-1533 team type-team status-publish has-post-thumbnail hentry departament-onkologie de_DE teaser-view\">\n<figure style=\"width:406px;\" class=\"wp-block-post swiper-slide-featured-image\"><a href=\"https:\/\/www.hallwang-clinic.com\/de_DE\/team\/dr-zarouff\/\" target=\"_self\"  ><img loading=\"lazy\" decoding=\"async\" width=\"812\" height=\"1000\" src=\"https:\/\/www.hallwang-clinic.com\/wp-content\/uploads\/2024\/05\/02_HAL-Zarouff.webp\" class=\"attachment-post-thumbnail size-post-thumbnail ratio-portrait wp-post-image\" alt=\"Dr. Ali Alreda Zarouff\" style=\"object-fit:cover;\" \/><\/a><\/figure>\n\n<h3 class=\"wp-block-post swiper-slide-title\"><a href=\"https:\/\/www.hallwang-clinic.com\/de_DE\/team\/dr-zarouff\/\" target=\"_self\" >Dr. Ali Alreda Zarouff<\/a><\/h3>\n\n<div class=\"taxonomy-departament wp-block-post swiper-slide-terms\"><a href=\"https:\/\/www.hallwang-clinic.com\/de_DE\/departament\/onkologie\/\" rel=\"tag\">Onkologie<\/a><\/div>\n<\/li><li data-wp-key=\"post-template-item-5687\" class=\"wp-block-post swiper-slide post-5687 team type-team status-publish has-post-thumbnail hentry departament-onkologie de_DE teaser-view\">\n<figure style=\"width:406px;\" class=\"wp-block-post swiper-slide-featured-image\"><a href=\"https:\/\/www.hallwang-clinic.com\/de_DE\/team\/greg-schwarz\/\" target=\"_self\"  ><img loading=\"lazy\" decoding=\"async\" width=\"812\" height=\"1000\" src=\"https:\/\/www.hallwang-clinic.com\/wp-content\/uploads\/2025\/03\/Schwarz.webp\" class=\"attachment-post-thumbnail size-post-thumbnail ratio-portrait wp-post-image\" alt=\"Greg Schwarz\" style=\"object-fit:cover;\" \/><\/a><\/figure>\n\n<h3 class=\"wp-block-post swiper-slide-title\"><a href=\"https:\/\/www.hallwang-clinic.com\/de_DE\/team\/greg-schwarz\/\" target=\"_self\" >Greg Schwarz<\/a><\/h3>\n\n<div class=\"taxonomy-departament wp-block-post swiper-slide-terms\"><a href=\"https:\/\/www.hallwang-clinic.com\/de_DE\/departament\/onkologie\/\" rel=\"tag\">Onkologie<\/a><\/div>\n<\/li><li data-wp-key=\"post-template-item-1539\" class=\"wp-block-post swiper-slide post-1539 team type-team status-publish has-post-thumbnail hentry departament-onkologie de_DE teaser-view\">\n<figure style=\"width:406px;\" class=\"wp-block-post swiper-slide-featured-image\"><a href=\"https:\/\/www.hallwang-clinic.com\/de_DE\/team\/dr-fedorova\/\" target=\"_self\"  ><img loading=\"lazy\" decoding=\"async\" width=\"812\" height=\"1000\" src=\"https:\/\/www.hallwang-clinic.com\/wp-content\/uploads\/2024\/05\/03_HAL-Fedorova.webp\" class=\"attachment-post-thumbnail size-post-thumbnail ratio-portrait wp-post-image\" alt=\"Dr. Natalia Fedorova\" style=\"object-fit:cover;\" \/><\/a><\/figure>\n\n<h3 class=\"wp-block-post swiper-slide-title\"><a href=\"https:\/\/www.hallwang-clinic.com\/de_DE\/team\/dr-fedorova\/\" target=\"_self\" >Dr. Natalia Fedorova<\/a><\/h3>\n\n<div class=\"taxonomy-departament wp-block-post swiper-slide-terms\"><a href=\"https:\/\/www.hallwang-clinic.com\/de_DE\/departament\/onkologie\/\" rel=\"tag\">Onkologie<\/a><\/div>\n<\/li><\/ul>\n\n\n<div class=\"controls_wrapper\"><div class=\"swiper-button-next\"><\/div><div class=\"swiper-button-prev\"><\/div><div class=\"swiper-pagination\"><\/div><\/div>\n<\/div>\n<\/div>\n<\/div>\n\n\n\n<div style=\"height:59px\" aria-hidden=\"true\" class=\"wp-block-spacer\"><\/div>\n\n\n\n<div class=\"wp-block-columns alignwide\">\n<div class=\"wp-block-column\" style=\"flex-basis:50%\">\n<figure class=\"wp-block-image size-full borderraius_5_left\"><img loading=\"lazy\" decoding=\"async\" width=\"2560\" height=\"1709\" src=\"https:\/\/www.hallwang-clinic.com\/wp-content\/uploads\/2025\/03\/Hallwang_5_20_-70-scaled.jpg\" alt=\"\" class=\"wp-image-5677\" style=\"object-fit:cover\"\/><\/figure>\n<\/div>\n\n\n\n<div class=\"wp-block-column p_41\" style=\"flex-basis:50%\">\n<h2 class=\"wp-block-heading alignwide has-text-align-left like_h1\">Ihr Team<\/h2>\n\n\n\n<p>Neben den Onkologen, H\u00e4matologen und Fach\u00e4rtzen f\u00fcr Innere Medizin besteht unser medizinisches Team auch aus Heilpraktikern, spezialisierten Psychologen und onkologischen Pflegekr\u00e4ften.<\/p>\n\n\n\n<div class=\"wp-block-buttons\">\n<div class=\"wp-block-button\"><a class=\"wp-block-button__link wp-element-button\" href=\"https:\/\/www.hallwang-clinic.com\/uber-uns\/team\/\">MEHR ERFAHREN<\/a><\/div>\n<\/div>\n<\/div>\n<\/div>\n\n\n\n<div style=\"height:87px\" aria-hidden=\"true\" class=\"wp-block-spacer\"><\/div>\n\n\n\n<div class=\"wp-block-columns max_842 has-background\" style=\"background-color:#fffefe\">\n<div class=\"wp-block-column\" style=\"flex-basis:842px\">\n<h3 class=\"wp-block-heading has-text-align-center\">Kontaktieren Sie uns.<br>Wir helfen Ihnen gern!<\/h3>\n\n\n\n<div class=\"wp-block-buttons\">\n<div class=\"wp-block-button\"><a class=\"wp-block-button__link has-text-align-center wp-element-button\" href=\"https:\/\/www.hallwang-clinic.com\/?page_id=1586\">JETZT KONTAKT AUFNEHMEN<\/a><\/div>\n<\/div>\n<\/div>\n<\/div>\n","protected":false},"excerpt":{"rendered":"<p>Hallwang Clinic Onkologen Die Fach\u00e4rzte der Hallwang Privat-Onkologie-Klinik haben umfangreiche Erfahrungen in renommierten Universit\u00e4ten und Forschungseinrichtungen weltweit gesammelt. Sie sind Mitglieder angesehener medizinischer Organisationen wie der Europ\u00e4ischen Gesellschaft f\u00fcr medizinische Onkologie und der Deutschen Gesellschaft f\u00fcr H\u00e4matologie und Onkologie. Besonders in der Immunonkologie haben sie tiefgehende, spezialisierte Kenntnisse und umfangreiche Expertise. Ihr Team Neben den [&hellip;]<\/p>\n","protected":false},"author":3,"featured_media":0,"parent":788,"menu_order":0,"comment_status":"closed","ping_status":"closed","template":"page_oncologists.php","meta":{"_locale":"de_DE","_original_post":"https:\/\/www.hallwang-clinic.com\/?page_id=1514","_htmlclass":"","_bodyclass":"","footnotes":""},"class_list":["post-1545","page","type-page","status-publish","hentry","de_DE","teaser-view"],"_links":{"self":[{"href":"https:\/\/www.hallwang-clinic.com\/wp-json\/wp\/v2\/pages\/1545","targetHints":{"allow":["GET"]}}],"collection":[{"href":"https:\/\/www.hallwang-clinic.com\/wp-json\/wp\/v2\/pages"}],"about":[{"href":"https:\/\/www.hallwang-clinic.com\/wp-json\/wp\/v2\/types\/page"}],"author":[{"embeddable":true,"href":"https:\/\/www.hallwang-clinic.com\/wp-json\/wp\/v2\/users\/3"}],"replies":[{"embeddable":true,"href":"https:\/\/www.hallwang-clinic.com\/wp-json\/wp\/v2\/comments?post=1545"}],"version-history":[{"count":26,"href":"https:\/\/www.hallwang-clinic.com\/wp-json\/wp\/v2\/pages\/1545\/revisions"}],"predecessor-version":[{"id":5693,"href":"https:\/\/www.hallwang-clinic.com\/wp-json\/wp\/v2\/pages\/1545\/revisions\/5693"}],"up":[{"embeddable":true,"href":"https:\/\/www.hallwang-clinic.com\/wp-json\/wp\/v2\/pages\/788"}],"wp:attachment":[{"href":"https:\/\/www.hallwang-clinic.com\/wp-json\/wp\/v2\/media?parent=1545"}],"curies":[{"name":"wp","href":"https:\/\/api.w.org\/{rel}","templated":true}]}}