{"id":1551,"date":"2024-05-29T15:21:41","date_gmt":"2024-05-29T15:21:41","guid":{"rendered":"https:\/\/stage.hallwang2.smithberlin.com\/?page_id=1551"},"modified":"2024-11-29T08:16:56","modified_gmt":"2024-11-29T08:16:56","slug":"team","status":"publish","type":"page","link":"https:\/\/www.hallwang-clinic.com\/de_DE\/uber-uns\/team\/","title":{"rendered":"TEAM"},"content":{"rendered":"\n<div style=\"height:30px\" aria-hidden=\"true\" class=\"wp-block-spacer\"><\/div>\n\n\n\n<p class=\"has-text-align-center miti_title has-text-color has-link-color wp-elements-f7defc45c5c58d8fd16f891a785f9c7f\" style=\"color:#000000\"><strong>Hallwang Clinic<\/strong><\/p>\n\n\n\n<h1 class=\"wp-block-heading has-text-align-center has-text-color has-link-color wp-elements-eda1cec330828ad7a7f13c544e0306e7\" style=\"color:#000000\">Team<\/h1>\n\n\n\n\n\n\n<h2 class=\"wp-block-heading\">Ihr Krankenpflegeteam<\/h2>\n\n\n\n<p>Unser Pflegeteam aus erfahrenen und kompetenten Pflegekr\u00e4ften ist ein wichtiger Bestandteil Ihrer Erfahrung in der Hallwang Klinik. Unsere Pflegekr\u00e4fte sind rund um die Uhr an Ihrer Seite, und sorgen f\u00fcr einen reibungslosen und angenehmen Ablauf.<\/p>\n\n\n\n<div class=\"wp-block-group alignwide section_9 testi_page\">\n<div class=\"wp-block-group\">\n<div style=\"height:25px\" aria-hidden=\"true\" class=\"wp-block-spacer\"><\/div>\n\n\n\n<div data-wp-context=\"{}\" data-wp-interactive=\"core\/query\" data-wp-key=\"19\" data-wp-router-region=\"query-19\" class=\"wp-block-query\"><ul class=\"columns-3 swiper-wrapper wp-block-post swiper-slide-template\"><li data-wp-key=\"post-template-item-2109\" class=\"wp-block-post swiper-slide post-2109 team type-team status-publish has-post-thumbnail hentry departament-pflegeteam de_DE teaser-view\">\n<figure style=\"width:406px;\" class=\"wp-block-post swiper-slide-featured-image\"><img loading=\"lazy\" decoding=\"async\" width=\"812\" height=\"1000\" src=\"https:\/\/www.hallwang-clinic.com\/wp-content\/uploads\/2024\/05\/02_HAL-Achim.webp\" class=\"attachment-post-thumbnail size-post-thumbnail ratio-portrait wp-post-image\" alt=\"02_HAL-Achim\" style=\"object-fit:cover;\" \/><\/figure>\n\n<h3 class=\"wp-block-post swiper-slide-title\">Achim<\/h3>\n\n<div class=\"taxonomy-departament wp-block-post swiper-slide-terms\"><a href=\"https:\/\/www.hallwang-clinic.com\/de_DE\/departament\/pflegeteam\/\" rel=\"tag\">Pflegeteam<\/a><\/div>\n<\/li><li data-wp-key=\"post-template-item-2116\" class=\"wp-block-post swiper-slide post-2116 team type-team status-publish has-post-thumbnail hentry departament-pflegeteam de_DE teaser-view\">\n<figure style=\"width:406px;\" class=\"wp-block-post swiper-slide-featured-image\"><img loading=\"lazy\" decoding=\"async\" width=\"812\" height=\"1000\" src=\"https:\/\/www.hallwang-clinic.com\/wp-content\/uploads\/2024\/05\/10_HAL-Wilfried.webp\" class=\"attachment-post-thumbnail size-post-thumbnail ratio-portrait wp-post-image\" alt=\"10_HAL-Wilfried\" style=\"object-fit:cover;\" \/><\/figure>\n\n<h3 class=\"wp-block-post swiper-slide-title\">Wilfried<\/h3>\n\n<div class=\"taxonomy-departament wp-block-post swiper-slide-terms\"><a href=\"https:\/\/www.hallwang-clinic.com\/de_DE\/departament\/pflegeteam\/\" rel=\"tag\">Pflegeteam<\/a><\/div>\n<\/li><li data-wp-key=\"post-template-item-2117\" class=\"wp-block-post swiper-slide post-2117 team type-team status-publish has-post-thumbnail hentry departament-pflegeteam de_DE teaser-view\">\n<figure style=\"width:406px;\" class=\"wp-block-post swiper-slide-featured-image\"><img loading=\"lazy\" decoding=\"async\" width=\"812\" height=\"1000\" src=\"https:\/\/www.hallwang-clinic.com\/wp-content\/uploads\/2024\/05\/04_HAL-Catalina.webp\" class=\"attachment-post-thumbnail size-post-thumbnail ratio-portrait wp-post-image\" alt=\"04_HAL-Catalina\" style=\"object-fit:cover;\" \/><\/figure>\n\n<h3 class=\"wp-block-post swiper-slide-title\">Catalina<\/h3>\n\n<div class=\"taxonomy-departament wp-block-post swiper-slide-terms\"><a href=\"https:\/\/www.hallwang-clinic.com\/de_DE\/departament\/pflegeteam\/\" rel=\"tag\">Pflegeteam<\/a><\/div>\n<\/li><li data-wp-key=\"post-template-item-2113\" class=\"wp-block-post swiper-slide post-2113 team type-team status-publish has-post-thumbnail hentry departament-pflegeteam de_DE teaser-view\">\n<figure style=\"width:406px;\" class=\"wp-block-post swiper-slide-featured-image\"><img loading=\"lazy\" decoding=\"async\" width=\"812\" height=\"1000\" src=\"https:\/\/www.hallwang-clinic.com\/wp-content\/uploads\/2024\/05\/05_HAL-Irena.webp\" class=\"attachment-post-thumbnail size-post-thumbnail ratio-portrait wp-post-image\" alt=\"05_HAL-Irena\" style=\"object-fit:cover;\" \/><\/figure>\n\n<h3 class=\"wp-block-post swiper-slide-title\">Irena<\/h3>\n\n<div class=\"taxonomy-departament wp-block-post swiper-slide-terms\"><a href=\"https:\/\/www.hallwang-clinic.com\/de_DE\/departament\/pflegeteam\/\" rel=\"tag\">Pflegeteam<\/a><\/div>\n<\/li><li data-wp-key=\"post-template-item-2112\" class=\"wp-block-post swiper-slide post-2112 team type-team status-publish has-post-thumbnail hentry departament-pflegeteam de_DE teaser-view\">\n<figure style=\"width:406px;\" class=\"wp-block-post swiper-slide-featured-image\"><img loading=\"lazy\" decoding=\"async\" width=\"812\" height=\"1000\" src=\"https:\/\/www.hallwang-clinic.com\/wp-content\/uploads\/2024\/05\/08_HAL-Patricia.webp\" class=\"attachment-post-thumbnail size-post-thumbnail ratio-portrait wp-post-image\" alt=\"08_HAL-Patricia\" style=\"object-fit:cover;\" \/><\/figure>\n\n<h3 class=\"wp-block-post swiper-slide-title\">Patricia<\/h3>\n\n<div class=\"taxonomy-departament wp-block-post swiper-slide-terms\"><a href=\"https:\/\/www.hallwang-clinic.com\/de_DE\/departament\/pflegeteam\/\" rel=\"tag\">Pflegeteam<\/a><\/div>\n<\/li><li data-wp-key=\"post-template-item-2111\" class=\"wp-block-post swiper-slide post-2111 team type-team status-publish has-post-thumbnail hentry departament-pflegeteam de_DE teaser-view\">\n<figure style=\"width:406px;\" class=\"wp-block-post swiper-slide-featured-image\"><img loading=\"lazy\" decoding=\"async\" width=\"812\" height=\"1000\" src=\"https:\/\/www.hallwang-clinic.com\/wp-content\/uploads\/2024\/05\/07_HAL-Marie.webp\" class=\"attachment-post-thumbnail size-post-thumbnail ratio-portrait wp-post-image\" alt=\"07_HAL-Marie\" style=\"object-fit:cover;\" \/><\/figure>\n\n<h3 class=\"wp-block-post swiper-slide-title\">Marie<\/h3>\n\n<div class=\"taxonomy-departament wp-block-post swiper-slide-terms\"><a href=\"https:\/\/www.hallwang-clinic.com\/de_DE\/departament\/pflegeteam\/\" rel=\"tag\">Pflegeteam<\/a><\/div>\n<\/li><li data-wp-key=\"post-template-item-2110\" class=\"wp-block-post swiper-slide post-2110 team type-team status-publish has-post-thumbnail hentry departament-pflegeteam de_DE teaser-view\">\n<figure style=\"width:406px;\" class=\"wp-block-post swiper-slide-featured-image\"><img loading=\"lazy\" decoding=\"async\" width=\"812\" height=\"1000\" src=\"https:\/\/www.hallwang-clinic.com\/wp-content\/uploads\/2024\/05\/03_HAL-Angela.webp\" class=\"attachment-post-thumbnail size-post-thumbnail ratio-portrait wp-post-image\" alt=\"03_HAL-Angela\" style=\"object-fit:cover;\" \/><\/figure>\n\n<h3 class=\"wp-block-post swiper-slide-title\">Angela<\/h3>\n\n<div class=\"taxonomy-departament wp-block-post swiper-slide-terms\"><a href=\"https:\/\/www.hallwang-clinic.com\/de_DE\/departament\/pflegeteam\/\" rel=\"tag\">Pflegeteam<\/a><\/div>\n<\/li><li data-wp-key=\"post-template-item-2096\" class=\"wp-block-post swiper-slide post-2096 team type-team status-publish has-post-thumbnail hentry departament-pflegedienstleitung de_DE teaser-view\">\n<figure style=\"width:406px;\" class=\"wp-block-post swiper-slide-featured-image\"><img loading=\"lazy\" decoding=\"async\" width=\"812\" height=\"1000\" src=\"https:\/\/www.hallwang-clinic.com\/wp-content\/uploads\/2024\/05\/01_HAL-Karin.webp\" class=\"attachment-post-thumbnail size-post-thumbnail ratio-portrait wp-post-image\" alt=\"01_HAL-Karin\" style=\"object-fit:cover;\" \/><\/figure>\n\n<h3 class=\"wp-block-post swiper-slide-title\">Karin<\/h3>\n\n<div class=\"taxonomy-departament wp-block-post swiper-slide-terms\"><a href=\"https:\/\/www.hallwang-clinic.com\/de_DE\/departament\/pflegedienstleitung\/\" rel=\"tag\">Pflegedienstleitung<\/a><\/div>\n<\/li><\/ul>\n\n\n<div class=\"controls_wrapper\"><div class=\"swiper-button-next\"><\/div><div class=\"swiper-button-prev\"><\/div><div class=\"swiper-pagination\"><\/div><\/div>\n<\/div>\n<\/div>\n<\/div>\n\n\n\n<div style=\"height:50px\" aria-hidden=\"true\" class=\"wp-block-spacer\"><\/div>\n\n\n\n<h2 class=\"wp-block-heading\">Ihre Psychoonkologische Betreuung<\/h2>\n\n\n\n<p>Unseren Patientinnen und Patienten und ihren Familien bieten wir neben diagnostischen und therapeutischen Ma\u00dfnahmen eine qualifizierte psychoonkologische Betreuung an, mit dem Ziel, Sie bei der Bew\u00e4ltigung neuer Lebenssituationen, \u00c4ngsten, Sorgen und Stress zu unterst\u00fctzen.<\/p>\n\n\n\n<div class=\"wp-block-group alignwide section_9 testi_page\">\n<div class=\"wp-block-group\">\n<div style=\"height:25px\" aria-hidden=\"true\" class=\"wp-block-spacer\"><\/div>\n\n\n\n<div data-wp-context=\"{}\" data-wp-interactive=\"core\/query\" data-wp-key=\"19\" data-wp-router-region=\"query-19\" class=\"wp-block-query\"><ul class=\"swiper-wrapper wp-block-post swiper-slide-template\"><li data-wp-key=\"post-template-item-2118\" class=\"wp-block-post swiper-slide post-2118 team type-team status-publish has-post-thumbnail hentry departament-psychologie de_DE teaser-view\">\n<figure style=\"width:406px;\" class=\"wp-block-post swiper-slide-featured-image\"><img loading=\"lazy\" decoding=\"async\" width=\"812\" height=\"1000\" src=\"https:\/\/www.hallwang-clinic.com\/wp-content\/uploads\/2024\/05\/11_HAL-Ekatarina.webp\" class=\"attachment-post-thumbnail size-post-thumbnail ratio-portrait wp-post-image\" alt=\"11_HAL-Ekatarina\" style=\"object-fit:cover;\" \/><\/figure>\n\n<h3 class=\"wp-block-post swiper-slide-title\">Ekatarina Warkentin<\/h3>\n\n<div class=\"taxonomy-departament wp-block-post swiper-slide-terms\"><a href=\"https:\/\/www.hallwang-clinic.com\/de_DE\/departament\/psychologie\/\" rel=\"tag\">Psychologie<\/a><\/div>\n<\/li><\/ul>\n\n\n<div class=\"controls_wrapper\"><div class=\"swiper-button-next\"><\/div><div class=\"swiper-button-prev\"><\/div><div class=\"swiper-pagination\"><\/div><\/div>\n<\/div>\n<\/div>\n<\/div>\n\n\n\n<div style=\"height:1px\" aria-hidden=\"true\" class=\"wp-block-spacer\"><\/div>\n\n\n\n<div class=\"wp-block-group\"><\/div>\n\n\n\n<h2 class=\"wp-block-heading\">Andere Abteilungen<\/h2>\n\n\n\n<p>Unser Ziel ist es, unseren Patientinnen und Patienten in der Hallwang Klinik ein angenehmes und f\u00fcrsorgliches Umfeld zu bieten und wir freuen uns darauf, Sie in jeder Hinsicht zu unterst\u00fctzen, um Ihren Aufenthalt so angenehm und unvergesslich wie m\u00f6glich zu gestalten.<\/p>\n\n\n\n<div class=\"wp-block-group alignwide section_9 testi_page\">\n<div class=\"wp-block-group\">\n<div style=\"height:25px\" aria-hidden=\"true\" class=\"wp-block-spacer\"><\/div>\n\n\n\n<div data-wp-context=\"{}\" data-wp-interactive=\"core\/query\" data-wp-key=\"19\" data-wp-router-region=\"query-19\" class=\"wp-block-query\"><ul class=\"columns-3 swiper-wrapper wp-block-post swiper-slide-template\"><li data-wp-key=\"post-template-item-2126\" class=\"wp-block-post swiper-slide post-2126 team type-team status-publish has-post-thumbnail hentry departament-facility-management de_DE teaser-view\">\n<figure style=\"width:406px;\" class=\"wp-block-post swiper-slide-featured-image\"><img loading=\"lazy\" decoding=\"async\" width=\"812\" height=\"1000\" src=\"https:\/\/www.hallwang-clinic.com\/wp-content\/uploads\/2024\/05\/18_HAL-Helmut-Benjamin.webp\" class=\"attachment-post-thumbnail size-post-thumbnail ratio-portrait wp-post-image\" alt=\"18_HAL-Helmut-Benjamin\" style=\"object-fit:cover;\" \/><\/figure>\n\n<h3 class=\"wp-block-post swiper-slide-title\">Helmut und Benjamin<\/h3>\n\n<div class=\"taxonomy-departament wp-block-post swiper-slide-terms\"><a href=\"https:\/\/www.hallwang-clinic.com\/de_DE\/departament\/facility-management\/\" rel=\"tag\">Facility Management<\/a><\/div>\n<\/li><li data-wp-key=\"post-template-item-2125\" class=\"wp-block-post swiper-slide post-2125 team type-team status-publish has-post-thumbnail hentry departament-housekeeping de_DE teaser-view\">\n<figure style=\"width:406px;\" class=\"wp-block-post swiper-slide-featured-image\"><img loading=\"lazy\" decoding=\"async\" width=\"812\" height=\"1000\" src=\"https:\/\/www.hallwang-clinic.com\/wp-content\/uploads\/2024\/05\/17_HAL-Lydia-Nina-Julia-Alexandra-Gabi-Gerda.webp\" class=\"attachment-post-thumbnail size-post-thumbnail ratio-portrait wp-post-image\" alt=\"17_HAL-Lydia-Nina-Julia-Alexandra-Gabi-Gerda\" style=\"object-fit:cover;\" \/><\/figure>\n\n<h3 class=\"wp-block-post swiper-slide-title\">Lydia &amp; Nina &amp; Julia &amp; Alexandra &amp; Gabi &amp; Gerda<\/h3>\n\n<div class=\"taxonomy-departament wp-block-post swiper-slide-terms\"><a href=\"https:\/\/www.hallwang-clinic.com\/de_DE\/departament\/housekeeping\/\" rel=\"tag\">Housekeeping<\/a><\/div>\n<\/li><li data-wp-key=\"post-template-item-2124\" class=\"wp-block-post swiper-slide post-2124 team type-team status-publish has-post-thumbnail hentry departament-chauffeur-service de_DE teaser-view\">\n<figure style=\"width:406px;\" class=\"wp-block-post swiper-slide-featured-image\"><img loading=\"lazy\" decoding=\"async\" width=\"812\" height=\"1000\" src=\"https:\/\/www.hallwang-clinic.com\/wp-content\/uploads\/2024\/05\/16_HAL-Harald.webp\" class=\"attachment-post-thumbnail size-post-thumbnail ratio-portrait wp-post-image\" alt=\"16_HAL-Harald\" style=\"object-fit:cover;\" \/><\/figure>\n\n<h3 class=\"wp-block-post swiper-slide-title\">Harald<\/h3>\n\n<div class=\"taxonomy-departament wp-block-post swiper-slide-terms\"><a href=\"https:\/\/www.hallwang-clinic.com\/de_DE\/departament\/chauffeur-service\/\" rel=\"tag\">Chauffeur Service<\/a><\/div>\n<\/li><li data-wp-key=\"post-template-item-2122\" class=\"wp-block-post swiper-slide post-2122 team type-team status-publish has-post-thumbnail hentry departament-physiotheraphie de_DE teaser-view\">\n<figure style=\"width:406px;\" class=\"wp-block-post swiper-slide-featured-image\"><img loading=\"lazy\" decoding=\"async\" width=\"812\" height=\"1000\" src=\"https:\/\/www.hallwang-clinic.com\/wp-content\/uploads\/2024\/05\/15_HAL-Jurgen.webp\" class=\"attachment-post-thumbnail size-post-thumbnail ratio-portrait wp-post-image\" alt=\"15_HAL-Jurgen\" style=\"object-fit:cover;\" \/><\/figure>\n\n<h3 class=\"wp-block-post swiper-slide-title\">J\u00fcrgen<\/h3>\n\n<div class=\"taxonomy-departament wp-block-post swiper-slide-terms\"><a href=\"https:\/\/www.hallwang-clinic.com\/de_DE\/departament\/physiotheraphie\/\" rel=\"tag\">Physiotheraphie<\/a><\/div>\n<\/li><li data-wp-key=\"post-template-item-2121\" class=\"wp-block-post swiper-slide post-2121 team type-team status-publish has-post-thumbnail hentry departament-kuchenteam de_DE teaser-view\">\n<figure style=\"width:406px;\" class=\"wp-block-post swiper-slide-featured-image\"><img loading=\"lazy\" decoding=\"async\" width=\"812\" height=\"1000\" src=\"https:\/\/www.hallwang-clinic.com\/wp-content\/uploads\/2024\/05\/14_HAL-Sven-Tobias-Raze-Yasemin-1.webp\" class=\"attachment-post-thumbnail size-post-thumbnail ratio-portrait wp-post-image\" alt=\"14_HAL-Sven-Tobias-Raze-Yasemin\" style=\"object-fit:cover;\" \/><\/figure>\n\n<h3 class=\"wp-block-post swiper-slide-title\">Sven (Chef de Cuisine), Tobias, Raze und Yasemin<\/h3>\n\n<div class=\"taxonomy-departament wp-block-post swiper-slide-terms\"><a href=\"https:\/\/www.hallwang-clinic.com\/de_DE\/departament\/kuchenteam\/\" rel=\"tag\">K\u00fcchenteam<\/a><\/div>\n<\/li><li data-wp-key=\"post-template-item-2120\" class=\"wp-block-post swiper-slide post-2120 team type-team status-publish has-post-thumbnail hentry departament-tas de_DE teaser-view\">\n<figure style=\"width:406px;\" class=\"wp-block-post swiper-slide-featured-image\"><img loading=\"lazy\" decoding=\"async\" width=\"812\" height=\"1000\" src=\"https:\/\/www.hallwang-clinic.com\/wp-content\/uploads\/2024\/05\/13_HAL-Viktoria-Ina.webp\" class=\"attachment-post-thumbnail size-post-thumbnail ratio-portrait wp-post-image\" alt=\"13_HAL-Viktoria-Ina\" style=\"object-fit:cover;\" \/><\/figure>\n\n<h3 class=\"wp-block-post swiper-slide-title\">Viktoria und Ina<\/h3>\n\n<div class=\"taxonomy-departament wp-block-post swiper-slide-terms\"><a href=\"https:\/\/www.hallwang-clinic.com\/de_DE\/departament\/tas\/\" rel=\"tag\">TA\u2019s<\/a><\/div>\n<\/li><li data-wp-key=\"post-template-item-2119\" class=\"wp-block-post swiper-slide post-2119 team type-team status-publish has-post-thumbnail hentry departament-verwaltung de_DE teaser-view\">\n<figure style=\"width:406px;\" class=\"wp-block-post swiper-slide-featured-image\"><img loading=\"lazy\" decoding=\"async\" width=\"812\" height=\"1000\" src=\"https:\/\/www.hallwang-clinic.com\/wp-content\/uploads\/2025\/03\/Verwaltung.webp\" class=\"attachment-post-thumbnail size-post-thumbnail ratio-portrait wp-post-image\" alt=\"Verwaltung\" style=\"object-fit:cover;\" \/><\/figure>\n\n<h3 class=\"wp-block-post swiper-slide-title\">Paula, Peggy und Andrea<\/h3>\n\n<div class=\"taxonomy-departament wp-block-post swiper-slide-terms\"><a href=\"https:\/\/www.hallwang-clinic.com\/de_DE\/departament\/verwaltung\/\" rel=\"tag\">Verwaltung<\/a><\/div>\n<\/li><\/ul>\n\n\n<div class=\"controls_wrapper\"><div class=\"swiper-button-next\"><\/div><div class=\"swiper-button-prev\"><\/div><div class=\"swiper-pagination\"><\/div><\/div>\n<\/div>\n<\/div>\n<\/div>\n","protected":false},"excerpt":{"rendered":"<p>Hallwang Clinic Team Ihr Krankenpflegeteam Unser Pflegeteam aus erfahrenen und kompetenten Pflegekr\u00e4ften ist ein wichtiger Bestandteil Ihrer Erfahrung in der Hallwang Klinik. Unsere Pflegekr\u00e4fte sind rund um die Uhr an Ihrer Seite, und sorgen f\u00fcr einen reibungslosen und angenehmen Ablauf. Ihre Psychoonkologische Betreuung Unseren Patientinnen und Patienten und ihren Familien bieten wir neben diagnostischen und [&hellip;]<\/p>\n","protected":false},"author":3,"featured_media":0,"parent":788,"menu_order":0,"comment_status":"closed","ping_status":"closed","template":"page_teams.php","meta":{"_locale":"de_DE","_original_post":"https:\/\/www.hallwang-clinic.com\/?page_id=918","_htmlclass":"","_bodyclass":"","footnotes":""},"class_list":["post-1551","page","type-page","status-publish","hentry","de_DE","teaser-view"],"_links":{"self":[{"href":"https:\/\/www.hallwang-clinic.com\/wp-json\/wp\/v2\/pages\/1551","targetHints":{"allow":["GET"]}}],"collection":[{"href":"https:\/\/www.hallwang-clinic.com\/wp-json\/wp\/v2\/pages"}],"about":[{"href":"https:\/\/www.hallwang-clinic.com\/wp-json\/wp\/v2\/types\/page"}],"author":[{"embeddable":true,"href":"https:\/\/www.hallwang-clinic.com\/wp-json\/wp\/v2\/users\/3"}],"replies":[{"embeddable":true,"href":"https:\/\/www.hallwang-clinic.com\/wp-json\/wp\/v2\/comments?post=1551"}],"version-history":[{"count":21,"href":"https:\/\/www.hallwang-clinic.com\/wp-json\/wp\/v2\/pages\/1551\/revisions"}],"predecessor-version":[{"id":4292,"href":"https:\/\/www.hallwang-clinic.com\/wp-json\/wp\/v2\/pages\/1551\/revisions\/4292"}],"up":[{"embeddable":true,"href":"https:\/\/www.hallwang-clinic.com\/wp-json\/wp\/v2\/pages\/788"}],"wp:attachment":[{"href":"https:\/\/www.hallwang-clinic.com\/wp-json\/wp\/v2\/media?parent=1551"}],"curies":[{"name":"wp","href":"https:\/\/api.w.org\/{rel}","templated":true}]}}