{"id":1569,"date":"2024-05-29T15:52:31","date_gmt":"2024-05-29T15:52:31","guid":{"rendered":"https:\/\/stage.hallwang2.smithberlin.com\/?page_id=1569"},"modified":"2025-01-10T16:56:45","modified_gmt":"2025-01-10T16:56:45","slug":"krebstherapien","status":"publish","type":"page","link":"https:\/\/www.hallwang-clinic.com\/de_DE\/therapies\/krebstherapien\/","title":{"rendered":"Krebstherapien in der Hallwang Clinic"},"content":{"rendered":"\n<div class=\"wp-block-group alignwide c_p_page\">\n<p class=\"has-text-align-center mini_title\">DIE FORTSCHRITTLICHSTEN BEHANDLUNGSKONZEPTE<\/p>\n\n\n\n<h1 class=\"wp-block-heading has-text-align-center c_t_page\">Krebstherapien in der Hallwang Clinic<\/h1>\n\n\n\n<div style=\"height:8px\" aria-hidden=\"true\" class=\"wp-block-spacer\"><\/div>\n\n\n\n<figure class=\"wp-block-image aligncenter size-full is-resized\"><img loading=\"lazy\" decoding=\"async\" width=\"1060\" height=\"634\" src=\"https:\/\/www.hallwang-clinic.com\/wp-content\/uploads\/2025\/01\/Hallwang_Clinic_Krebstherapien-1.webp\" alt=\"Dr. Nolting, Dr. Fedova und eine Patientin im Gespr\u00e4ch.\" class=\"wp-image-5407\" style=\"width:1060px\"\/><\/figure>\n\n\n\n<div style=\"height:40px\" aria-hidden=\"true\" class=\"wp-block-spacer\"><\/div>\n\n\n\n<p class=\"max_842\">Eine Anti-Tumortherapie kann unter kurativen, adjuvanten, neoadjuvanten und palliativen Gesichtspunkten eingesetzt werden. Eine Therapie, die vor einem chirurgischen Eingriff angewendet wird (um den Tumor f\u00fcr einen operativen Eingriff zu verkleinern), wird als neoadjuvant bezeichnet; Therapien unmittelbar nach einem operativen Eingriff als adjuvant. Im Rahmen einer neo-\/adjuvanten Therapie wird eine Chemotherapie, Hormontherapie, Immuntherapie und\/oder Strahlentherapie eingesetzt. Kurative Therapien werden zur Heilung, palliative Therapien zur Verl\u00e4ngerung und Verbesserung der Lebensqualit\u00e4t eingesetzt. In der Regel versucht man, wo immer m\u00f6glich, kurativ zu behandeln. Dies beinhaltet die Eliminierung des Tumors, z.B. mittels eines chirurgischen Eingriffs, und die Ber\u00fccksichtigung und Bewertung des R\u00fcckfallrisikos. Unter diesen Aspekten wird eine neoadjuvante oder adjuvante Therapie evaluiert und erforderlichenfalls angewendet. Ist eine kurative Behandlung nicht m\u00f6glich, wird eine palliative Therapie angewendet. Ziel einer palliativen Therapie ist es, krankheitsbedingte Symptome zu lindern, das Fortschreiten der Erkrankung zu hemmen, eine Linderung krankheitsbedingter Symptome zu erzielen und eine m\u00f6glichst hohe Lebensqualit\u00e4t zu erreichen und aufrechtzuerhalten.<\/p>\n\n\n\n<h2 class=\"wp-block-heading max_842\">Krebstherapieformen<\/h2>\n\n\n\n<p>Um die effektivsten Therapieans\u00e4tze zu ermitteln, die zu den individuellen Merkmalen der Krankengeschichte und der Krankheitszustands des einzelnen Patienten passen, m\u00f6chten wir uns die verschiedenen verf\u00fcgbaren Therapieformen genauer ansehen.<\/p>\n\n\n\n<div style=\"height:10px\" aria-hidden=\"true\" class=\"wp-block-spacer\"><\/div>\n<\/div>\n\n\n\n<div class=\"wp-block-accordion-widget allow-multiple allow-close-all open-first\">\n<div class=\"wp-block-accordion-item\">\n<h4 class=\"wp-block-heading has-text-align-center\">Anti-Hormontherapie<\/h4>\n\n\n\n<div class=\"wp-block-accordion-item-content max_842\">\n<p>Ein Hormonrezeptortest \/ eine Hormonrezeptoranalyse erm\u00f6glicht es, die Empfindlichkeit von Krebszellen gegen\u00fcber einer anti-hormonellen Therapie zu ermitteln, wie z.Bsp. beim Mammakarzinom, Prostatakarzinom und Ovarialkarzinom. Bestimmte Tumore, bei denen Hormonrezeptoren nachgewiesen wurden, k\u00f6nnen oft \u00fcber viele Jahre hinweg erfolgreich mit einer Antihormontherapie behandelt werden. Antihormontherapien werden verwendet, um die Produktion oder Wirkung von z.B. \u00d6strogen oder Testosteron im K\u00f6rper zu reduzieren.<\/p>\n<\/div>\n<\/div>\n\n\n\n<div class=\"wp-block-accordion-item\">\n<h4 class=\"wp-block-heading has-text-align-center\">Koventionelle Chemotherapien<\/h4>\n\n\n\n<div class=\"wp-block-accordion-item-content\">\n<p>Bei der Verwendung von Chemotherapien, werden Substanzen verwendet, die ihre sch\u00e4digende Wirkung so spezifisch wie m\u00f6glich auf krankheitsverursachende Zellen oder Mikroorganismen aus\u00fcbt, mit dem Ziel, diese zu t\u00f6ten oder deren Wachstum zu hemmen. In der Krebstherapie werden diese Substanzen als Zytostatika bezeichnet. Bei der Behandlung von malignen Tumorerkrankungen nutzen die meisten dieser Substanzen die F\u00e4higkeit von Tumorzellen sich schnell zu teilen, da sie empfindlicher auf St\u00f6rungen der Zellteilung reagieren als gesunde Zellen. Konventionelle Chemotherapien haben jedoch einen \u00e4hnlichen Effekt auf gesunde Zellen mit \u00e4hnlich guter Teilungsf\u00e4higkeit, wie z.Bsp. denen des Magen-Darm-Traktes und der Haut, welches zu allgemein bekannten Nebenwirkungen wie \u00dcbelkeit, Haarausfall oder Durchfall f\u00fchren kann.<\/p>\n<\/div>\n<\/div>\n\n\n\n<div class=\"wp-block-accordion-item\">\n<h4 class=\"wp-block-heading has-text-align-center\">Optimierte konventionelle Chemotherapie &#8211; (nano-particle or liposomal encapsulated \u2013 i.e. small molecule therapy \/ genetic targeted therapy)<\/h4>\n\n\n\n<div class=\"wp-block-accordion-item-content\">\n<p>Gezielte Krebsmedikamente wirken auf bestimmte Molek\u00fcle ein, die der Tumor f\u00fcr sein Wachstum und seinen Fortschritt ben\u00f6tigt. Die traditionelle zytotoxische Chemotherapie t\u00f6tet normalerweise sich schnell teilende Zellen im K\u00f6rper ab, indem sie die Zellteilung st\u00f6rt. Ein Hauptziel zielgerichteter Therapien ist es, Krebszellen mit h\u00f6herer Genauigkeit und erhoffter weniger Nebenwirkungen zu eliminieren. In den letzten zehn Jahren wurde die Entdeckung und Entwicklung von niedermolekularen Krebsmedikamenten revolutioniert. Am wichtigsten ist, dass wir uns von einem allgemeinen Ansatz, der haupts\u00e4chlich zytotoxische Chemotherapie umfasse, zu einer personalisierten Behandlungsstrategie entwickelt haben, die sich auf die Entwicklung molekulargenetisch gezielter Arzneimittel konzentriert, um bestimmte genetische Merkmale von Krebszellen zu erfassen. W\u00e4hrend monoklonale Antik\u00f6rper auf spezifische Antigene abzielen, die sich auf der Zelloberfl\u00e4che befinden wie Transmembranrezeptoren oder extrazellul\u00e4re Wachstumsfaktoren, k\u00f6nnen kleine Molek\u00fcle die Zellmembran durchdringen und mit spezifische Proteinen einer Signalkaskade innerhalb der Tumorzellen interagieren. Es wurden bereits viele niedermolekulare Arzneimittel entwickelt, die wichtige Signalwege innerhalb von Tumorzellen hemmen k\u00f6nnen, wie beispielsweise verschiedene Inhibitoren des epidermalen Wachstumsfaktor-Rezeptors EGFR, welche unter anderem bei Patienten mit nicht-kleinzelligem Lungenkrebs (NSCLC) eingesetzt werden. ERBB2 (HER2)-Inhibitoren, die bei HER2-positiven Brustkrebspatienten verwendet werden, oder vaskul\u00e4re epidermale Wachstumsfaktorrezeptor (VEGFR) \u2013 Inhibitoren, die bei Nierenkrebs und anderen Tumorentit\u00e4ten verwendet werden. Au\u00dferdem wurden k\u00fcrzlich mehrere Inhibitoren f\u00fcr weitere Tumorentit\u00e4ten zugelassen, darunter: ALK-, BRAF-, cMET-, ROS- und RET-Inhibitoren.<\/p>\n<\/div>\n<\/div>\n\n\n\n<div class=\"wp-block-accordion-item\">\n<h4 class=\"wp-block-heading has-text-align-center\">Lokale Applikationsverfahren \/ Selektive Interne Radiotherapie (SIRT) \/ Transarterielle Chemoembolisation\/-perfusion (TACE\/TACP) \/ Hochintensiver Fokussierter Ultraschall (HIFU) \/ Mikrowellenablation (MWA) \/ Kryotherapie \u2013 Kryochirurgie \u2013 Kryoablation<\/h4>\n\n\n\n<div class=\"wp-block-accordion-item-content\">\n<p>SIRT (auch Radioembolisation genannt) verwendet zahlreiche mit Beta-Emittern pr\u00e4parierte Globuli, die direkt in den Tumor gegeben werden. Diese Therapie wird angewendet, um die Gr\u00f6\u00dfe und Anzahl von Lebermetastasen zu verringern. TACE (Transarterielle Chemoembolisation) ist eine Kombination aus transarterieller Embolisation und lokaler Chemotherapie mit dem Vorteil, dass chemotherapeutische Wirkstoffe in h\u00f6herer Konzentration l\u00e4nger im Tumorgewebe verbleiben, w\u00e4hrend die Embolisation den arteriellen Blutfluss zum Tumor unterbricht und somit das Auswaschen der injizierten Chemotherapeutika hemmt. TACE wird in gro\u00dfem Umfang bei Leberkrebs, dem hepatozellul\u00e4rem Karzinom, eingesetzt. Eine Methode, die auch bei anderen Tumorentit\u00e4ten evaluiert werden kann. Die Anwendung einer Kombinationstherapie aus Embolisierung und lokaler Chemotherapie f\u00fchrt zu niedrigeren systemischen Wirkstoffkonzentrationen und damit zu einer geringeren systemischen Toxizit\u00e4t. Somit bietet die Kombinationstherapie eine nachvollziehbare Behandlungsoption mit synergetischen und antitumoralen Wirkungen. Hochintensiver-Fokussierter-Ultraschall (HIFU) ist eine nicht-invasive Technologie zur Behandlung von Tumormassen mittels hoch-intensivem Ultraschall, die aufgrund der Absorption von Ultraschallenergie im Gewebe eine koagulative thermische Nekrose ausl\u00f6st. HIFU wird zur Behandlung einer Vielzahl von soliden b\u00f6sartigen Tumorerkrankungen eigensetzt, einschlie\u00dflich Tumoren der Bauchspeicheldr\u00fcse, der Leber, der Prostata, der Brust, der Geb\u00e4rmutter und bestimmter Sarkome. Mikrowellenablation (MWA) ist auch eine Form der thermischen Ablation, bei der elektromagnetische Wellen zur Erzeugung von Gewebeerw\u00e4rmungseffekten verwendet werden, die letztendlich eine Gewebenekrose in soliden Tumoren hervorrufen, w\u00e4hrend bei einer Kryotherapie extrem niedrige Temperaturen angewendet werden, um abnormales Zellwachstum zu zerst\u00f6ren. Diese Methode wird h\u00e4ufig w\u00e4hrend Operationen oder lokalen Ablationen verwendet.<\/p>\n<\/div>\n<\/div>\n\n\n\n<div class=\"wp-block-accordion-item\">\n<h4 class=\"wp-block-heading has-text-align-center\">Radiopeptid-Therapie<\/h4>\n\n\n\n<div class=\"wp-block-accordion-item-content\">\n<p>Die Radiopeptidtherapie er\u00f6ffnet eine vielversprechende neue Behandlungsm\u00f6glichkeit bestimmter Tumorentit\u00e4ten. Bei dieser Therapie werden Peptide mit therapeutisch wirksamen radioaktiven Emittern markiert, was eine interne Strahlentherapie erm\u00f6glicht, die selektiv die Tumorzellen beeinflusst und das gesunde Gewebe umfassend sch\u00fctzt (z. B. PSMA-, MIBG-,Octreotid-Radionukleotid-Therapie).<\/p>\n<\/div>\n<\/div>\n\n\n\n<div class=\"wp-block-accordion-item\">\n<h4 class=\"wp-block-heading has-text-align-center\">Radiotherapie \/ CyberKnife<\/h4>\n\n\n\n<div class=\"wp-block-accordion-item-content\">\n<p>Radiotherapie (Bestrahlung) ist die medizinische Anwendung von ionisierender Strahlung auf Tumorlokalisationen, um das Fortschreiten der Krankheit zu hemmen oder zu verz\u00f6gern. Die dabei entstehenden freien Radikale sind hochgiftig und reagieren chemisch mit zellul\u00e4ren Bestandteilen. Die daraus resultierenden Sch\u00e4den am Erbgut von Tumorzellen, insbesondere DNA-Doppelstrangbr\u00fcche, sind f\u00fcr die zerst\u00f6rerische Wirkung verantwortlich. Sch\u00e4den, die \u00fcber die Reparaturf\u00e4higkeit der Tumorzelle hinausgehen, verhindern deren Vermehrung (Mitose) oder f\u00fchren sogar direkt zur Apoptose. Eine Form von Radiotherapie ist die Verwendung von CyberKnife. CyberKnife ist eine Form der Radiochirurgie, bei der mithilfe hochentwickelter Computertechnologie Tumoren in nahezu allen K\u00f6rperteilen mit \u00e4u\u00dferster Pr\u00e4zision bestrahlt werden k\u00f6nnen. Im Gegensatz zur Operation werden Tumore nicht operativ entfernt, sondern durch eine pr\u00e4zise Strahlendosis zerst\u00f6rt. Ein weiterer Vorteil ist, dass sich die Strahlen in Echtzeit an den Atemzyklus des Patienten anpassen, was wichtig ist, da sich einige Tumore w\u00e4hrend der Behandlung in Bewegung halten. CyberKnife ist eine hochwirksame nicht-invasive Alternative zu chirurgischen Eingriffen bei der Behandlung bestimmter Krebsarten.<\/p>\n<\/div>\n<\/div>\n\n\n\n<div class=\"wp-block-accordion-item\">\n<h4 class=\"wp-block-heading has-text-align-center\">Komplement\u00e4rmedizin \/ Nahrungserg\u00e4nzungsmittel \/ Orthomolekulare Medizin \/ Mikron\u00e4hrstoffe \/ Ozontherapie \/ Photopherese \/ Hyperbaric Chamber \/ Ganzk\u00f6rperhyperthermie<\/h4>\n\n\n\n<div class=\"wp-block-accordion-item-content\">\n<p>Im Rahmen unseres umfassenden Behandlungskonzeptes wollen wir das allgemeine Wohlbefinden unserer Patienten verbessern. Dabei legen wir besonderen Wert darauf, bestehende Defizite zu identifizieren und zu beheben. Es ist bekannt, dass sich Patienten mit einer b\u00f6sartigen und fortschreitenden Erkrankung h\u00e4ufig m\u00fcde und ersch\u00f6pft f\u00fchlen, weil sie beispielsweise stark unter Nebenwirkungen einer Chemotherapie oder Immuntherapie leiden. Dies kann unter anderem zu depressiven Stimmungsschwankungen, mangelnder Motivation, Unruhe, Vitalit\u00e4ts- oder Appetitsverlust f\u00fchren. Blutuntersuchungen am Anreisetag weisen bei Patienten h\u00e4ufig M\u00e4ngel auf, wie beispielsweise Vitamin D M\u00e4ngel, Elektrolytmangel oder die Leber zeigt eine signifikante Reaktion auf z.B. ein zytotoxisches Mittel. Ein auf diese M\u00e4ngel zugeschnittenes unterst\u00fctzendes Infusionsprogramm kann den Patienten entlasten. Unterst\u00fctzende Ma\u00dfnahmen, einschlie\u00dflich Infusionen, k\u00f6nnen zu einer weitaus besseren Vertr\u00e4glichkeit gezielter Behandlungen f\u00fchren. Unsere Erfahrung hat gezeigt, dass Patienten, die parallel zu einer Chemotherapie und\/oder Immuntherapie ein unterst\u00fctzendes Infusionsprogramm erhalten, weniger Nebenwirkungen haben, was zu einer gesteigerten Motivation, Positivit\u00e4t und zu einem verbesserten allgemeinen Lebensgef\u00fchl f\u00fchrt. Wie bei all unseren Therapien in der Hallwang Private Oncology Clinic, ist das Infusionsprogramm auf die individuellen Bed\u00fcrfnisse des Patienten zugeschnitten.<\/p>\n\n\n\n<p>Dar\u00fcber hinaus ist eine gute Ern\u00e4hrung wichtig f\u00fcr unsere Gesundheit. Das Ziel der orthomolekularen Medizin ist es, das optimale molekulare Umfeld f\u00fcr das Gehirn und andere Organe zu schaffen, indem die Aufnahme von N\u00e4hrstoffen und Vitaminen, Mineralstoffen, Spurenelementen und anderen nat\u00fcrlich vorkommenden Substanzen ver\u00e4ndert \/verbessert wird. Orthomolekular ist ein griechischer Begriff f\u00fcr \u201erichtig\u201c (ortho) und molekular \u201eMolek\u00fcl\u201c \u2013 es bedeutet als w\u00f6rtlich \u201edas richtige Molek\u00fcl\u201c. Die orthomolekulare Medizin umfasst die Vorbeugung und Behandlung von Krankheiten, indem dem K\u00f6rper optimale Mengen k\u00f6rpereigener Substanzen zugef\u00fchrt werden. Die orthomolekulare Medizin zielt darauf ab, das ideale und vorteilhafte Umfeld des K\u00f6rpers wiederherzustellen, indem molekulare Ungleichgewichte korrigiert werden. Dieser Ansatz wird unter anderem bei Krebs, Infektionen, Depressionen und Arteriosklerose angewendet.<\/p>\n\n\n\n<p>Mikron\u00e4hrstoffe sind Substanzen, die oft als Vitamine oder Mineralien bezeichnet werden. Sie werden nur in winzigen Mengen ben\u00f6tigt, sind aber wichtig f\u00fcr die Produktion von Enzymen, Hormonen und anderen Substanzen, die f\u00fcr ein korrektes Wachstum und korrekte Entwicklung ben\u00f6tigt werden. Obwohl nur geringe Mengen ben\u00f6tigt werden, hat ihr Mangel oft schwerwiegende Folgen. Wichtige Mikron\u00e4hrstoffe sind beispielsweise Jod, Vitamin A, Eisen, Fols\u00e4ure und Zink. In der Hallwang Clinic folgen wir bei unseren komplement\u00e4ren Ans\u00e4tzen u.a. die Prinzipien der orthomolekularen Medizin \u2013 dass Medizin und Patienten individuell sind. Nicht nur, dass jeder Patient einzigartig ist, sondern auch sein N\u00e4hrstoffbedarf und die Reaktion auf die Behandlung. F\u00fcr jeden Patienten bieten wir eine ausgewogene Mischung von Mikron\u00e4hrstoffen in oraler oder hochdosierter intraven\u00f6ser Form.<\/p>\n\n\n\n<p>Die Ozontherapie. Ozon ist ein starkes Oxidationsmittel. W\u00e4hrend hohe Konzentrationen toxisch sein k\u00f6nnen, k\u00f6nnen kleinere Ozondosen nat\u00fcrlich vorkommende Antioxidantien im K\u00f6rper erh\u00f6hen. Antioxidantien helfen, b\u00f6sartige Hautver\u00e4nderungen zu beseitigen und sind notwendig, um den K\u00f6rper gesund zu halten. Zur Behandlung verwendetes Ozon ist f\u00fcr seine bakteriziden, fungiziden und virostatischen Eigenschaften bekannt. Es stimuliert auch die Durchblutung und die Immunfunktion und belebt den K\u00f6rper. Als komplement\u00e4rmedizinischer Ansatz wird die Ozontherapie zur Unterst\u00fctzung des Allgemeinbefindens verwendet.<\/p>\n\n\n\n<p>Hyperbaric chamber. Die hyperbare Sauerstofftherapie wird zur Behandlung verschiedener Erkrankungen angewendet. Es ist eine gut etablierte Behandlung f\u00fcr Dekompressionskrankheit \u2013 eine Gefahr des Tauchens. Andere mit hyperbarer Sauerstofftherapie behandelte Zust\u00e4nde umfassen schwerwiegende Infektionen, Hautl\u00e4sionen oder Strahlensch\u00e4den. Wunden brauchen zum Beispiel Sauerstoff um richtig und schneller abzuheilen und wenn eine Wunde 100%-konzentriertem Sauerstoff ausgesetzt wird, kann dies den Heilungsprozess verbessern und beschleunigen. Dies wurde in einer Reihe von Studien belegt. Das Ziel dieser Behandlung ist es, die Menge an Sauerstoff zu&nbsp;erh\u00f6hen, die Ihr Blut aufnehmen kann, um das normale Niveau der Blutgase und der Gewebefunktion wiederherzustellen und so die Heilung von Infektionen zu f\u00f6rdern.<\/p>\n\n\n\n<p>Die Ganzk\u00f6rperhyperthermie kann bei einer Reihe von verschiedenen Krankheiten angewendet werden, einschlie\u00dflich b\u00f6sartigen, immunologischen, viralen und anderen Krankheiten. Das Ziel der WBH ist die Zerst\u00f6rung von malignen Zellen zu unterst\u00fctzen, z.Bsp. im Zuge einer Kombinationstherapie, durch die Induktion von Apoptose durch Hyperthermie, sowie Eliminierung von malignen Zellen, die gegen eine Chemotherapie resistent geworden sind. Mit Hilfe von WBH sollen die Wirkungen anderer Behandlungen, einschlie\u00dflich Chemotherapie und Immuntherapie verst\u00e4rkt werden.<\/p>\n<\/div>\n<\/div>\n<\/div>\n\n\n\n<div class=\"wp-block-group alignwide c_p_page\">\n<div style=\"height:40px\" aria-hidden=\"true\" class=\"wp-block-spacer\"><\/div>\n\n\n\n<p>Welche Option ist also die richtige f\u00fcr den individuellen Patienten? Man sollte sich nicht auf einen spezifischen Behandlungsansatz fokussieren. Aber wie soll man wissen, welchen Weg man gehen soll? <strong><a href=\"https:\/\/www.hallwang-clinic.com\/?page_id=1454\">Hier erfahren Sie mehr.<\/a><\/strong><\/p>\n\n\n\n<div style=\"height:40px\" aria-hidden=\"true\" class=\"wp-block-spacer\"><\/div>\n\n\n\n<div class=\"wp-block-buttons\">\n<div class=\"wp-block-button\"><a class=\"wp-block-button__link wp-element-button\" href=\"https:\/\/www.hallwang-clinic.com\/?page_id=1575\">MEHR ERFAHREN \u00dcBER IMMUNTHERAPIEN<\/a><\/div>\n<\/div>\n\n\n\n<div style=\"height:40px\" aria-hidden=\"true\" class=\"wp-block-spacer\"><\/div>\n\n\n\n<p class=\"max_842\"><strong>Wichtig:<\/strong> Unser onkologisches Team ber\u00e4t Sie gerne telefonisch, um einen tieferen Einblick in Ihren speziellen Fall zu erhalten. Dies erm\u00f6glicht es uns auch, Ihnen einen vorl\u00e4ufigen Behandlungsplan und Kostenvoranschlag zu erstellen. Unsere Onkologen informieren Sie ausf\u00fchrlich \u00fcber Medikamente, Therapien und Behandlungen, einschlie\u00dflich der zugrundeliegenden Mechanismen und Nebenwirkungen. Nach einer k\u00f6rperlichen Untersuchung und einem ausf\u00fchrlichen Gespr\u00e4ch mit Ihnen vor Ort, wird der definitive Behandlungsplan besprochen. Bitte haben Sie Verst\u00e4ndnis daf\u00fcr, dass komplexe medizinische Prozesse wie oben erw\u00e4hnt nur durch eine eingehende Beratung vor Ort erkl\u00e4rt werden k\u00f6nnen.<\/p>\n\n\n\n<div style=\"height:40px\" aria-hidden=\"true\" class=\"wp-block-spacer\"><\/div>\n\n\n\n<div class=\"wp-block-columns max_842 has-background\" style=\"background-color:#ffffff\">\n<div class=\"wp-block-column\">\n<h3 class=\"wp-block-heading has-text-align-center\">Kontaktieren Sie uns.<br>Wir helfen Ihnen gern!<\/h3>\n\n\n\n<div class=\"wp-block-buttons\">\n<div class=\"wp-block-button\"><a class=\"wp-block-button__link wp-element-button\" href=\"https:\/\/www.hallwang-clinic.com\/?page_id=1586\">JETZT KONTAKT AUFNEHMEN<\/a><\/div>\n<\/div>\n<\/div>\n<\/div>\n<\/div>\n","protected":false},"excerpt":{"rendered":"<p>DIE FORTSCHRITTLICHSTEN BEHANDLUNGSKONZEPTE Krebstherapien in der Hallwang Clinic Eine Anti-Tumortherapie kann unter kurativen, adjuvanten, neoadjuvanten und palliativen Gesichtspunkten eingesetzt werden. Eine Therapie, die vor einem chirurgischen Eingriff angewendet wird (um den Tumor f\u00fcr einen operativen Eingriff zu verkleinern), wird als neoadjuvant bezeichnet; Therapien unmittelbar nach einem operativen Eingriff als adjuvant. Im Rahmen einer neo-\/adjuvanten Therapie [&hellip;]<\/p>\n","protected":false},"author":3,"featured_media":0,"parent":1286,"menu_order":0,"comment_status":"closed","ping_status":"closed","template":"","meta":{"_locale":"de_DE","_original_post":"https:\/\/www.hallwang-clinic.com\/?page_id=1297","_htmlclass":"","_bodyclass":"","footnotes":""},"class_list":["post-1569","page","type-page","status-publish","hentry","de_DE","teaser-view"],"_links":{"self":[{"href":"https:\/\/www.hallwang-clinic.com\/wp-json\/wp\/v2\/pages\/1569","targetHints":{"allow":["GET"]}}],"collection":[{"href":"https:\/\/www.hallwang-clinic.com\/wp-json\/wp\/v2\/pages"}],"about":[{"href":"https:\/\/www.hallwang-clinic.com\/wp-json\/wp\/v2\/types\/page"}],"author":[{"embeddable":true,"href":"https:\/\/www.hallwang-clinic.com\/wp-json\/wp\/v2\/users\/3"}],"replies":[{"embeddable":true,"href":"https:\/\/www.hallwang-clinic.com\/wp-json\/wp\/v2\/comments?post=1569"}],"version-history":[{"count":29,"href":"https:\/\/www.hallwang-clinic.com\/wp-json\/wp\/v2\/pages\/1569\/revisions"}],"predecessor-version":[{"id":5408,"href":"https:\/\/www.hallwang-clinic.com\/wp-json\/wp\/v2\/pages\/1569\/revisions\/5408"}],"up":[{"embeddable":true,"href":"https:\/\/www.hallwang-clinic.com\/wp-json\/wp\/v2\/pages\/1286"}],"wp:attachment":[{"href":"https:\/\/www.hallwang-clinic.com\/wp-json\/wp\/v2\/media?parent=1569"}],"curies":[{"name":"wp","href":"https:\/\/api.w.org\/{rel}","templated":true}]}}