{"id":1586,"date":"2024-05-29T15:57:50","date_gmt":"2024-05-29T15:57:50","guid":{"rendered":"https:\/\/stage.hallwang2.smithberlin.com\/?page_id=1586"},"modified":"2025-03-08T09:57:56","modified_gmt":"2025-03-08T09:57:56","slug":"kontakt","status":"publish","type":"page","link":"https:\/\/www.hallwang-clinic.com\/de_DE\/kontakt\/","title":{"rendered":"Kontakt"},"content":{"rendered":"\n<div class=\"wp-block-group alignwide\">\n<h1 class=\"wp-block-heading has-text-align-center\">Kontakt<\/h1>\n\n\n\n<div class=\"wp-block-group max_900\">\n<h2 class=\"wp-block-heading has-text-align-center\">Kontaktieren Sie uns f\u00fcr eine kostenlose Beratung durch unser spezialisiertes Onkologieteam.<\/h2>\n<\/div>\n\n\n\n<div class=\"wp-block-columns alignwide\">\n<div class=\"wp-block-column\">\n<p class=\"has-text-align-center\">info@hallwang-clinic.com<br>+49 7443 964240<\/p>\n<\/div>\n\n\n\n<div class=\"wp-block-column\">\n<p class=\"has-text-align-center\">Silberwaldstra\u00dfe 34<br>72280 Dornstetten \/ Hallwangen \u2013 Germany<\/p>\n<\/div>\n\n\n\n<div class=\"wp-block-column\">\n<p class=\"has-text-align-center\">Montag bis Freitag<br>8\u201319 Uhr<\/p>\n<\/div>\n<\/div>\n\n\n\n<div class=\"wp-block-buttons fly_contact\">\n<div class=\"wp-block-button\"><a class=\"wp-block-button__link wp-element-button\" href=\"https:\/\/www.hallwang-clinic.com\/?page_id=168\"><span class='curr_de_time'>11:47 Uhr<\/span> AKTUELLE ZEIT IN DEUTSCHLAND<\/a><\/div>\n<\/div>\n\n\n\n<div style=\"height:50px\" aria-hidden=\"true\" class=\"wp-block-spacer\"><\/div>\n\n\n\n<div class=\"wp-block-columns alignwide\">\n<div class=\"wp-block-column contact_bg\"><\/div>\n\n\n\n<div class=\"wp-block-column has-background\" style=\"background-color:#ffffff\">\n<div class=\"wpcf7 no-js\" id=\"wpcf7-f1242-o1\" lang=\"en-US\" dir=\"ltr\" data-wpcf7-id=\"1242\">\n<div class=\"screen-reader-response\"><p role=\"status\" aria-live=\"polite\" aria-atomic=\"true\"><\/p> <ul><\/ul><\/div>\n<form action=\"\/de_DE\/wp-json\/wp\/v2\/pages\/1586#wpcf7-f1242-o1\" method=\"post\" class=\"wpcf7-form init\" aria-label=\"Contact form\" novalidate=\"novalidate\" data-status=\"init\">\n<fieldset class=\"hidden-fields-container\"><input type=\"hidden\" name=\"_wpcf7\" value=\"1242\" \/><input type=\"hidden\" name=\"_wpcf7_version\" value=\"6.1.5\" \/><input type=\"hidden\" name=\"_wpcf7_locale\" value=\"en_US\" \/><input type=\"hidden\" name=\"_wpcf7_unit_tag\" value=\"wpcf7-f1242-o1\" \/><input type=\"hidden\" name=\"_wpcf7_container_post\" value=\"0\" \/><input type=\"hidden\" name=\"_wpcf7_posted_data_hash\" value=\"\" \/>\n<\/fieldset>\n<label> <span class=\"wpcf7-form-control-wrap\" data-name=\"f-name\"><input size=\"40\" maxlength=\"400\" class=\"wpcf7-form-control wpcf7-text wpcf7-validates-as-required\" autocomplete=\"name\" aria-required=\"true\" aria-invalid=\"false\" placeholder=\"* Vorname\" value=\"\" type=\"text\" name=\"f-name\" \/><\/span> <\/label>\n\n<label> <span class=\"wpcf7-form-control-wrap\" data-name=\"l-name\"><input size=\"40\" maxlength=\"400\" class=\"wpcf7-form-control wpcf7-text wpcf7-validates-as-required\" autocomplete=\"name\" aria-required=\"true\" aria-invalid=\"false\" placeholder=\"* Nachname\" value=\"\" type=\"text\" name=\"l-name\" \/><\/span> <\/label>\n\n<label> <span class=\"wpcf7-form-control-wrap\" data-name=\"y-email\"><input size=\"40\" maxlength=\"400\" class=\"wpcf7-form-control wpcf7-email wpcf7-validates-as-required wpcf7-text wpcf7-validates-as-email\" autocomplete=\"email\" aria-required=\"true\" aria-invalid=\"false\" placeholder=\"* E-Mail-Adresse\" value=\"\" type=\"email\" name=\"y-email\" \/><\/span> <\/label>\n\n<label> <span class=\"wpcf7-form-control-wrap\" data-name=\"y-phone\"><input size=\"40\" class=\"wpcf7-form-control wpcf7-phonetext wpcf7-validates-as-required wpcf7-text wpcf7-validates-as-phonetext\" aria-required=\"true\" aria-invalid=\"false\" placeholder=\"* Telefon\" value=\"\" type=\"text\" name=\"y-phone\" \/><input type=\"hidden\" name=\"y-phone-country-code\" class=\"wpcf7-phonetext-country-code\" \/><\/span> <\/label>\n\n<label> <span class=\"wpcf7-form-control-wrap\" data-name=\"y-message\"><textarea cols=\"40\" rows=\"4\" maxlength=\"2000\" class=\"wpcf7-form-control wpcf7-textarea wpcf7-validates-as-required\" aria-required=\"true\" aria-invalid=\"false\" placeholder=\"* Ihre Nachricht\" name=\"y-message\"><\/textarea><\/span> <\/label>\n\n<span class=\"wpcf7-form-control-wrap\" data-name=\"y-terms\"><span class=\"wpcf7-form-control wpcf7-acceptance\"><span class=\"wpcf7-list-item\"><label><input type=\"checkbox\" name=\"y-terms\" value=\"1\" aria-invalid=\"false\" \/><span class=\"wpcf7-list-item-label\">Ich stimme zu, dass meine Daten zur Bearbeitung meiner Anfrage durch die Hallwang Clinic verwendet und gespeichert werden. Ich habe die <a style=\"text-decoration: underline;\" href=\"\/datenschutz\">Datenschutzerkl\u00e4rung<\/a> gelesen und akzeptiere diese. Ich erkl\u00e4re mich mit der Zusendung von E-Mails sowie mit einer telefonischen Kontaktaufnahme bei Angaben der entsprechenden Daten innerhalb des Kontaktformulars einverstanden. Die Einwilligung kann jederzeit widerrufen werden. Der Widerruf beeintr\u00e4chtigt jedoch nicht die Rechtm\u00e4\u00dfigkeit der Datenverarbeitung vor dem Widerruf.<\/span><\/label><\/span><\/span><\/span>\n\n<button class=\"wp-block-button__link\" type=\"submit\">ABSENDEN<\/button><div class=\"wpcf7-response-output\" aria-hidden=\"true\"><\/div>\n<\/form>\n<\/div>\n\n<\/div>\n<\/div>\n\n\n\n<div style=\"height:82px\" aria-hidden=\"true\" class=\"wp-block-spacer\"><\/div>\n\n\n\n<figure class=\"wp-block-image alignwide size-full contact_map\"><img loading=\"lazy\" decoding=\"async\" width=\"2556\" height=\"1116\" src=\"https:\/\/www.hallwang-clinic.com\/wp-content\/uploads\/2024\/08\/Hallwang_Clinic_Karte.webp\" alt=\"Anfahrt zur Hallwang Clinic\" class=\"wp-image-3177\"\/><\/figure>\n\n\n\n<div class=\"wp-block-buttons\">\n<div class=\"wp-block-button\"><a class=\"wp-block-button__link wp-element-button\" href=\"https:\/\/www.google.de\/maps\/place\/Hallwang+Clinic+GmbH\/@48.4901881,8.4989982,17z\/data=!3m2!4b1!5s0x479749f402a020a1:0x8031456230fb5952!4m6!3m5!1s0x479749f6a8e86291:0x167659f27979159a!8m2!3d48.4901846!4d8.5015731!16s%2Fg%2F11b7dqkc3h?entry=ttu\">IN GOOGLE MAPS \u00d6FFNEN<\/a><\/div>\n<\/div>\n<\/div>\n","protected":false},"excerpt":{"rendered":"<p>Kontakt Kontaktieren Sie uns f\u00fcr eine kostenlose Beratung durch unser spezialisiertes Onkologieteam. info@hallwang-clinic.com+49 7443 964240 Silberwaldstra\u00dfe 3472280 Dornstetten \/ Hallwangen \u2013 Germany Montag bis Freitag8\u201319 Uhr<\/p>\n","protected":false},"author":3,"featured_media":0,"parent":0,"menu_order":0,"comment_status":"closed","ping_status":"closed","template":"page_contact.php","meta":{"_locale":"de_DE","_original_post":"https:\/\/www.hallwang-clinic.com\/?page_id=168","_htmlclass":"","_bodyclass":"","footnotes":""},"class_list":["post-1586","page","type-page","status-publish","hentry","de_DE","teaser-view"],"_links":{"self":[{"href":"https:\/\/www.hallwang-clinic.com\/wp-json\/wp\/v2\/pages\/1586","targetHints":{"allow":["GET"]}}],"collection":[{"href":"https:\/\/www.hallwang-clinic.com\/wp-json\/wp\/v2\/pages"}],"about":[{"href":"https:\/\/www.hallwang-clinic.com\/wp-json\/wp\/v2\/types\/page"}],"author":[{"embeddable":true,"href":"https:\/\/www.hallwang-clinic.com\/wp-json\/wp\/v2\/users\/3"}],"replies":[{"embeddable":true,"href":"https:\/\/www.hallwang-clinic.com\/wp-json\/wp\/v2\/comments?post=1586"}],"version-history":[{"count":16,"href":"https:\/\/www.hallwang-clinic.com\/wp-json\/wp\/v2\/pages\/1586\/revisions"}],"predecessor-version":[{"id":5670,"href":"https:\/\/www.hallwang-clinic.com\/wp-json\/wp\/v2\/pages\/1586\/revisions\/5670"}],"wp:attachment":[{"href":"https:\/\/www.hallwang-clinic.com\/wp-json\/wp\/v2\/media?parent=1586"}],"curies":[{"name":"wp","href":"https:\/\/api.w.org\/{rel}","templated":true}]}}