{"id":1705,"date":"2024-05-30T16:13:06","date_gmt":"2024-05-30T16:13:06","guid":{"rendered":"https:\/\/stage.hallwang2.smithberlin.com\/?page_id=1705"},"modified":"2024-09-09T13:25:22","modified_gmt":"2024-09-09T13:25:22","slug":"indikationen","status":"publish","type":"page","link":"https:\/\/www.hallwang-clinic.com\/de_DE\/indikationen\/","title":{"rendered":"Indikationen"},"content":{"rendered":"\n<div class=\"wp-block-cover is-light has_2magic_bgs_indications\" style=\"min-height:770px;aspect-ratio:unset;\"><span aria-hidden=\"true\" class=\"wp-block-cover__background has-background-dim\" style=\"background-color:#9e9d9c\"><\/span><img loading=\"lazy\" decoding=\"async\" width=\"2120\" height=\"1268\" class=\"wp-block-cover__image-background wp-image-3343\" alt=\"\" src=\"https:\/\/www.hallwang-clinic.com\/wp-content\/uploads\/2024\/09\/Hallwang_Immuntherapien.webp\" data-object-fit=\"cover\"\/><div class=\"wp-block-cover__inner-container\">\n<p class=\"has-text-align-center mini_title has-text-color has-link-color wp-elements-c0096aa05278a9d338bf7c7f7b342788\" style=\"color:#ffffff\">IHR ONKOLOGISCHER WEG<\/p>\n\n\n\n<h1 class=\"wp-block-heading has-text-align-center has-text-color has-link-color wp-elements-ea2ddaea611af14b487b4ad74eeb6740\" style=\"color:#ffffff\">Indikationen<\/h1>\n<\/div><\/div>\n\n\n\n<div style=\"height:50px\" aria-hidden=\"true\" class=\"wp-block-spacer\"><\/div>\n\n\n\n<h2 class=\"wp-block-heading has-text-align-center max_842\">Entdecken Sie weitere Informationen zu Ihrer Erkrankung aber bitte denken Sie daran, dass eine kurze Zusammenfassung keine Konsultation mit einem Facharzt f\u00fcr Onkologie ersetzen kann.<\/h2>\n\n\n\n<div style=\"height:10px\" aria-hidden=\"true\" class=\"wp-block-spacer\"><\/div>\n\n\n\n<div style=\"height:10px\" aria-hidden=\"true\" class=\"wp-block-spacer\"><\/div>\n\n\n\n<p class=\"has-text-align-center mini_title\">EFFEKTIVE BEHANDLUNGSANS\u00c4TZE F\u00dcR ALLE KREBSARTEN<\/p>\n\n\n\n<div class=\"wp-block-group alignwide wapper_home_vslider\">\n<div class=\"wp-block-group home_vslider\">\n<div data-wp-context=\"{}\" data-wp-interactive=\"core\/query\" data-wp-key=\"19\" data-wp-router-region=\"query-19\" class=\"wp-block-query swiper\"><ul class=\"columns-3 wp-block-post-template swiper-wrapper\"><li data-wp-key=\"post-template-item-2009\" class=\"swiper-slide wp-block-post post-2009 disease type-disease status-publish has-post-thumbnail hentry de_DE teaser-view\">\n<h2 class=\"wp-block-post-title\"><img src='https:\/\/www.hallwang-clinic.com\/wp-content\/uploads\/2024\/06\/Ovarialkarzinom.webp'> <a href='https:\/\/www.hallwang-clinic.com\/de_DE\/disease\/ovarialkarzinom\/'>Ovarialkar&shy;zinom<\/a><\/h2>\n\n<div class=\"wp-block-post-date hidden\"><time datetime=\"2024-06-21T10:05:46+00:00\">21.06.2024<\/time><\/div>\n<\/li><li data-wp-key=\"post-template-item-2008\" class=\"swiper-slide wp-block-post post-2008 disease type-disease status-publish has-post-thumbnail hentry de_DE teaser-view\">\n<h2 class=\"wp-block-post-title\"><img src='https:\/\/www.hallwang-clinic.com\/wp-content\/uploads\/2024\/06\/Andere-Diagnosen.webp'> <a href='https:\/\/www.hallwang-clinic.com\/de_DE\/disease\/andere-diagnosen-2\/'>Andere Diagnosen<\/a><\/h2>\n\n<div class=\"wp-block-post-date hidden\"><time datetime=\"2024-06-21T09:57:32+00:00\">21.06.2024<\/time><\/div>\n<\/li><li data-wp-key=\"post-template-item-2007\" class=\"swiper-slide wp-block-post post-2007 disease type-disease status-publish has-post-thumbnail hentry de_DE teaser-view\">\n<h2 class=\"wp-block-post-title\"><img src='https:\/\/www.hallwang-clinic.com\/wp-content\/uploads\/2024\/06\/Nierenkrebs.webp'> <a href='https:\/\/www.hallwang-clinic.com\/de_DE\/disease\/nierenkrebs\/'>Nierenkrebs<\/a><\/h2>\n\n<div class=\"wp-block-post-date hidden\"><time datetime=\"2024-06-21T09:55:38+00:00\">21.06.2024<\/time><\/div>\n<\/li><li data-wp-key=\"post-template-item-2006\" class=\"swiper-slide wp-block-post post-2006 disease type-disease status-publish has-post-thumbnail hentry de_DE teaser-view\">\n<h2 class=\"wp-block-post-title\"><img src='https:\/\/www.hallwang-clinic.com\/wp-content\/uploads\/2024\/06\/Urogenital-Tumor.webp'> <a href='https:\/\/www.hallwang-clinic.com\/de_DE\/disease\/urogenitale-tumore\/'>Urogenitale Tumore<\/a><\/h2>\n\n<div class=\"wp-block-post-date hidden\"><time datetime=\"2024-06-21T09:54:11+00:00\">21.06.2024<\/time><\/div>\n<\/li><li data-wp-key=\"post-template-item-2005\" class=\"swiper-slide wp-block-post post-2005 disease type-disease status-publish has-post-thumbnail hentry de_DE teaser-view\">\n<h2 class=\"wp-block-post-title\"><img src='https:\/\/www.hallwang-clinic.com\/wp-content\/uploads\/2024\/06\/Hautkrebs.webp'> <a href='https:\/\/www.hallwang-clinic.com\/de_DE\/disease\/haut-krebs\/'>Hautkrebs<\/a><\/h2>\n\n<div class=\"wp-block-post-date hidden\"><time datetime=\"2024-06-21T09:52:43+00:00\">21.06.2024<\/time><\/div>\n<\/li><li data-wp-key=\"post-template-item-2004\" class=\"swiper-slide wp-block-post post-2004 disease type-disease status-publish has-post-thumbnail hentry de_DE teaser-view\">\n<h2 class=\"wp-block-post-title\"><img src='https:\/\/www.hallwang-clinic.com\/wp-content\/uploads\/2024\/06\/Sarkome.webp'> <a href='https:\/\/www.hallwang-clinic.com\/de_DE\/disease\/sarkome\/'>Sarkome<\/a><\/h2>\n\n<div class=\"wp-block-post-date hidden\"><time datetime=\"2024-06-21T09:42:32+00:00\">21.06.2024<\/time><\/div>\n<\/li><li data-wp-key=\"post-template-item-2003\" class=\"swiper-slide wp-block-post post-2003 disease type-disease status-publish has-post-thumbnail hentry de_DE teaser-view\">\n<h2 class=\"wp-block-post-title\"><img src='https:\/\/www.hallwang-clinic.com\/wp-content\/uploads\/2024\/06\/Neuroendokrine-Tumore.webp'> <a href='https:\/\/www.hallwang-clinic.com\/de_DE\/disease\/neuroendokrine-tumore\/'>Neuroendokrine Tumore<\/a><\/h2>\n\n<div class=\"wp-block-post-date hidden\"><time datetime=\"2024-06-21T09:41:09+00:00\">21.06.2024<\/time><\/div>\n<\/li><li data-wp-key=\"post-template-item-2002\" class=\"swiper-slide wp-block-post post-2002 disease type-disease status-publish has-post-thumbnail hentry de_DE teaser-view\">\n<h2 class=\"wp-block-post-title\"><img src='https:\/\/www.hallwang-clinic.com\/wp-content\/uploads\/2024\/06\/Lungenkrebs.webp'> <a href='https:\/\/www.hallwang-clinic.com\/de_DE\/disease\/lungenkrebs\/'>Lungenkrebs<\/a><\/h2>\n\n<div class=\"wp-block-post-date hidden\"><time datetime=\"2024-06-21T09:36:21+00:00\">21.06.2024<\/time><\/div>\n<\/li><li data-wp-key=\"post-template-item-1993\" class=\"swiper-slide wp-block-post post-1993 disease type-disease status-publish has-post-thumbnail hentry de_DE teaser-view\">\n<h2 class=\"wp-block-post-title\"><img src='https:\/\/www.hallwang-clinic.com\/wp-content\/uploads\/2024\/06\/Kopf-Hals-Tumor.webp'> <a href='https:\/\/www.hallwang-clinic.com\/de_DE\/disease\/kopf-hals-tumore\/'>Kopf-Hals-Tumore<\/a><\/h2>\n\n<div class=\"wp-block-post-date hidden\"><time datetime=\"2024-06-21T09:33:48+00:00\">21.06.2024<\/time><\/div>\n<\/li><li data-wp-key=\"post-template-item-1383\" class=\"swiper-slide wp-block-post post-1383 disease type-disease status-publish has-post-thumbnail hentry de_DE teaser-view\">\n<h2 class=\"wp-block-post-title\"><img src='https:\/\/www.hallwang-clinic.com\/wp-content\/uploads\/2024\/05\/Pankreaskarzinom.webp'> <a href='https:\/\/www.hallwang-clinic.com\/de_DE\/disease\/pankreaskarzinom\/'>Pankrea&shy;skarzinom<\/a><\/h2>\n\n<div class=\"wp-block-post-date hidden\"><time datetime=\"2024-05-28T06:38:40+00:00\">28.05.2024<\/time><\/div>\n<\/li><li data-wp-key=\"post-template-item-1382\" class=\"swiper-slide wp-block-post post-1382 disease type-disease status-publish has-post-thumbnail hentry de_DE teaser-view\">\n<h2 class=\"wp-block-post-title\"><img src='https:\/\/www.hallwang-clinic.com\/wp-content\/uploads\/2024\/05\/Hirntumor.webp'> <a href='https:\/\/www.hallwang-clinic.com\/de_DE\/disease\/hirnturmore\/'>Hirntumore<\/a><\/h2>\n\n<div class=\"wp-block-post-date hidden\"><time datetime=\"2024-05-28T06:38:34+00:00\">28.05.2024<\/time><\/div>\n<\/li><li data-wp-key=\"post-template-item-1381\" class=\"swiper-slide wp-block-post post-1381 disease type-disease status-publish has-post-thumbnail hentry de_DE teaser-view\">\n<h2 class=\"wp-block-post-title\"><img src='https:\/\/www.hallwang-clinic.com\/wp-content\/uploads\/2024\/05\/Gastrotestinale-Tumore.webp'> <a href='https:\/\/www.hallwang-clinic.com\/de_DE\/disease\/gastrointestinale-tumore\/'>Gastrointesti&shy;nale Tumore<\/a><\/h2>\n\n<div class=\"wp-block-post-date hidden\"><time datetime=\"2024-05-28T06:38:29+00:00\">28.05.2024<\/time><\/div>\n<\/li><li data-wp-key=\"post-template-item-1379\" class=\"swiper-slide wp-block-post post-1379 disease type-disease status-publish has-post-thumbnail hentry de_DE teaser-view\">\n<h2 class=\"wp-block-post-title\"><img src='https:\/\/www.hallwang-clinic.com\/wp-content\/uploads\/2024\/05\/Hamatologische-Erkrankungen.webp'> <a href='https:\/\/www.hallwang-clinic.com\/de_DE\/disease\/haematologische-erkrankungen\/'>H\u00e4matologische Erkrankungen<\/a><\/h2>\n\n<div class=\"wp-block-post-date hidden\"><time datetime=\"2024-05-28T06:38:13+00:00\">28.05.2024<\/time><\/div>\n<\/li><li data-wp-key=\"post-template-item-1380\" class=\"swiper-slide wp-block-post post-1380 disease type-disease status-publish has-post-thumbnail hentry de_DE teaser-view\">\n<h2 class=\"wp-block-post-title\"><img src='https:\/\/www.hallwang-clinic.com\/wp-content\/uploads\/2024\/05\/Leberkarzinom.webp'> <a href='https:\/\/www.hallwang-clinic.com\/de_DE\/disease\/leberkarzinom\/'>Leberkarzinom<\/a><\/h2>\n\n<div class=\"wp-block-post-date hidden\"><time datetime=\"2024-05-28T06:38:07+00:00\">28.05.2024<\/time><\/div>\n<\/li><li data-wp-key=\"post-template-item-1378\" class=\"swiper-slide wp-block-post post-1378 disease type-disease status-publish has-post-thumbnail hentry de_DE teaser-view\">\n<h2 class=\"wp-block-post-title\"><img src='https:\/\/www.hallwang-clinic.com\/wp-content\/uploads\/2024\/05\/CUP-Syndrom.webp'> <a href='https:\/\/www.hallwang-clinic.com\/de_DE\/disease\/cup-syndrom\/'>CUP-Syndrom<\/a><\/h2>\n\n<div class=\"wp-block-post-date hidden\"><time datetime=\"2024-05-28T06:38:02+00:00\">28.05.2024<\/time><\/div>\n<\/li><li data-wp-key=\"post-template-item-1377\" class=\"swiper-slide wp-block-post post-1377 disease type-disease status-publish has-post-thumbnail hentry de_DE teaser-view\">\n<h2 class=\"wp-block-post-title\"><img src='https:\/\/www.hallwang-clinic.com\/wp-content\/uploads\/2024\/05\/Brustkrebs.webp'> <a href='https:\/\/www.hallwang-clinic.com\/de_DE\/disease\/brustkrebs\/'>Brustkrebs<\/a><\/h2>\n\n<div class=\"wp-block-post-date hidden\"><time datetime=\"2024-05-28T06:37:58+00:00\">28.05.2024<\/time><\/div>\n<\/li><\/ul><\/div>\n<div class=\"swiper-button-next\"><\/div><div class=\"swiper-button-prev\"><\/div><div class=\"swiper-pagination_testi\"><\/div><\/div>\n<\/div>\n\n\n\n<figure class=\"wp-block-image size-large mobile_slider_hack mobile_only\"><img decoding=\"async\" src=\"#\" alt=\"\" style=\"aspect-ratio:3\/4;object-fit:cover\"\/><\/figure>\n\n\n\n<div style=\"height:100px\" aria-hidden=\"true\" class=\"wp-block-spacer\"><\/div>\n\n\n\n<div style=\"height:25px\" aria-hidden=\"true\" class=\"wp-block-spacer mobile_only\"><\/div>\n\n\n\n<div class=\"wp-block-columns max_842 has-background\" style=\"background-color:#fffefe\">\n<div class=\"wp-block-column\" style=\"flex-basis:842px\">\n<h3 class=\"wp-block-heading has-text-align-center\">Kontaktieren Sie uns.<br>Wir helfen Ihnen gern!<\/h3>\n\n\n\n<div class=\"wp-block-buttons\">\n<div class=\"wp-block-button\"><a class=\"wp-block-button__link has-text-align-center wp-element-button\" href=\"https:\/\/www.hallwang-clinic.com\/?page_id=168&amp;lang=en\">JETZT KONTAKT AUFNEHMEN<\/a><\/div>\n<\/div>\n<\/div>\n<\/div>\n","protected":false},"excerpt":{"rendered":"<p>Entdecken Sie weitere Informationen zu Ihrer Erkrankung aber bitte denken Sie daran, dass eine kurze Zusammenfassung keine Konsultation mit einem Facharzt f\u00fcr Onkologie ersetzen kann. EFFEKTIVE BEHANDLUNGSANS\u00c4TZE F\u00dcR ALLE KREBSARTEN Kontaktieren Sie uns.Wir helfen Ihnen gern!<\/p>\n","protected":false},"author":3,"featured_media":0,"parent":0,"menu_order":0,"comment_status":"closed","ping_status":"closed","template":"page_indicators.php","meta":{"_locale":"de_DE","_original_post":"https:\/\/www.hallwang-clinic.com\/?page_id=1682","_htmlclass":"","_bodyclass":"","footnotes":""},"class_list":["post-1705","page","type-page","status-publish","hentry","de_DE","teaser-view"],"_links":{"self":[{"href":"https:\/\/www.hallwang-clinic.com\/wp-json\/wp\/v2\/pages\/1705","targetHints":{"allow":["GET"]}}],"collection":[{"href":"https:\/\/www.hallwang-clinic.com\/wp-json\/wp\/v2\/pages"}],"about":[{"href":"https:\/\/www.hallwang-clinic.com\/wp-json\/wp\/v2\/types\/page"}],"author":[{"embeddable":true,"href":"https:\/\/www.hallwang-clinic.com\/wp-json\/wp\/v2\/users\/3"}],"replies":[{"embeddable":true,"href":"https:\/\/www.hallwang-clinic.com\/wp-json\/wp\/v2\/comments?post=1705"}],"version-history":[{"count":9,"href":"https:\/\/www.hallwang-clinic.com\/wp-json\/wp\/v2\/pages\/1705\/revisions"}],"predecessor-version":[{"id":3409,"href":"https:\/\/www.hallwang-clinic.com\/wp-json\/wp\/v2\/pages\/1705\/revisions\/3409"}],"wp:attachment":[{"href":"https:\/\/www.hallwang-clinic.com\/wp-json\/wp\/v2\/media?parent=1705"}],"curies":[{"name":"wp","href":"https:\/\/api.w.org\/{rel}","templated":true}]}}