{"id":1799,"date":"2024-06-01T15:22:32","date_gmt":"2024-06-01T15:22:32","guid":{"rendered":"https:\/\/stage.hallwang2.smithberlin.com\/?page_id=1799"},"modified":"2025-01-14T10:07:49","modified_gmt":"2025-01-14T10:07:49","slug":"integrative-medizin","status":"publish","type":"page","link":"https:\/\/www.hallwang-clinic.com\/de_DE\/uber-uns\/integrative-medizin\/","title":{"rendered":"Integrative Medizin"},"content":{"rendered":"\n<p class=\"has-text-align-center mini_title\">Hallwang Clinic<\/p>\n\n\n\n<h1 class=\"wp-block-heading has-text-align-center\">Integrative Medizin in der Krebstherapie<\/h1>\n\n\n\n\n\n\n<h2 class=\"wp-block-heading has-text-align-center\">Erleben Sie, wie integrative Medizin kombiniert mit individuellen Therapieans\u00e4tzen hilft, die besten Ergebnisse bei der Krebstherapie zu erzielen.<\/h2>\n\n\n\n<figure class=\"wp-block-image aligncenter size-full is-resized\"><img loading=\"lazy\" decoding=\"async\" width=\"1060\" height=\"634\" src=\"https:\/\/www.hallwang-clinic.com\/wp-content\/uploads\/2025\/01\/Hallwang_Clinic_Integrative_Medizin.webp\" alt=\"Das Team der Hallwang Clinic steht mit einer Patientin im Rollstuhl vor der Clinic. \" class=\"wp-image-5393\" style=\"width:1060px\"\/><\/figure>\n\n\n\n<div style=\"height:40px\" aria-hidden=\"true\" class=\"wp-block-spacer\"><\/div>\n\n\n\n<div class=\"wp-block-group\">\n<h2 class=\"wp-block-heading\">Ganzheitliche Medizin <\/h2>\n\n\n\n<p>In der Hallwang Clinic verfolgen wir einen umfassenden und ganzheitlichen Ansatz in der Medizin. Wir ber\u00fccksichtigen nicht nur einzelne Therapieans\u00e4tze oder die neuesten Medikamente, sondern auch alle Aspekte Ihres Lebensstils und Ihre individuellen Besonderheiten. Wir sind offen f\u00fcr alternative Therapieelemente, die auf langj\u00e4hriger Erfahrung im naturheilkundlichen beziehungsweise alternativmedizinischen Bereich basieren. In unserer Clinic kombinieren wir konventionelle medizinische Therapien mit naturheilkundlichen Ans\u00e4tzen, um das optimale Therapiekonzept f\u00fcr Sie zu entwickeln.<\/p>\n\n\n\n<h2 class=\"wp-block-heading\">Ganzheitliche Krebsversorgung<\/h2>\n\n\n\n<p>Unser Ansatz zur Krebstherapie in der Hallwang Clinic basiert auf einem ganzheitlichen Verst\u00e4ndnis der Krankheit und ihrer Auswirkungen auf den gesamten Organismus. Wir bieten eine Kombination aus fortschrittlichen und unterst\u00fctzenden Therapien:<\/p>\n\n\n\n<p><strong>Krebsbehandlungen<\/strong>: Wir setzen auf fortschrittliche Krebstherapien, darunter <a href=\"https:\/\/www.hallwang-clinic.com\/therapies\/immuntherapien\/\" data-type=\"link\" data-id=\"https:\/\/www.hallwang-clinic.com\/therapies\/immuntherapien\/\">Immuntherapien<\/a>, pr\u00e4zisionsbasierte Medizin und modernste Chemotherapie-Optionen. <\/p>\n\n\n\n<p><strong>Komplement\u00e4re und alternative Therapien<\/strong>: Neben den konventionellen Krebstherapien bieten wir eine Reihe von komplement\u00e4ren und alternativen Therapien an, um das Wohlbefinden unserer Patienten zu unterst\u00fctzen und die Behandlungsergebnisse zu verbessern. Dazu geh\u00f6ren:<\/p>\n\n\n\n<ul class=\"wp-block-list\">\n<li><strong>Akupunktur:<\/strong> Diese Methode der traditionellen chinesischen Medizin kann Schmerzen lindern, \u00dcbelkeit reduzieren und das allgemeine Wohlbefinden verbessern.<\/li>\n\n\n\n<li><strong>Pflanzliche Medizin:<\/strong> Der Einsatz nat\u00fcrlicher Heilpflanzen und Kr\u00e4uter kann das Immunsystem unterst\u00fctzen, die Organfunktion sch\u00fctzen und zur Verbesserung der Regeneration und Lebensqualit\u00e4t beitragen.<\/li>\n<\/ul>\n\n\n\n<p><strong>Stressreduktion<\/strong>: Stress kann die Genesung beeintr\u00e4chtigen und die Lebensqualit\u00e4t von Krebspatienten erheblich mindern. Deshalb sind Methoden zur Stressbew\u00e4ltigung und Entspannung wesentliche Bestandteile unseres Behandlungsprogramms:<\/p>\n\n\n\n<ul class=\"wp-block-list\">\n<li><strong>Yoga<\/strong>: F\u00f6rdert durch K\u00f6rper\u00fcbungen, Atemtechniken und Meditation das k\u00f6rperliche und geistige Wohlbefinden.<\/li>\n\n\n\n<li><strong>Meditation<\/strong>: Regelm\u00e4\u00dfige Praxis hilft, den Geist zu beruhigen, Stress zu reduzieren und emotionale Stabilit\u00e4t zu verbessern.<\/li>\n\n\n\n<li><strong>Psycho-onkologische Betreuung: <\/strong>Bietet ma\u00dfgeschneiderte psychologische Unterst\u00fctzung f\u00fcr Patientinnen und Patienten und ihre Familien zur Bew\u00e4ltigung der emotionalen und psychologischen Herausforderungen einer Krebsdiagnose.&nbsp;<\/li>\n<\/ul>\n\n\n\n<p><strong>Bewegungs- und Physiotherapie:&nbsp;<\/strong><\/p>\n\n\n\n<ul class=\"wp-block-list\">\n<li><strong>K\u00f6rperliche Aktivit\u00e4t<\/strong>: Individuell angepasste Bewegungsprogramme helfen, die Fitness zu erhalten oder zu verbessern, M\u00fcdigkeit zu reduzieren und das Wohlbefinden zu steigern.<\/li>\n\n\n\n<li><strong>Physiotherapie<\/strong>: Spezialisierte Physiotherapeuten arbeiten daran, Beweglichkeit und Muskelkraft zu erhalten oder wiederherzustellen, Schmerzen zu lindern und die Genesung zu unterst\u00fctzen.<\/li>\n<\/ul>\n\n\n\n<p><strong>Ern\u00e4hrung und Di\u00e4tetik<\/strong><\/p>\n\n\n\n<ul class=\"wp-block-list\">\n<li><strong>Personalisierte Ern\u00e4hrungsberatung<\/strong>: Eine auf den individuellen Bedarf des Patienten\/der Patientin abgestimmte Ern\u00e4hrung kann die Behandlungsergebnisse verbessern und die Lebensqualit\u00e4t erh\u00f6hen.<\/li>\n\n\n\n<li><strong>Spezielle Di\u00e4ten<\/strong>: Di\u00e4ten, die speziell auf die Bed\u00fcrfnisse von Krebspatienten zugeschnitten sind, k\u00f6nnen das Immunsystem st\u00e4rken und die Belastungen durch die Krankheit und ihre Behandlung reduzieren.<\/li>\n<\/ul>\n\n\n\n<p><strong>Verbesserung der Lebensqualit\u00e4t<\/strong>: Unser Ziel ist es, die Lebensqualit\u00e4t unserer Patientinnen und Patienten zu verbessern, indem wir Nebenwirkungen minimieren und die allgemeine Gesundheit f\u00f6rdern.<\/p>\n\n\n\n<p>Dieses integrative Konzept stellt sicher, dass wir nicht nur die Symptome behandeln, sondern auch die Ursachen und Auswirkungen der Krankheit auf den gesamten Organismus umfassend ber\u00fccksichtigen.<\/p>\n\n\n\n<h2 class=\"wp-block-heading\">Erg\u00e4nzende Therapien: Hyperthermie, hyperbare Sauerstofftherapie und Ozontheorie, metabolische und anti-angiogenetische Therapien<\/h2>\n\n\n\n<p>Die <strong>Hyperthermie<\/strong> wird bereits international in Therapierichtlinien anerkannt und stellt eine fortschrittliche Behandlungsoption im Portfolio der Hallwang Clinic dar. Durch die gezielte Erw\u00e4rmung des K\u00f6rpers oder spezifischer K\u00f6rperteile k\u00f6nnen wir die Wirksamkeit von Therapien wie Chemotherapie und Immuntherapie verst\u00e4rken und das Immunsystem aktivieren.<\/p>\n\n\n\n<p>Zus\u00e4tzlich setzen wir die <strong>hyperbare Sauerstofftherapie und Ozontherapie<\/strong> ein, um die heilende Wirkung von Sauerstoff und Ozon zu nutzen. Diese Therapien st\u00e4rken das Immunsystem und f\u00f6rdern die Geweberegeneration. Sie k\u00f6nnen die Durchblutung verbessern, Entz\u00fcndungen reduzieren und so die allgemeine Gesundheit des Patienten\/der Patientin unterst\u00fctzen.<\/p>\n\n\n\n<p>In Kombination mit<strong> metabolischen und anti-angiogenetischen Therapiestrategien<\/strong> k\u00f6nnen sie dazu beitragen, die Sauerstoffresistenz von Tumoren und deren Mikroumgebung zu reduzieren und so eine umfassendere Wirkung gegen den Krebs zu erzielen.<\/p>\n\n\n\n<h2 class=\"wp-block-heading\">Die Hallwang Clinic: Erfahrung und Expertise<\/h2>\n\n\n\n<p>Die Hallwang Clinic ist bekannt f\u00fcr ihr hochspezialisiertes Team aus Onkologen, H\u00e4matologen, Internisten, Heilpraktikern und spezialisierten Psychologen. Unser interdisziplin\u00e4res Team arbeitet eng zusammen, um f\u00fcr jeden Patienten ein ma\u00dfgeschneidertes Behandlungsprogramm zu erstellen.<\/p>\n\n\n\n<p>Dieser Prozess beginnt mit einer umfassenden Diagnose und Bewertung des Gesundheitszustands, einschlie\u00dflich genetischer und molekularer Tests. Basierend auf diesen Befunden entwickelt unser interdisziplin\u00e4res Team einen individuellen Therapieplan, der die besten konventionellen und alternativen Behandlungsmethoden kombiniert. Unser Ansatz zielt darauf ab, so nat\u00fcrlich und sanft wie m\u00f6glich und gleichzeitig so konventionell wie n\u00f6tig zu behandeln, um optimale Ergebnisse zu erzielen. Wir verstehen, dass jeder Patient und jede Behandlung einzigartig ist.<\/p>\n\n\n\n<p>Wir in der Hallwang Clinic wissen, dass wir durch den Einsatz moderner, pr\u00e4zisionsbasierter, multidisziplin\u00e4rer sowie patientenindividueller und immuntherapeutischer Konzepte langanhaltende vollst\u00e4ndige Remissionen bei Patienten mit <a href=\"https:\/\/www.hallwang-clinic.com\/therapies\/therapie-fur-krebs-im-stadium-4\/\">Krebs im Stadium 4<\/a> erreichen k\u00f6nnen. Wir haben eines der fortschrittlichsten genomischen und immuntherapeutischen Profile entwickelt, das in Zusammenarbeit mit einem weltweiten Universit\u00e4tsnetzwerk und internationalen Partnern verf\u00fcgbar ist.<\/p>\n\n\n\n<h2 class=\"wp-block-heading\">Vorteile der integrativen Medizin<\/h2>\n\n\n\n<p>In der Hallwang Clinic praktizieren wir integrative Medizin, die konventionelle und alternative Behandlungsmethoden kombiniert, um das Wohlbefinden der Patienten zu maximieren. Unsere Therapien, darunter Akupunktur, pflanzliche Heilmittel und spezielle Di\u00e4ten, verbinden wir mit modernster medizinischer Technologie. Dies erm\u00f6glicht es uns, personalisierte Behandlungspl\u00e4ne zu erstellen, die speziell auf die individuellen Bed\u00fcrfnisse jedes Patienten zugeschnitten sind.<\/p>\n\n\n\n<p><strong>Beispielhafte Behandlungsm\u00f6glichkeiten:<\/strong><\/p>\n\n\n\n<ul class=\"wp-block-list\">\n<li><strong>Integrative Onkologie<\/strong>: Wir kombinieren Chemotherapie mit Akupunktur, um Nebenwirkungen wie \u00dcbelkeit und Schmerzen zu reduzieren.<\/li>\n\n\n\n<li><strong>Ern\u00e4hrungstherapie<\/strong>: Wir passen die Ern\u00e4hrung an die spezifischen Bed\u00fcrfnisse des Patienten an, um das Immunsystem zu st\u00e4rken und die Behandlung zu unterst\u00fctzen.<\/li>\n\n\n\n<li><strong>Psychosoziale Unterst\u00fctzung<\/strong>: Wir bieten psychologische Betreuung und Unterst\u00fctzung, um Patientinnen und Patienten bei der Bew\u00e4ltigung der emotionalen Belastungen durch die Krankheit zu helfen.<\/li>\n<\/ul>\n\n\n\n<p>Integrative Gesundheitskonzepte werden bereits erfolgreich bei einer Vielzahl von Erkrankungen eingesetzt, darunter maligne Erkrankungen, neurologische St\u00f6rungen sowie in der Pr\u00e4vention und Rehabilitationsmedizin. Unsere Methoden, sowohl konventionell als auch alternativ, basieren auf wissenschaftlichen Erkenntnissen und jahrelanger klinischer Erfahrung. Wir verwenden nur Verfahren, deren Wirksamkeit durch klinische Studien und praktische Erfahrungen belegt ist.<\/p>\n\n\n\n<p>Die Anwendung integrativer Medizin bietet zahlreiche Vorteile. Sie hilft, Nebenwirkungen konventioneller Krebsbehandlungen wie Chemotherapie und Bestrahlung zu lindern, Stress zu reduzieren und die allgemeine Lebensqualit\u00e4t zu verbessern. Durch die Kombination von modernen medizinischen Behandlungen mit traditionellen Heilmethoden bieten wir ein ganzheitliches Therapiekonzept, das optimale Ergebnisse f\u00fcr unsere Patientinnen und Patienten erzielt.<\/p>\n\n\n\n<h2 class=\"wp-block-heading\">Ihr n\u00e4chster Schritt<\/h2>\n\n\n\n<p>In der Hallwang Clinic verfolgen wir eine ganzheitliche und integrative Herangehensweise in der Krebsbehandlung, die modernste medizinische Technologien mit bew\u00e4hrten komplement\u00e4ren und alternativen Methoden kombiniert. Dank unseres fortschrittlichen, evidenzbasierten Ansatzes und unserer umfassenden Betreuung bieten wir unseren Patientinnen und Patienten die bestm\u00f6gliche Versorgung.<\/p>\n\n\n\n<p>Die Zufriedenheit und das Vertrauen unserer Patienten haben f\u00fcr uns h\u00f6chste Priorit\u00e4t. Viele haben bereits signifikante Verbesserungen ihres Gesundheitszustandes durch unsere ganzheitlichen Behandlungsmethoden erfahren. Wir laden Sie herzlich ein, <a href=\"https:\/\/www.hallwang-clinic.com\/kontakt\/\" data-type=\"link\" data-id=\"https:\/\/www.hallwang-clinic.com\/kontakt\/\">sich mit uns in Verbindung zu setzen<\/a>, um mehr \u00fcber unser ganzheitliches Krebsbehandlungszentrum zu erfahren.<\/p>\n<\/div>\n\n\n\n<div style=\"height:40px\" aria-hidden=\"true\" class=\"wp-block-spacer\"><\/div>\n\n\n\n<div class=\"wp-block-columns max_842 has-background\" style=\"background-color:#ffffff\">\n<div class=\"wp-block-column\">\n<h3 class=\"wp-block-heading has-text-align-center\">Kontaktieren Sie uns.<br>Wir helfen Ihnen gern!<\/h3>\n\n\n\n<div class=\"wp-block-buttons\">\n<div class=\"wp-block-button\"><a class=\"wp-block-button__link wp-element-button\" href=\"https:\/\/www.hallwang-clinic.com\/?page_id=1586\">Jetzt Kontakt aufnehmen<\/a><\/div>\n<\/div>\n<\/div>\n<\/div>\n","protected":false},"excerpt":{"rendered":"<p>Hallwang Clinic Integrative Medizin in der Krebstherapie Erleben Sie, wie integrative Medizin kombiniert mit individuellen Therapieans\u00e4tzen hilft, die besten Ergebnisse bei der Krebstherapie zu erzielen. Ganzheitliche Medizin In der Hallwang Clinic verfolgen wir einen umfassenden und ganzheitlichen Ansatz in der Medizin. Wir ber\u00fccksichtigen nicht nur einzelne Therapieans\u00e4tze oder die neuesten Medikamente, sondern auch alle Aspekte [&hellip;]<\/p>\n","protected":false},"author":3,"featured_media":0,"parent":788,"menu_order":0,"comment_status":"closed","ping_status":"closed","template":"","meta":{"_locale":"de_DE","_original_post":"https:\/\/www.hallwang-clinic.com\/?page_id=1797","_htmlclass":"","_bodyclass":"","footnotes":""},"class_list":["post-1799","page","type-page","status-publish","hentry","de_DE","teaser-view"],"_links":{"self":[{"href":"https:\/\/www.hallwang-clinic.com\/wp-json\/wp\/v2\/pages\/1799","targetHints":{"allow":["GET"]}}],"collection":[{"href":"https:\/\/www.hallwang-clinic.com\/wp-json\/wp\/v2\/pages"}],"about":[{"href":"https:\/\/www.hallwang-clinic.com\/wp-json\/wp\/v2\/types\/page"}],"author":[{"embeddable":true,"href":"https:\/\/www.hallwang-clinic.com\/wp-json\/wp\/v2\/users\/3"}],"replies":[{"embeddable":true,"href":"https:\/\/www.hallwang-clinic.com\/wp-json\/wp\/v2\/comments?post=1799"}],"version-history":[{"count":37,"href":"https:\/\/www.hallwang-clinic.com\/wp-json\/wp\/v2\/pages\/1799\/revisions"}],"predecessor-version":[{"id":6183,"href":"https:\/\/www.hallwang-clinic.com\/wp-json\/wp\/v2\/pages\/1799\/revisions\/6183"}],"up":[{"embeddable":true,"href":"https:\/\/www.hallwang-clinic.com\/wp-json\/wp\/v2\/pages\/788"}],"wp:attachment":[{"href":"https:\/\/www.hallwang-clinic.com\/wp-json\/wp\/v2\/media?parent=1799"}],"curies":[{"name":"wp","href":"https:\/\/api.w.org\/{rel}","templated":true}]}}