{"id":227,"date":"2024-05-08T09:49:55","date_gmt":"2024-05-08T09:49:55","guid":{"rendered":"https:\/\/stage.hallwang2.smithberlin.com\/?page_id=227"},"modified":"2024-11-19T13:22:47","modified_gmt":"2024-11-19T13:22:47","slug":"impressum","status":"publish","type":"page","link":"https:\/\/www.hallwang-clinic.com\/de_DE\/impressum\/","title":{"rendered":"Impressum"},"content":{"rendered":"\n<div class=\"wp-block-group max_842\">\n<h1 class=\"wp-block-heading has-text-align-center\">Impressum<\/h1>\n\n\n\n<h3 class=\"wp-block-heading\">Angaben gem\u00e4\u00df \u00a7 5 TMG<\/h3>\n\n\n\n<p>Hallwang Clinic GmbH<br>Silberwaldstra\u00dfe 34<br>D-72280 Dornstetten \/ Hallwangen<\/p>\n\n\n\n<p><strong>Vertreten durch<\/strong><\/p>\n\n\n\n<p>Albert Schmierer<\/p>\n\n\n\n<p><strong>Kontakt<\/strong><\/p>\n\n\n\n<p>Tel.: +49 7443 964240<br>Fax: +49 7443 9642499<br><a href=\"mailto:info@hallwang-clinic.com\">info@hallwang-clinic.com<\/a><\/p>\n\n\n\n<p><strong>Registereintrag<\/strong><\/p>\n\n\n\n<p>Eintragung im Handelsregister.<br>Registergericht: Amtsgericht Stuttgart<br>Registernummer: HRB 724289<\/p>\n\n\n\n<p><strong>Umsatzsteuer-ID<\/strong><\/p>\n\n\n\n<p>gem\u00e4\u00df \u00a727 a Umsatzsteuergesetz: DE257837174<\/p>\n\n\n\n<p><strong>Verantwortlich f\u00fcr den Inhalt nach \u00a7 55 Abs. 2 RStV<\/strong><\/p>\n\n\n\n<p>Albert Schmierer<br>Silberwaldstra\u00dfe 34<br>D-72280 Dornstetten \/ Hallwangen<\/p>\n\n\n\n<p><strong>Quellenangaben f\u00fcr die verwendeten Bilder und Grafiken<\/strong><\/p>\n\n\n\n<p>Albert Schmierer<br>Silberwaldstra\u00dfe 34<br>D-72280 Dornstetten \/ Hallwangen<\/p>\n\n\n\n<p><a href=\"http:\/\/www.fotolia.com\" data-type=\"link\" data-id=\"www.fotolia.com\">www.fotolia.com<\/a><\/p>\n\n\n\n<p>\u00a9Syda Productions &#8211; Fotolia.com<br>\u00a9Hoda Bogdan &#8211; Fotolia.com<br>\u00a9sudok1 &#8211; Fotolia.com<br>\u00a9Minerva Studio &#8211; Fotolia.com<br>\u00a9yuu &#8211; Fotolia.com<br>\u00a9apops &#8211; Fotolia.com<br>\u00a9Guido Grochowski &#8211; Fotolia.com<\/p>\n\n\n\n<h3 class=\"wp-block-heading\">Haftungsausschluss<\/h3>\n\n\n\n<h4 class=\"wp-block-heading\"><strong>Haftung f\u00fcr Inhalte<\/strong><\/h4>\n\n\n\n<p>Als Diensteanbieter sind wir gem\u00e4\u00df \u00a7 7 Abs.1 TMG f\u00fcr eigene Inhalte auf diesen Seiten nach den allgemeinen Gesetzen verantwortlich. Nach \u00a7\u00a7 8 bis 10 TMG sind wir als Diensteanbieter jedoch nicht verpflichtet, \u00fcbermittelte oder gespeicherte fremde Informationen zu \u00fcberwachen oder nach Umst\u00e4nden zu forschen, die auf eine rechtswidrige T\u00e4tigkeit hinweisen. Verpflichtungen zur Entfernung oder Sperrung der Nutzung von Informationen nach den allgemeinen Gesetzen bleiben hiervon unber\u00fchrt. Eine diesbez\u00fcgliche Haftung ist jedoch erst ab dem Zeitpunkt der Kenntnis einer konkreten Rechtsverletzung m\u00f6glich. Bei Bekanntwerden von entsprechenden Rechtsverletzungen werden wir diese Inhalte umgehend entfernen.<\/p>\n\n\n\n<h4 class=\"wp-block-heading\">Haftung f\u00fcr Links<\/h4>\n\n\n\n<p>Unser Angebot enth\u00e4lt Links zu externen Webseiten Dritter, auf deren Inhalte wir keinen Einfluss haben. Deshalb k\u00f6nnen wir f\u00fcr diese fremden Inhalte auch keine Gew\u00e4hr \u00fcbernehmen. F\u00fcr die Inhalte der verlinkten Seiten ist stets der jeweilige Anbieter oder Betreiber der Seiten verantwortlich. Die verlinkten Seiten wurden zum Zeitpunkt der Verlinkung auf m\u00f6gliche Rechtsverst\u00f6\u00dfe \u00fcberpr\u00fcft. Rechtswidrige Inhalte waren zum Zeitpunkt der Verlinkung nicht erkennbar. Eine permanente inhaltliche Kontrolle der verlinkten Seiten ist jedoch ohne konkrete Anhaltspunkte einer Rechtsverletzung nicht zumutbar. Bei Bekanntwerden von Rechtsverletzungen werden wir derartige Links umgehend entfernen. <\/p>\n\n\n\n<h4 class=\"wp-block-heading\">Urheberrecht<\/h4>\n\n\n\n<p>Die durch die Seitenbetreiber erstellten Inhalte und Werke auf diesen Seiten unterliegen dem deutschen Urheberrecht. Die Vervielf\u00e4ltigung, Bearbeitung, Verbreitung und jede Art der Verwertung au\u00dferhalb der Grenzen des Urheberrechtes bed\u00fcrfen der schriftlichen Zustimmung des jeweiligen Autors bzw. Erstellers. Downloads und Kopien dieser Seite sind nur f\u00fcr den privaten, nicht kommerziellen Gebrauch gestattet. Soweit die Inhalte auf dieser Seite nicht vom Betreiber erstellt wurden, werden die Urheberrechte Dritter beachtet. Insbesondere werden Inhalte Dritter als solche gekennzeichnet. Sollten Sie trotzdem auf eine Urheberrechtsverletzung aufmerksam werden, bitten wir um einen entsprechenden Hinweis. Bei Bekanntwerden von Rechtsverletzungen werden wir derartige Inhalte umgehend entfernen.<\/p>\n\n\n\n<div style=\"height:80px\" aria-hidden=\"true\" class=\"wp-block-spacer\"><\/div>\n<\/div>\n","protected":false},"excerpt":{"rendered":"<p>Impressum Angaben gem\u00e4\u00df \u00a7 5 TMG Hallwang Clinic GmbHSilberwaldstra\u00dfe 34D-72280 Dornstetten \/ Hallwangen Vertreten durch Albert Schmierer Kontakt Tel.: +49 7443 964240Fax: +49 7443 9642499info@hallwang-clinic.com Registereintrag Eintragung im Handelsregister.Registergericht: Amtsgericht StuttgartRegisternummer: HRB 724289 Umsatzsteuer-ID gem\u00e4\u00df \u00a727 a Umsatzsteuergesetz: DE257837174 Verantwortlich f\u00fcr den Inhalt nach \u00a7 55 Abs. 2 RStV Albert SchmiererSilberwaldstra\u00dfe 34D-72280 Dornstetten \/ Hallwangen [&hellip;]<\/p>\n","protected":false},"author":3,"featured_media":0,"parent":0,"menu_order":0,"comment_status":"closed","ping_status":"closed","template":"","meta":{"_locale":"de_DE","_original_post":"https:\/\/www.hallwang-clinic.com\/?page_id=223","_htmlclass":"","_bodyclass":"","footnotes":""},"class_list":["post-227","page","type-page","status-publish","hentry","de_DE","teaser-view"],"_links":{"self":[{"href":"https:\/\/www.hallwang-clinic.com\/wp-json\/wp\/v2\/pages\/227","targetHints":{"allow":["GET"]}}],"collection":[{"href":"https:\/\/www.hallwang-clinic.com\/wp-json\/wp\/v2\/pages"}],"about":[{"href":"https:\/\/www.hallwang-clinic.com\/wp-json\/wp\/v2\/types\/page"}],"author":[{"embeddable":true,"href":"https:\/\/www.hallwang-clinic.com\/wp-json\/wp\/v2\/users\/3"}],"replies":[{"embeddable":true,"href":"https:\/\/www.hallwang-clinic.com\/wp-json\/wp\/v2\/comments?post=227"}],"version-history":[{"count":12,"href":"https:\/\/www.hallwang-clinic.com\/wp-json\/wp\/v2\/pages\/227\/revisions"}],"predecessor-version":[{"id":4171,"href":"https:\/\/www.hallwang-clinic.com\/wp-json\/wp\/v2\/pages\/227\/revisions\/4171"}],"wp:attachment":[{"href":"https:\/\/www.hallwang-clinic.com\/wp-json\/wp\/v2\/media?parent=227"}],"curies":[{"name":"wp","href":"https:\/\/api.w.org\/{rel}","templated":true}]}}