{"id":3172,"date":"2024-08-29T11:22:47","date_gmt":"2024-08-29T11:22:47","guid":{"rendered":"https:\/\/stage.hallwang2.smithberlin.com\/?page_id=3172"},"modified":"2025-11-04T14:57:31","modified_gmt":"2025-11-04T14:57:31","slug":"immuntherapien-2","status":"publish","type":"page","link":"https:\/\/www.hallwang-clinic.com\/de_DE\/therapies\/immuntherapien-2\/","title":{"rendered":"Immuntherapien"},"content":{"rendered":"\n<div class=\"wp-block-group alignwide c_p_page\">\n<p class=\"has-text-align-center mini_title\">EINE REVOLUTION IN DER KREBSBEHANDLUNG<\/p>\n\n\n\n<h1 class=\"wp-block-heading has-text-align-center c_t_page\">Immuntherapien<\/h1>\n\n\n\n<h2 class=\"wp-block-heading has-text-align-center\">Die heutigen krebstherapeutischen Herausforderungen erfordern L\u00f6sungen des 21. Jahrhunderts. Als eine der weltweit f\u00fchrenden Kliniken f\u00fcr Immuntherapie bietet die Hallwang Clinic gezielte und patientenorientierte Behandlungsstrategien.<\/h2>\n\n\n\n<figure class=\"wp-block-image aligncenter size-full is-resized\"><img loading=\"lazy\" decoding=\"async\" width=\"2120\" height=\"1268\" src=\"https:\/\/www.hallwang-clinic.com\/wp-content\/uploads\/2024\/05\/01_HAL-Header_Immuntherapien.webp\" alt=\"\" class=\"wp-image-1331\" style=\"width:1060px\"\/><\/figure>\n\n\n\n<div style=\"height:40px\" aria-hidden=\"true\" class=\"wp-block-spacer\"><\/div>\n\n\n\n<p class=\"max_842\">Spezialisierung liegt auf modernsten Immuntherapien. Der unbegrenzte Zugang zu den fortschrittlichsten Krebsbehandlungen unserer Zeit kennzeichnet uns als <a href=\"https:\/\/www.hallwang-clinic.com\/uber-uns\/weltbeste-krebsklinik\/\" target=\"_blank\" rel=\"noreferrer noopener\">eines der besten Krebsbehandlungszentren der Welt<\/a>.<\/p>\n\n\n\n<h3 class=\"wp-block-heading has-text-align-left\">Gezielte, patientenzentrierte Versorgung f\u00fcr das 21. Jahrhundert<\/h3>\n\n\n\n<p>Mit der fortschreitenden Entwicklung der Krebsbehandlung gen\u00fcgen traditionelle Ans\u00e4tze allein nicht mehr. Moderne Krebsbehandlungen erfordern gezielte, patientenzentrierte Strategien, die \u00fcber konventionelle Methoden wie Chirurgie, Chemotherapie und Strahlentherapie hinausgehen. Unsere Klinik konzentriert sich darauf, f\u00fcr jeden Patienten individuelle Behandlungspl\u00e4ne zu entwickeln, um sicherzustellen, dass die effektivste Therapie f\u00fcr den jeweiligen Zustand zum Einsatz kommt.<\/p>\n\n\n\n<h3 class=\"wp-block-heading\">Ein ganzheitlicher Ansatz f\u00fcr die Krebsbehandlung<\/h3>\n\n\n\n<p>In der Hallwang Clinic sind wir vertraut mit den drei herk\u00f6mmlichen Ans\u00e4tzen der <a href=\"https:\/\/www.hallwang-clinic.com\/therapies\/krebstherapien\/\" data-type=\"page\" data-id=\"1569\">Krebsbehandlung<\/a>:<\/p>\n\n\n\n<ul class=\"wp-block-list\">\n<li><strong>Chirurgie: <\/strong>Einige Tumoren sind operativ entfernbar, wenn sie lokalisiert (nicht metastasiert) sind.<\/li>\n\n\n\n<li><strong>Chemotherapie: <\/strong>Diese wird h\u00e4ufig vor, nach oder als Alternative zur Operation verabreicht.<\/li>\n\n\n\n<li><strong>Strahlentherapie:<\/strong> Sie wird oft mit Chirurgie oder Chemotherapie kombiniert, um optimale Ergebnisse zu erzielen.<\/li>\n<\/ul>\n\n\n\n<p>Wir wissen jedoch, dass Chemotherapie und Strahlentherapie erhebliche zytotoxische Nebenwirkungen verursachen k\u00f6nnen. Deshalb legen wir einen starken Fokus auf fortschrittliche Immuntherapie, eine bahnbrechende Behandlung, die unseren Patienten eine vielversprechende Perspektive gibt.<\/p>\n\n\n\n<h3 class=\"wp-block-heading has-text-align-left\">Immuntherapie: Das Potenzial des K\u00f6rpers zur Bek\u00e4mpfung von Krebs freisetzen<\/h3>\n\n\n\n<p>Die Immuntherapie ist einer der bedeutendsten Fortschritte in der Krebsbehandlung. Durch die gezielte St\u00e4rkung des Immunsystems erm\u00f6glicht sie die Erkennung und Zerst\u00f6rung von Krebszellen. Unser Ziel ist es, unseren Patienten unbegrenzten Zugang zu modernsten immuntherapeutischen L\u00f6sungen zu bieten und unseren Patienten die fortschrittlichsten verf\u00fcgbaren Optionen f\u00fcr ihre Behandlung zu erm\u00f6glichen.<\/p>\n\n\n\n<p>Unser Ansatz zur Immuntherapie umfasst sowohl aktive als auch passive Immunisierung:<\/p>\n\n\n\n<ul class=\"wp-block-list\">\n<li><strong>Aktive Immunisierung:<\/strong> Dieser Ansatz bereitet das Immunsystem des Patienten darauf vor, Tumorzellen zu erkennen und anzugreifen, was zu Zellzerst\u00f6rung oder verlangsamtem Tumorwachstum f\u00fchrt.<\/li>\n\n\n\n<li><strong>Passive Immunisierung:<\/strong> Wir verabreichen Antik\u00f6rper oder Antik\u00f6rperfragmente, die gezielt Krebszellen angreifen und zerst\u00f6ren.<\/li>\n<\/ul>\n\n\n\n<p class=\"max_842\">Mit diesem integrativen Ansatz verfolgen wir das Ziel, den individuellen Behandlungserfolg jedes einzelnen Patienten zu maximieren.<\/p>\n\n\n\n<h3 class=\"wp-block-heading max_842\">Immuntherapeutische Ans\u00e4tze<\/h3>\n<\/div>\n\n\n\n<div class=\"wp-block-accordion-widget allow-multiple allow-close-all open-first\">\n<div class=\"wp-block-accordion-item\">\n<h4 class=\"wp-block-heading has-text-align-center\">Antibody-drug-conjugates &#8211; ADCs<\/h4>\n\n\n\n<div class=\"wp-block-accordion-item-content max_842\">\n<p>Antibody-drug conjugates oder ADCs sind eine wichtige Klasse hochwirksamer biopharmazeutischer Wirkstoffe, die als zielgerichtete Therapie f\u00fcr Krebserkrankungen entwickelt wurde. Im Gegensatz zu konventionellen Chemotherapie, sollen ADCs nur auf Krebszellen abzielen und gesunde Zellen weitestgehend schonen. ADCs nur auf Krebszellen abzielen und gesunde Zellen weitestgehend schonen. ADCs sind komplexe Molek\u00fcle die aus einem Antik\u00f6rper bestehen, der an ein biologisch aktives zytotoxisches Medikament (Krebsmedikament) gebunden ist.<\/p>\n<\/div>\n<\/div>\n\n\n\n<div class=\"wp-block-accordion-item\">\n<h4 class=\"wp-block-heading has-text-align-center\">Checkpoint-antibodies \/ Checkpoint block &#8211; Anti CTLA-4 &amp;Anti-PD-1\/L-1<\/h4>\n\n\n\n<div class=\"wp-block-accordion-item-content\">\n<p>Die Entwicklung von Checkpoint-blockierenden Antik\u00f6rpern, wie beispielsweise solche die sich gegen das cytoxic T-lymphocyte antigen 4 (CTLA-4) und programmed death 1 receptor \/PD-1\/L-1) richten, haben sich als ein vielversprechender Ansatz bei der Aktivierung der therapeutischen Antitumorimmunit\u00e4t innerhalb einer wachsenden Liste von malignen Erkrankungen etabliert.<br>Immune-Checkpoints beziehen sich auf eine Vielzahl von immun-blockierenden Molek\u00fclen, die f\u00fcr die Aufrechterhalten der Selbsttoleranz und Modulation der Immunantwort entscheiden sind, um Gewebesch\u00e4den zu minimieren. Es ist jedoch bekannt, dass Tumore bestimmte Immun-Checkpoints als Hauptmechanismus der Immunresistenz modifizieren, insbesondere um T-Zellen abzuwehren, die spezifisch f\u00fcr die Erkennung und Bek\u00e4mpfung von Tumorantigenen zust\u00e4ndig sind. Und somit entziehen sich die Tumorzellen unserer Immunabwehr.<br>Viele dieser regulatorischen Immun-Checkpoints k\u00f6nnen jetzt durch Antik\u00f6rper blockiert oder durch rekombinante Formen von Liganden und Rezeptoren moduliert werden. Checkpoint-blockierende Antik\u00f6rper (Anti-CTLA-4 oder Anti-PD-1\/L-1) haben bereits in klinischen Studien gro\u00dfe Erfolge gezeigt und wurden f\u00fcr verschiedene Tumorentit\u00e4ten bereits zugelassen. Durch die Blockierung von CTLA-4 und PD-1 verbessern diese Checkpointantik\u00f6rper die Funktion der T-Zellen zur Bek\u00e4mpfung von Krebszellen. Es gibt eine Vielzahl von Immun-Checkpoints neben den oben genannten, wie z.Bsp. GITR, FR4, IDO, LAG usw.<\/p>\n<\/div>\n<\/div>\n\n\n\n<div class=\"wp-block-accordion-item\">\n<h4 class=\"wp-block-heading has-text-align-center\">Monoclonal- \/ polyclonal- \/ Trifunktionale-Antik\u00f6rper<\/h4>\n\n\n\n<div class=\"wp-block-accordion-item-content\">\n<p>Monoklonale-Antik\u00f6rper sind aktive Proteine, die gegen ein einzelnes Epitop gerichtet sind. Eine physiologisch (nat\u00fcrlich) vorkommende Immunantwort gegen ein Antigen, das in den K\u00f6rper infiltriert ist, ist polyklonal und gegen verschiedene Epitope gerichtet. Ein trifunktionaler Antik\u00f6rper ist ein monoklonaler Antik\u00f6rper mit Bindungsstellen f\u00fcr zwei verschiedene Antigene, typischerweise CD3 und einem Tumorantigen, was ihn zu einem Typ eines bispezifischen monoklonalen Antik\u00f6rpers macht. Dar\u00fcber hinaus kann sein intakter FC-Teil an einen FC-Rezeptor auf akzessorischen Zellen wie herk\u00f6mmlichen monospezifischen Antik\u00f6rper binden. Folglich sind Immunzellen wie T-Zellen (\u00fcber CD3) und Monozyten\/Makrophagen, Naturkillerzellen, dendritische Zellen oder andere FC-Rezeptor exprimierende Zellen mit den Tumorzellen verbunden, was zu deren Eliminierung f\u00fchren kann.<\/p>\n<\/div>\n<\/div>\n\n\n\n<div class=\"wp-block-accordion-item\">\n<h4 class=\"wp-block-heading has-text-align-center\">Immune priming \/ Polyklonale- \/ Oligo- \/ IDO-Strategien &amp; Oncolytische Virotherapien<\/h4>\n\n\n\n<div class=\"wp-block-accordion-item-content\">\n<p>Diese Strategien zielen darauf ab, dauerhafte T-Zell-Antworten auf Tumorantigene zu induzieren, die von zytotoxischen T-Lymphozyten erkannt werden und zu den immunmodulierenden \/ aufkl\u00e4renden Therapien mit mehreren Aktivit\u00e4ten geh\u00f6ren &#8211; wie beispielsweise: Modulation von Immunzellkompartimenten, Komplementaktivierung, Unterdr\u00fcckung verschiedener Entz\u00fcndungsmediatoren einschlie\u00dflich Zytokinen und Metalloproteinasen, Aktivierung von Apoptose oder \u00dcberwindung von Immunsuppression.<br>Die onkolytische Virotherapie wurde k\u00fcrzlich als vielversprechender neuer Therapieansatz f\u00fcr die Krebsbehandlung anerkannt. Ein onkolytischer Virus ist definiert als ein gentechnisch ver\u00e4ndertes oder nat\u00fcrlich vorkommendes Virus, das sich selektiv in Krebszellen vermehren und diese abt\u00f6ten kann, w\u00e4hrend gesundes Gewebe geschont wird. Bei der onkolytischen Virotherapie wird das Virus als Tumortherapie verwendet.<\/p>\n<\/div>\n<\/div>\n<\/div>\n\n\n\n<div class=\"wp-block-group alignwide c_p_page\">\n<div style=\"height:10px\" aria-hidden=\"true\" class=\"wp-block-spacer\"><\/div>\n\n\n\n<h3 class=\"wp-block-heading has-text-align-left\">Personalisierte Immuntherapie: Der Hallwang-Vorteil<\/h3>\n\n\n\n<p>Was die Hallwang Private Oncology Clinic auszeichnet, ist unsere F\u00e4higkeit, Immuntherapiebehandlungen gezielt auf die Bed\u00fcrfnisse jedes einzelnen Patienten abzustimmen. Dank unseres erstklassigen Netzwerks aus Experten, enger Forschungskooperationen und dem Zugang zu den innovativsten Therapien verf\u00fcgen wir \u00fcber einen entscheidenden Vorteil in der Bereitstellung personalisierter Krebsbehandlungen.<\/p>\n\n\n\n<p>Unser Anspruch ist es, immer einen Schritt voraus zu sein. Anders als in anderen L\u00e4ndern erm\u00f6glicht uns das Gesundheitssystem in Deutschland eine umfassende Therapieevaluation und den uneingeschr\u00e4nkten Zugang zu innovativen Behandlungen. Dieser liberale und weltweit f\u00fchrende Ansatz erlaubt es dem <a href=\"https:\/\/www.hallwang-clinic.com\/uber-uns\/onkologen\/\" target=\"_blank\" rel=\"noreferrer noopener\">\u00c4rzteteam der Hallwang Clinic<\/a>, auch individuelle Therapieans\u00e4tze au\u00dferhalb klinischer Studien einzusetzen \u2013&nbsp;stets in \u00dcbereinstimmung mit internationalen Leitlinien und auf Grundlage einer fundierten medizinischen Indikation. Viele der in der Hallwang Clinic off-label angewendeten Therapien sind mittlerweile fester Bestandteil internationaler Leitlinien.&nbsp;<\/p>\n\n\n\n<h3 class=\"wp-block-heading has-text-align-left\">Die Rolle unseres Expertennetzwerks<\/h3>\n\n\n\n<p>Das <a href=\"https:\/\/www.hallwang-clinic.com\/uber-uns\/philosophie\/\" target=\"_blank\" rel=\"noreferrer noopener\">starke Netzwerk unserer Klinik<\/a>, das f\u00fchrende Forscher, Wissenschaftler und Onkologen umfasst, erm\u00f6glicht es uns, unsere Behandlungen kontinuierlich zu verfeinern und an die neuesten wissenschaftlichen Entdeckungen anzupassen. Diese einzigartige Zusammenarbeit stellt sicher, dass wir modernste personalisierte Immuntherapie anbieten, die exakt auf die genetische Ausstattung des Krebses jedes einzelnen Patienten abgestimmt ist. Dieser unbegrenzte Zugang zu bahnbrechenden Therapien macht den Unterschied aus, wenn es darum geht, <a href=\"https:\/\/www.hallwang-clinic.com\/therapies\/krebstherapien-im-stadium-4\/\" target=\"_blank\" rel=\"noreferrer noopener\">herausragende Ergebnisse zu erzielen und die \u00dcberlebensraten zu verbessern<\/a>.<\/p>\n\n\n\n<h3 class=\"wp-block-heading has-text-align-left\">Das spricht f\u00fcr die Hallwang Clinic<\/h3>\n\n\n\n<ul class=\"wp-block-list\">\n<li><strong>Unbegrenzter Zugang zu Immuntherapie:<\/strong> Wir bieten die neuesten und effektivsten bahnbrechenden Immuntherapien, die Krebszellen mit Pr\u00e4zision angreifen.<\/li>\n\n\n\n<li><strong>Globale Anerkennung:<\/strong> Als eines der weltweit f\u00fchrenden Krebszentren sind wir f\u00fcr unsere Expertise in Immunonkologie und personalisierter Krebsbehandlung bekannt.<\/li>\n\n\n\n<li><strong>Personalisierte Behandlungspl\u00e4ne:<\/strong> Jeder Patient erh\u00e4lt eine individuell zugeschnittene Behandlungsstrategie basierend auf der neuesten Forschung und seinem spezifischen Krebsprofil.<\/li>\n\n\n\n<li><strong>Expertennetzwerk:<\/strong> Unsere Klinik pflegt ein vitales Netzwerk zu Onkologen, Forschern und Spezialisten in der ganzen Welt, die sich der Weiterentwicklung der Krebsbehandlung widmen.<\/li>\n\n\n\n<li><strong>Modernste Einrichtungen:<\/strong> Wir bieten Zugang zu hochmodernen medizinischen Technologien und Therapien, einschlie\u00dflich der fortschrittlichsten immuntherapeutischen Optionen.<\/li>\n<\/ul>\n\n\n\n<h3 class=\"wp-block-heading has-text-align-left\">Setzen Sie auf die fortschrittlichste Krebsbehandlung<\/h3>\n\n\n\n<p>In der Hallwang Private Oncology Clinic verfolgen wir nicht nur das Ziel, die bestm\u00f6gliche Versorgung im Hier und Jetzt anzubieten \u2013 wir gestalten auch die Krebsbehandlung der Zukunft aktiv mit. Mit unbegrenztem Zugang zu Immuntherapie, einem Fokus auf personalisierte Behandlung und einem au\u00dfergew\u00f6hnlichen globalen Netzwerk sind wir einzigartig positioniert, um eine erstklassige Krebsbehandlung zu bieten und die Ergebnisse unserer Patienten zu verbessern.&nbsp;<\/p>\n\n\n\n<p>Auf der Suche nach innovativen, hochwirksamen und <a href=\"https:\/\/www.hallwang-clinic.com\/uber-uns\/integrative-medizin\/\" target=\"_blank\" rel=\"noreferrer noopener\">integrativen Behandlungsmethoden<\/a> sowie dem <a href=\"https:\/\/www.hallwang-clinic.com\/uber-uns\/weltbeste-krebsklinik\/\" data-type=\"page\" data-id=\"1508\">besten Krebsbehandlungszentrum weltweit<\/a>, finden Sie in der Hallwang Clinic eine einzigartige Anlaufstelle.<\/p>\n\n\n\n<p>Wir laden Sie herzlich ein, sich mit uns in Verbindung zu setzen, um mehr \u00fcber unser ganzheitliches Krebsbehandlungszentrum und Ihre individuellen Behandlungsm\u00f6glichkeiten in der Hallwang Clinic zu erfahren.<\/p>\n\n\n\n<p class=\"max_842\"><strong>Wichtig: <\/strong>Unser onkologisches Team ber\u00e4t Sie gerne telefonisch, um einen tieferen Einblick in Ihren speziellen Fall zu erhalten. Dies erm\u00f6glicht es uns auch, Ihnen einen vorl\u00e4ufigen Behandlungsplan und Kostenvoranschlag zu erstellen. Unsere Onkologen informieren Sie ausf\u00fchrlich \u00fcber Medikamente, Therapien und Behandlungen, einschlie\u00dflich der zugrundeliegenden Mechanismen und Nebenwirkungen. Nach einer k\u00f6rperlichen Untersuchung und einem ausf\u00fchrlichen Gespr\u00e4ch mit Ihnen vor Ort, wird der definitive Behandlungsplan besprochen. Bitte haben Sie Verst\u00e4ndnis daf\u00fcr, dass komplexe medizinische Prozesse wie oben erw\u00e4hnt nur durch eine eingehende Beratung vor Ort erkl\u00e4rt werden k\u00f6nnen.<\/p>\n\n\n\n<div style=\"height:33px\" aria-hidden=\"true\" class=\"wp-block-spacer\"><\/div>\n\n\n\n<div class=\"wp-block-columns max_842 has-background\" style=\"background-color:#ffffff\">\n<div class=\"wp-block-column\">\n<h3 class=\"wp-block-heading has-text-align-center\">Kontaktieren Sie uns.<br>Wir helfen Ihnen gern!<\/h3>\n\n\n\n<div class=\"wp-block-buttons\">\n<div class=\"wp-block-button\"><a class=\"wp-block-button__link wp-element-button\" href=\"https:\/\/www.hallwang-clinic.com\/?page_id=1586\">JETZT KONTAKT AUFNEHMEN<\/a><\/div>\n<\/div>\n<\/div>\n<\/div>\n<\/div>\n","protected":false},"excerpt":{"rendered":"<p>EINE REVOLUTION IN DER KREBSBEHANDLUNG Immuntherapien Die heutigen krebstherapeutischen Herausforderungen erfordern L\u00f6sungen des 21. Jahrhunderts. Als eine der weltweit f\u00fchrenden Kliniken f\u00fcr Immuntherapie bietet die Hallwang Clinic gezielte und patientenorientierte Behandlungsstrategien. Spezialisierung liegt auf modernsten Immuntherapien. Der unbegrenzte Zugang zu den fortschrittlichsten Krebsbehandlungen unserer Zeit kennzeichnet uns als eines der besten Krebsbehandlungszentren der Welt. Gezielte, [&hellip;]<\/p>\n","protected":false},"author":3,"featured_media":0,"parent":1286,"menu_order":0,"comment_status":"closed","ping_status":"closed","template":"","meta":{"_locale":"de_DE","_original_post":"https:\/\/www.hallwang-clinic.com\/?page_id=3172","_htmlclass":"","_bodyclass":"","footnotes":""},"class_list":["post-3172","page","type-page","status-publish","hentry","de_DE","teaser-view"],"_links":{"self":[{"href":"https:\/\/www.hallwang-clinic.com\/wp-json\/wp\/v2\/pages\/3172","targetHints":{"allow":["GET"]}}],"collection":[{"href":"https:\/\/www.hallwang-clinic.com\/wp-json\/wp\/v2\/pages"}],"about":[{"href":"https:\/\/www.hallwang-clinic.com\/wp-json\/wp\/v2\/types\/page"}],"author":[{"embeddable":true,"href":"https:\/\/www.hallwang-clinic.com\/wp-json\/wp\/v2\/users\/3"}],"replies":[{"embeddable":true,"href":"https:\/\/www.hallwang-clinic.com\/wp-json\/wp\/v2\/comments?post=3172"}],"version-history":[{"count":6,"href":"https:\/\/www.hallwang-clinic.com\/wp-json\/wp\/v2\/pages\/3172\/revisions"}],"predecessor-version":[{"id":5960,"href":"https:\/\/www.hallwang-clinic.com\/wp-json\/wp\/v2\/pages\/3172\/revisions\/5960"}],"up":[{"embeddable":true,"href":"https:\/\/www.hallwang-clinic.com\/wp-json\/wp\/v2\/pages\/1286"}],"wp:attachment":[{"href":"https:\/\/www.hallwang-clinic.com\/wp-json\/wp\/v2\/media?parent=3172"}],"curies":[{"name":"wp","href":"https:\/\/api.w.org\/{rel}","templated":true}]}}