{"id":3657,"date":"2024-10-24T13:34:51","date_gmt":"2024-10-24T13:34:51","guid":{"rendered":"https:\/\/stage.hallwang2.smithberlin.com\/?page_id=3657"},"modified":"2024-11-22T07:54:56","modified_gmt":"2024-11-22T07:54:56","slug":"krebstherapien-im-stadium-4","status":"publish","type":"page","link":"https:\/\/www.hallwang-clinic.com\/de_DE\/krebstherapien-im-stadium-4\/","title":{"rendered":"Krebs\u00adtherapien im Stadium 4"},"content":{"rendered":"\n<div class=\"wp-block-group max_842 ur_way_page\">\n<p class=\"has-text-align-center mini_title\">Hallwang Clinic<\/p>\n\n\n\n<h2 class=\"wp-block-heading has-text-align-center\">Krebs&shy;therapien im Stadium 4<\/h2>\n\n\n\n\n\n\n<h3 class=\"wp-block-heading has-text-align-center\">Erfahren Sie mehr \u00fcber fortschrittliche Behandlungsoptionen f\u00fcr Krebs im Stadium 4 in der Hallwang Clinic. Insbesondere die Immuntherapie zeigt bedeutende Ergebnisse.<\/h3>\n<\/div>\n\n\n\n<div style=\"height:27px\" aria-hidden=\"true\" class=\"wp-block-spacer\"><\/div>\n\n\n\n<figure class=\"wp-block-image aligncenter size-full\"><img loading=\"lazy\" decoding=\"async\" width=\"2120\" height=\"1268\" src=\"https:\/\/www.hallwang-clinic.com\/wp-content\/uploads\/2024\/08\/HAL_Krebstherapie-Stadium4.webp\" alt=\"Dr. Nolting im Gespr\u00e4ch mit Patienten in einem Zimmer\" class=\"wp-image-3182\"\/><\/figure>\n\n\n\n<div style=\"height:25px\" aria-hidden=\"true\" class=\"wp-block-spacer\"><\/div>\n\n\n\n<div class=\"wp-block-group max_842 ur_way_page\">\n<h3 class=\"wp-block-heading\">Gibt es eine Heilung f\u00fcr Krebs im Stadium 4?<\/h3>\n\n\n\n<p>Krebs im Stadium 4 und seine Behandlung stellen eine erhebliche Herausforderung dar, da sich die Krankheit in diesem fortgeschrittenen Stadium bereits auf andere Teile des K\u00f6rpers ausgebreitet hat. Moderne Behandlungsstrategien wie zielgerichtete Therapien, Immuntherapien und patientenorientierte Ans\u00e4tze haben bei einigen Patienten zu au\u00dfergew\u00f6hnlichen Langzeitergebnissen und bedeutenden Therapieerfolgen gef\u00fchrt. Die Frage, ob Krebs im Stadium 4 heilbar ist, l\u00e4sst sich jedoch nicht einheitlich beantworten. F\u00fcr einige Patienten scheint eine Heilung m\u00f6glich, aber leider noch nicht f\u00fcr jeden Krebspatienten.<\/p>\n\n\n\n<p>Die heutigen Gesundheitsherausforderungen erfordern L\u00f6sungen des 21. Jahrhunderts.&nbsp;Mit modernen, pr\u00e4zisionsbasierten und multidisziplin\u00e4ren, patientenindividualisierten und immuntherapeutischen Konzepten und deren Kombinationen ist es m\u00f6glich, langanhaltende vollst\u00e4ndige Remissionen bei Patienten mit Krebs im Stadium 4 zu erreichen. Es ist jedoch noch nicht vollst\u00e4ndig verstanden, warum bestimmte Patienten besser auf diese Protokolle ansprechen und davon profitieren als andere. Die Spannweite der&nbsp;<a href=\"https:\/\/www.hallwang-clinic.com\/therapies\/krebstherapien\/\">Tumorarten<\/a>, bei denen Langzeitremissionen erzielt wurden, reicht von Hautkrebs, Brustkrebs und Eierstockkrebs \u00fcber Nierenzellkarzinom, Lungenkrebs und Darmkrebs bis hin zu verschiedenen Adenokarzinomen, Plattenepithelkarzinomen, bestimmten Sarkomsubtypen und Glioblastomen. Die individuelle Konstellation von Biomarkern in den Tumorzellen spielt dabei eine wesentliche Rolle.<\/p>\n\n\n\n<div style=\"height:1px\" aria-hidden=\"true\" class=\"wp-block-spacer\"><\/div>\n\n\n\n<h3 class=\"wp-block-heading\">Fortgeschrittene Technologien und personalisierte Medizin<\/h3>\n\n\n\n<p>Es stellt einen Durchbruch in der Krebstherapie dar, dass selbst in einigen sehr fortgeschrittenen und progressiven metastasierenden Krankheitsstadien vollst\u00e4ndige Remissionen und Langzeit\u00fcberlebensraten erreicht und aufrechterhalten werden konnten. Es scheint, dass sich pr\u00e4zisionsbasierte und patientenindividualisierte Therapiekonzepte als \u00fcberlegene Ans\u00e4tze im Hinblick auf das Erreichen vollst\u00e4ndiger und langfristiger Remissionen bei Krebs im Stadium 4 erweisen. Daher muss man zun\u00e4chst den Tumor selbst betrachten, um zu verstehen, welche zielgerichtete Behandlung der Patient ben\u00f6tigt. Eine Behandlung, die f\u00fcr einen Krebspatienten wirkt, ist nicht notwendigerweise auch f\u00fcr einen anderen Patienten mit derselben Krebsart geeignet.<\/p>\n\n\n\n<p>In der Hallwang Clinic haben wir eines der fortschrittlichsten genomischen und&nbsp;<a href=\"https:\/\/www.hallwang-clinic.com\/therapies\/immuntherapien\/\">immuntherapeutischen Profile<\/a>&nbsp;entwickelt, das in Kooperation mit einem Universit\u00e4tsnetzwerk und Partnern weltweit verf\u00fcgbar ist. Unsere umfangreiche Expertise und Erfahrung in der Anwendung dieser fortschrittlichen Technologien erm\u00f6glichen es uns, optimale Behandlungspl\u00e4ne f\u00fcr unsere Patienten zu erstellen. Wir kooperieren eng mit weltweit f\u00fchrenden Experten und spezialisierten Zentren, um sicherzustellen, dass unsere Behandlungsmethoden stets auf dem neuesten Stand der Wissenschaft sind.<\/p>\n\n\n\n<h3 class=\"wp-block-heading\">Was ist Krebs im Stadium 4?<\/h3>\n\n\n\n<p>Bei nicht-h\u00e4matologischen Krebsarten bezeichnet man Krebs im Stadium 4 als metastasierter Krebs. In diesem Fall hat sich der Prim\u00e4rtumor leider auf andere Gewebe und entfernte K\u00f6rperteile wie Leber, Lunge, Knochen oder Gehirn ausgebreitet. Aufgrund der metastasierten Situation ist die Prognose unter den aktuellen genehmigten Therapierichtlinien f\u00fcr Patienten mit Krebs im Stadium 4 begrenzt. Die Behandlungsm\u00f6glichkeiten zielen haupts\u00e4chlich auf palliative Therapien ab, die darauf ausgerichtet sind, die Lebensdauer zu verl\u00e4ngern und die Lebensqualit\u00e4t zu verbessern.<\/p>\n\n\n\n<p>In der Hallwang Clinic bieten wir jedoch auch andere Perspektiven f\u00fcr Patienten mit metastasiertem Krebs. Heutzutage zeigen moderne, pr\u00e4zisionsbasierte und multidisziplin\u00e4re, patientenindividualisierte Konzepte und ihre Kombinationen bereits ihre deutliche \u00dcberlegenheit im Vergleich zu standardm\u00e4\u00dfigen (Chemo-)Behandlungsprotokollen. Eine der fortschrittlichsten Behandlungsoptionen, die wir in der Hallwang Clinic anbieten, ist die Immuntherapie. Diese innovative Therapieform zielt darauf ab, das Immunsystem des Patienten zu st\u00e4rken, um Krebszellen effektiver zu bek\u00e4mpfen. Zu den Immuntherapien, die wir in der Hallwang Clinic einsetzen, z\u00e4hlen:<\/p>\n\n\n\n<ul class=\"wp-block-list\">\n<li><strong>Checkpoint-Inhibitoren:<\/strong>&nbsp;Diese Medikamente helfen, die \u201eBremsen\u201c des Immunsystems zu l\u00f6sen, damit es Krebszellen effektiver angreifen kann.<\/li>\n\n\n\n<li><strong>CAR-T-Zelltherapie:&nbsp;<\/strong>Bei dieser Behandlung werden die T-Zellen des Patienten genetisch so modifiziert, dass sie Krebszellen effektiver bek\u00e4mpfen k\u00f6nnen.<\/li>\n\n\n\n<li><strong>Immune priming:<\/strong>\u00a0Dies soll das Immunsystem dazu anregen, spezifische Krebszellen zu erkennen und anzugreifen.<\/li>\n\n\n\n<li><strong>Antik\u00f6rper-gekoppelte zytotoxische Therapien<\/strong>&nbsp;<strong>(ADC):<\/strong>&nbsp;Diese Therapien greifen gezielt Tumorzellen anhand identifizierter Oberfl\u00e4chenmarker an.<\/li>\n\n\n\n<li><strong>Bi-spezifische and tri-funktionale Therapiestrategien:&nbsp;<\/strong>Diese Ans\u00e4tze aktivieren gezielt T-Zellen, dendritische Zellen und nat\u00fcrliche Killerzellen gegen spezifisch identifizierte Oberfl\u00e4chenmarker der Tumorzellen.<\/li>\n<\/ul>\n\n\n\n<p>Dank dieser modernen und innovativen Behandlungsmethoden k\u00f6nnen wir selbst in fortgeschrittenen Krankheitsstadien bemerkenswerte Erfolge erzielen.&nbsp;<\/p>\n\n\n\n<h3 class=\"wp-block-heading\">Was ist Krebs im Stadium 4?<\/h3>\n\n\n\n<p>Bei nicht-h\u00e4matologischen Krebsarten bezeichnet man Krebs im Stadium 4 als metastasierter Krebs. In diesem Fall hat sich der Prim\u00e4rtumor leider auf andere Gewebe und entfernte K\u00f6rperteile wie Leber, Lunge, Knochen oder Gehirn ausgebreitet. Aufgrund der metastasierten Situation ist die Prognose unter den aktuellen genehmigten Therapierichtlinien f\u00fcr Patienten mit Krebs im Stadium 4 begrenzt. Die Behandlungsm\u00f6glichkeiten zielen haupts\u00e4chlich auf palliative Therapien ab, die darauf ausgerichtet sind, die Lebensdauer zu verl\u00e4ngern und die Lebensqualit\u00e4t zu verbessern.<\/p>\n\n\n\n<p>In der Hallwang Clinic bieten wir jedoch auch andere Perspektiven f\u00fcr Patienten mit metastasiertem Krebs. Heutzutage zeigen moderne, pr\u00e4zisionsbasierte und multidisziplin\u00e4re, patientenindividualisierte Konzepte und ihre Kombinationen bereits ihre deutliche \u00dcberlegenheit im Vergleich zu standardm\u00e4\u00dfigen (Chemo-)Behandlungsprotokollen. Eine der fortschrittlichsten Behandlungsoptionen, die wir in der Hallwang Clinic anbieten, ist die Immuntherapie. Diese innovative Therapieform zielt darauf ab, das Immunsystem des Patienten zu st\u00e4rken, um Krebszellen effektiver zu bek\u00e4mpfen. Zu den Immuntherapien, die wir in der Hallwang Clinic einsetzen, z\u00e4hlen:<\/p>\n\n\n\n<ul class=\"wp-block-list\">\n<li><strong>Checkpoint-Inhibitoren:<\/strong>&nbsp;Diese Medikamente helfen, die \u201eBremsen\u201c des Immunsystems zu l\u00f6sen, damit es Krebszellen effektiver angreifen kann.<\/li>\n\n\n\n<li><strong>CAR-T-Zelltherapie:&nbsp;<\/strong>Bei dieser Behandlung werden die T-Zellen des Patienten genetisch so modifiziert, dass sie Krebszellen effektiver bek\u00e4mpfen k\u00f6nnen.<\/li>\n\n\n\n<li><strong>Krebsimpfstoffe:<\/strong>&nbsp;Diese sollen das Immunsystem dazu anregen, spezifische Krebszellen zu erkennen und anzugreifen.<\/li>\n\n\n\n<li><strong>Antik\u00f6rper-gekoppelte zytotoxische Therapien<\/strong>&nbsp;<strong>(ADC):<\/strong>&nbsp;Diese Therapien greifen gezielt Tumorzellen anhand identifizierter Oberfl\u00e4chenmarker an.<\/li>\n\n\n\n<li><strong>Bi-spezifische and tri-funktionale Therapiestrategien:&nbsp;<\/strong>Diese Ans\u00e4tze aktivieren gezielt T-Zellen, dendritische Zellen und nat\u00fcrliche Killerzellen gegen spezifisch identifizierte Oberfl\u00e4chenmarker der Tumorzellen.<\/li>\n<\/ul>\n\n\n\n<p>Dank dieser modernen und innovativen Behandlungsmethoden k\u00f6nnen wir selbst in fortgeschrittenen Krankheitsstadien bemerkenswerte Erfolge erzielen.&nbsp;<\/p>\n\n\n\n<h3 class=\"wp-block-heading\">Erg\u00e4nzende Therapien: Hyperthermie, hyperbare Sauerstofftherapie und Ozontherapie sowie metabolische und anti-angiogenetische Therapien&nbsp;<\/h3>\n\n\n\n<p>Wir in der Hallwang Clinic setzen auf die&nbsp;<a href=\"https:\/\/www.hallwang-clinic.com\/therapies\/krebstherapien\/\">fortschrittlichsten und innovativsten Therapieans\u00e4tze<\/a>, um unseren Patienten die bestm\u00f6glichen Chancen auf eine erfolgreiche Behandlung zu bieten. Erg\u00e4nzende Therapieformen bieten wir als unterst\u00fctzende und integrative Ma\u00dfnahmen im Rahmen einer holistischen Krebstherapie an, die darauf abzielen, die Lebensqualit\u00e4t zu verbessern und den Erfolg gezielter Tumortherapien zu steigern.<\/p>\n\n\n\n<p><strong>Hyperthermie<\/strong>&nbsp;wird bereits in internationalen Therapierichtlinien anerkannt und ist eine weitere fortschrittliche Behandlungsoption, die wir in der Hallwang Clinic einsetzen. Die gezielte Erw\u00e4rmung des K\u00f6rpers oder bestimmter K\u00f6rperteile hat sich als effektive Methode erwiesen, um die Wirksamkeit von Chemotherapie und Immuntherapie zu verst\u00e4rken und&nbsp; das Immunsystem zu aktivieren.<\/p>\n\n\n\n<p><strong>Hyperbare Sauerstofftherapie und Ozontherapie<\/strong>&nbsp;nutzen die heilenden Effekte von Sauerstoff und Ozon, um das Immunsystem zu st\u00e4rken und die Geweberegeneration zu f\u00f6rdern. Diese Therapieformen k\u00f6nnen die Durchblutung verbessern, Entz\u00fcndungen reduzieren und die allgemeine Gesundheit des Patienten unterst\u00fctzen.&nbsp;<\/p>\n\n\n\n<p>In Verbindung mit&nbsp;<strong>metabolisch gezielten und anti-angiogenetischen Therapiestrategien<\/strong>&nbsp;k\u00f6nnen diese erg\u00e4nzenden Behandlungen die Widerstandsf\u00e4higkeit von Tumoren und des Tumormikromileus reduzieren, um eine umfassendere Wirkung gegen den Krebs zu erzielen.<\/p>\n\n\n\n<h3 class=\"wp-block-heading\">Bedeutung des TNM-Systems und des Staging-Systems<\/h3>\n\n\n\n<p>Das TNM-System und das Staging-System sind entscheidend f\u00fcr die Bestimmung des Krebsstadiums. Das TNM-Staging ber\u00fccksichtigt die Gr\u00f6\u00dfe und Ausdehnung des Tumors (T), das Vorhandensein von Krebszellen in den nahegelegenen Lymphknoten (N) sowie das Vorhandensein von Metastasen in entfernten Bereichen des K\u00f6rpers (M).<\/p>\n\n\n\n<p>Krebs im Stadium 4 weist eine Vielzahl von Symptomen auf, die abh\u00e4ngig von den betroffenen K\u00f6rperbereichen variieren. Zu den h\u00e4ufigsten Symptomen z\u00e4hlen unerkl\u00e4rlicher Gewichtsverlust, chronische M\u00fcdigkeit, anhaltende Schmerzen, Haut- oder Schleimhautver\u00e4nderungen sowie unerkl\u00e4rliche Blutungen. Die Diagnose erfolgt typischerweise durch eine Kombination von bildgebenden Verfahren wie Computertomographie (CT), Magnetresonanztomographie (MRT) und Positronenemissionstomographie (PET) sowie durch Biopsien und Labortests, die dazu dienen, die spezifischen Eigenschaften des Tumors zu ermitteln. Moderne diagnostische Verfahren, einschlie\u00dflich der Liquid Biopsy, die zirkulierende Tumorzellen und zirkulierende Tumorzell-DNA untersucht, geh\u00f6ren ebenfalls zu den fortschrittlichen Methoden, die in der Hallwang Clinic zur Anwendung kommen.<\/p>\n\n\n\n<h3 class=\"wp-block-heading\">Welches Krankenhaus ist weltweit das beste f\u00fcr Krebs im Stadium 4?<\/h3>\n\n\n\n<p>F\u00fcr die Behandlung von Krebs im Stadium 4 ist es essenziell, dass Patienten Zugang zu&nbsp;<a href=\"https:\/\/www.hallwang-clinic.com\/therapies\/krebstherapien\/\">umfassenden und spezialisierten Behandlungszentren<\/a>&nbsp;haben, die in der Lage sind, die neuesten und fortschrittlichsten Behandlungsmethoden anzubieten. Wir sehen Krebs im Stadium 4 als eine besonders herausfordernde und kritische Erkrankung, die eine exzellente medizinische Versorgung in allen Bereichen der Onkologie erfordert. Dies umfasst Zugang zu einem patientenzentrierten Gesundheitssystem, das umfassende M\u00f6glichkeiten f\u00fcr den Einsatz onkologischer Medikamente und Therapien bietet, frei von l\u00e4nderspezifischen gesetzlichen Einschr\u00e4nkungen oder Beschr\u00e4nkungen bez\u00fcglich pr\u00e4zisionsbasierter und individuell angepasster Therapien. Unsere langj\u00e4hrige Erfahrung und unser Engagement f\u00fcr Exzellenz in der Onkologie machen uns zu einem vertrauensw\u00fcrdigen Partner f\u00fcr Patienten weltweit.<\/p>\n\n\n\n<p>Es ist zudem von gr\u00f6\u00dfter Wichtigkeit, dass diese Therapien von einem Board-zertifizierten, spezialisierten Onkologen und einem erfahrenen Pflegeteam angewendet und \u00fcberwacht werden. Spezialisten in der Immunonkologie und pr\u00e4zisionsbasierten Onkologie sind daf\u00fcr geschult, die Therapien anzupassen und zu steuern, welche zwar im Allgemeinen gut vertr\u00e4glich sind, aber potenziell ernste und unerw\u00fcnschte Nebenwirkungen haben k\u00f6nnen.<\/p>\n\n\n\n<h3 class=\"wp-block-heading\">Das beste Team f\u00fcr Ihre Behandlung<\/h3>\n\n\n\n<p>Ein moderner onkologischer Experte sollte offen f\u00fcr ein umfassendes, integriertes Onkologiekonzept sein. Eine enge \u00dcberwachung, erm\u00f6glicht durch ein ideales Verh\u00e4ltnis von einer Pflegekraft pro Patient (1:1-Betreuung), erlaubt direkte onkologische Therapieentscheidungen unter intensiver pflegerischer Betreuung, welche in einer \u00fcberf\u00fcllten Station mit begrenztem Personal eingeschr\u00e4nkt w\u00e4re. Ein auf Therapieerfolg ausgerichteter Fokus in einer heilenden, freundlichen und patientenorientierten Atmosph\u00e4re ist dabei von entscheidender Bedeutung.<\/p>\n\n\n\n<p>Ein herausragender Aspekt der Krebsbehandlung im Stadium 4 in der Hallwang Clinic ist der Zugang zu unserem Onkologenteam rund um die Uhr, an 365 Tagen im Jahr, auch nach der R\u00fcckkehr der Patienten nach Hause. Dies gew\u00e4hrleistet eine nahtlose Weiterf\u00fchrung der Behandlung und Unterst\u00fctzung, unabh\u00e4ngig vom Aufenthaltsort des Patienten. Die Zusammenarbeit zwischen dem Onkologen im Heimatland des Patienten und unserem Team in Deutschland ist darauf ausgerichtet, das bestm\u00f6gliche Behandlungsergebnis zu erzielen. Die Zeit spielt eine entscheidende Rolle f\u00fcr den Erfolg der Therapie. In der Hallwang Clinic verstehen wir die Bedeutung einer individuellen Betreuung. Wir nehmen uns die Zeit, die notwendig ist, um jeden Fall gr\u00fcndlich zu untersuchen und zu behandeln, was zu besseren und l\u00e4nger anhaltenden Ergebnissen f\u00fchrt.<\/p>\n\n\n\n<p>Unser Team in der Hallwang Clinic besteht aus hochqualifizierten und erfahrenen Onkologen, Pflegekr\u00e4ften und Spezialisten, die sich darauf konzentrieren, die bestm\u00f6gliche Versorgung f\u00fcr unsere Patienten zu bieten. Jeder Patient ist einzigartig, und deshalb erstellen wir f\u00fcr jeden Patienten einen individuellen Behandlungsplan, der auf seine spezifischen Bed\u00fcrfnisse und medizinischen Bedingungen zugeschnitten ist. Wir ber\u00fccksichtigen dabei alle relevanten Faktoren, einschlie\u00dflich des Typs und der Ausbreitung des Krebses, des allgemeinen Gesundheitszustands des Patienten und seiner pers\u00f6nlichen Pr\u00e4ferenzen. Unser Ziel ist es, die bestm\u00f6glichen Ergebnisse zu erzielen und die Lebensqualit\u00e4t unserer Patienten zu verbessern.<\/p>\n\n\n\n<p>Unsere Einrichtung genie\u00dft weltweit Anerkennung und Vertrauen aufgrund unserer umfassenden Erfahrung und Expertise in der Behandlung von Krebs im Stadium 4. Wir arbeiten eng mit f\u00fchrenden medizinischen Instituten und Forschungseinrichtungen zusammen, um sicherzustellen, dass wir stets auf dem neuesten Stand der Wissenschaft und Technologie sind. Diese enge Zusammenarbeit erm\u00f6glicht es uns, unseren Patienten die fortschrittlichsten und effektivsten Behandlungsmethoden anzubieten.<\/p>\n\n\n\n<h3 class=\"wp-block-heading\">Bedeutung von allgemeiner Gesundheit und Komfort<\/h3>\n\n\n\n<p>Die allgemeine Gesundheit des Patienten ist entscheidend f\u00fcr die Behandlung von Krebs im Stadium 4. Ein gut funktionierendes Immunsystem kann die Wirksamkeit der Therapien steigern und das Risiko von Komplikationen senken. Es ist daher wichtig, dass Patienten eine gesunde Ern\u00e4hrung einhalten, regelm\u00e4\u00dfig k\u00f6rperliche Aktivit\u00e4t aus\u00fcben und auf ihren allgemeinen Gesundheitszustand achten. Die Hallwang Clinic befindet sich in Hallwangen, einem anerkannten Luftkurort, und bietet eine ideale Umgebung f\u00fcr Erholung und Genesung, umgeben von einer landschaftlich reizvollen und beruhigenden Natur.<\/p>\n\n\n\n<p>Die Hallwang Clinic versteht die komplexen und vielf\u00e4ltigen Anforderungen ihrer internationalen Patientenschaft und hat eine Reihe von Einrichtungen und Services entwickelt, die diesen hohen Anspr\u00fcchen gerecht werden. Unsere Sensibilit\u00e4t f\u00fcr kulturelle Unterschiede, Mehrsprachigkeit, gute Erreichbarkeit und eine Umgebung, die sowohl medizinisch effizient als auch \u00e4sthetisch und komfortabel gestaltet ist, tragen insgesamt dazu bei, den physischen und emotionalen Stress der Patienten zu minimieren.<\/p>\n\n\n\n<p>Zus\u00e4tzlich zur medizinischen Exzellenz legt die Klinik gro\u00dfen Wert auf Komfort und Lebensqualit\u00e4t. Die N\u00e4he zu hochrangigen 3-Sterne-Gastronomiebetrieben und Relais &amp; Ch\u00e2teaux Hotels macht den Aufenthalt f\u00fcr Patienten und deren Angeh\u00f6rige angenehm und stressfrei. Zudem garantiert die Kooperation mit dem lokalen Krankenhaus eine umfassende Notfallversorgung, was die Hallwang Clinic zu einem bevorzugten Ziel f\u00fcr anspruchsvolle Patienten aus aller Welt macht.<\/p>\n\n\n\n<h3 class=\"wp-block-heading\">Langfristige Nachsorge und nachhaltiges Vertrauen<\/h3>\n\n\n\n<p>Die Nachsorge ist ein wichtiger Bestandteil der Behandlung von Krebs im Stadium 4. Regelm\u00e4\u00dfige Kontrolluntersuchungen und -tests sind entscheidend, um den Behandlungserfolg zu \u00fcberwachen und m\u00f6gliche R\u00fcckf\u00e4lle fr\u00fchzeitig zu erkennen. Unser Team in der Hallwang Clinic bietet den Patienten eine kontinuierliche und umfassende Nachsorge, um ihre langfristige Gesundheit und ihr Wohlbefinden zu gew\u00e4hrleisten.<\/p>\n\n\n\n<p>Unser Engagement f\u00fcr Exzellenz und unsere umfassende Erfahrung in der Behandlung von Krebs im Stadium 4 positionieren uns zu einem vertrauensw\u00fcrdigen Partner f\u00fcr Patienten weltweit. Wir setzen uns daf\u00fcr ein, unseren Patienten die bestm\u00f6gliche Versorgung zu bieten und verbessern kontinuierlich unsere Methoden und Ans\u00e4tze. Daf\u00fcr arbeiten wir in der Hallwang Clinic eng mit weltweit f\u00fchrenden Experten und Einrichtungen zusammen, um sicherzustellen, dass wir stets die fortschrittlichsten und wirksamsten Behandlungsmethoden anwenden.&nbsp;<\/p>\n\n\n\n<h3 class=\"wp-block-heading\">Ihr n\u00e4chster Schritt<\/h3>\n\n\n\n<p>In der Hallwang Clinic verfolgen wir eine ganzheitliche und integrative Herangehensweise in der Krebsbehandlung, die modernste medizinische Technologien mit bew\u00e4hrten komplement\u00e4ren und alternativen Methoden kombiniert. Dank unseres fortschrittlichen, evidenzbasierten Ansatzes und unserer umfassenden Betreuung bieten wir unseren Patienten die bestm\u00f6gliche Versorgung.<\/p>\n\n\n\n<p>Die Zufriedenheit und das Vertrauen unserer Patienten haben f\u00fcr uns h\u00f6chste Priorit\u00e4t. Viele haben bereits signifikante Verbesserungen ihres Gesundheitszustandes durch unsere ganzheitlichen Behandlungsmethoden erfahren. Wir laden Sie herzlich ein, sich mit uns in Verbindung zu setzen, um mehr \u00fcber unser ganzheitliches Krebsbehandlungszentrum zu erfahren.<\/p>\n\n\n\n<div style=\"height:55px\" aria-hidden=\"true\" class=\"wp-block-spacer\"><\/div>\n\n\n\n<div class=\"wp-block-columns max_842 has-background\" style=\"background-color:#ffffff\">\n<div class=\"wp-block-column\">\n<h3 class=\"wp-block-heading has-text-align-center\">Kontaktieren Sie uns.<br>Wir helfen Ihnen gern!<\/h3>\n\n\n\n<div class=\"wp-block-buttons\">\n<div class=\"wp-block-button\"><a class=\"wp-block-button__link wp-element-button\" href=\"https:\/\/www.hallwang-clinic.com\/?page_id=1586\">Jetzt Kontakt aufnehmen<\/a><\/div>\n<\/div>\n<\/div>\n<\/div>\n<\/div>\n","protected":false},"excerpt":{"rendered":"<p>Hallwang Clinic Krebstherapien im Stadium 4 Erfahren Sie mehr \u00fcber fortschrittliche Behandlungsoptionen f\u00fcr Krebs im Stadium 4 in der Hallwang Clinic. Insbesondere die Immuntherapie zeigt bedeutende Ergebnisse. Gibt es eine Heilung f\u00fcr Krebs im Stadium 4? Krebs im Stadium 4 und seine Behandlung stellen eine erhebliche Herausforderung dar, da sich die Krankheit in diesem fortgeschrittenen [&hellip;]<\/p>\n","protected":false},"author":3,"featured_media":0,"parent":0,"menu_order":0,"comment_status":"closed","ping_status":"closed","template":"","meta":{"_locale":"de_DE","_original_post":"https:\/\/www.hallwang-clinic.com\/?page_id=3657","_htmlclass":"","_bodyclass":"","footnotes":""},"class_list":["post-3657","page","type-page","status-publish","hentry","de_DE","teaser-view"],"_links":{"self":[{"href":"https:\/\/www.hallwang-clinic.com\/wp-json\/wp\/v2\/pages\/3657","targetHints":{"allow":["GET"]}}],"collection":[{"href":"https:\/\/www.hallwang-clinic.com\/wp-json\/wp\/v2\/pages"}],"about":[{"href":"https:\/\/www.hallwang-clinic.com\/wp-json\/wp\/v2\/types\/page"}],"author":[{"embeddable":true,"href":"https:\/\/www.hallwang-clinic.com\/wp-json\/wp\/v2\/users\/3"}],"replies":[{"embeddable":true,"href":"https:\/\/www.hallwang-clinic.com\/wp-json\/wp\/v2\/comments?post=3657"}],"version-history":[{"count":2,"href":"https:\/\/www.hallwang-clinic.com\/wp-json\/wp\/v2\/pages\/3657\/revisions"}],"predecessor-version":[{"id":4207,"href":"https:\/\/www.hallwang-clinic.com\/wp-json\/wp\/v2\/pages\/3657\/revisions\/4207"}],"wp:attachment":[{"href":"https:\/\/www.hallwang-clinic.com\/wp-json\/wp\/v2\/media?parent=3657"}],"curies":[{"name":"wp","href":"https:\/\/api.w.org\/{rel}","templated":true}]}}