{"id":5627,"date":"2025-10-22T12:21:31","date_gmt":"2025-10-22T12:21:31","guid":{"rendered":"https:\/\/www.hallwang-clinic.com\/?page_id=5627"},"modified":"2025-10-22T12:22:21","modified_gmt":"2025-10-22T12:22:21","slug":"weltbeste_krebsklinik","status":"publish","type":"page","link":"https:\/\/www.hallwang-clinic.com\/de_DE\/uber-uns\/weltbeste_krebsklinik\/","title":{"rendered":"Weltbeste Krebsklinik"},"content":{"rendered":"\n<div class=\"wp-block-group max_842\">\n<p class=\"has-text-align-center mini_title\">Hallwang Clinic<\/p>\n\n\n\n<h1 class=\"wp-block-heading has-text-align-center\">Weltbeste Krebsklinik: Ma\u00dfst\u00e4be in der Krebsbehandlung<\/h1>\n\n\n\n<h2 class=\"wp-block-heading has-text-align-center\">Entdecken Sie, was eine weltweit beste Krebsklinik auszeichnen sollte: innovative Therapien und patientenorientierte Betreuung.<\/h2>\n<\/div>\n\n\n\n<figure class=\"wp-block-image aligncenter size-full\"><img loading=\"lazy\" decoding=\"async\" width=\"1060\" height=\"634\" src=\"https:\/\/www.hallwang-clinic.com\/wp-content\/uploads\/2025\/01\/Hallwang_Clinic_Aussenansicht_2.webp\" alt=\"\" class=\"wp-image-5374\" style=\"aspect-ratio:16\/9;object-fit:cover\"\/><\/figure>\n\n\n\n<div style=\"height:25px\" aria-hidden=\"true\" class=\"wp-block-spacer\"><\/div>\n\n\n\n<div class=\"wp-block-group max_842\">\n<h3 class=\"wp-block-heading\">Was bedeutet es, die weltweit beste Krebsklinik zu sein?<\/h3>\n\n\n\n<p>Universit\u00e4tskliniken, die in Zeitungen oder Online-Rankings als \u201eweltbeste Krebsklinik\u201c eingestuft werden, erhalten ihre Bewertung meist aufgrund ihrer wissenschaftlichen Errungenschaften und der Leistungen ihrer angegliederten Forschungsinstitute. Diese Faktoren umfassen klinische Studien, Gr\u00f6\u00dfe und Patientenkapazit\u00e4t sowie Kosteneffizienz. Aber was bedeutet es wirklich, die weltweit beste Krebsklinik zu sein?<\/p>\n\n\n\n<p>Es besteht kein Zweifel, dass wir wissenschaftlich f\u00fchrende onkologische und universit\u00e4re Kliniken mit einem starken Forschungshintergrund ben\u00f6tigen, die zusammen mit pharmazeutischen Unternehmen neue Arzneimittelm\u00f6glichkeiten in klinischen Studien f\u00fcr bestimmte Gruppen von Krebspatienten evaluieren. Diese Zusammenarbeit erm\u00f6glicht es, neue M\u00f6glichkeiten f\u00fcr Patienten mit \u00e4hnlichen Erkrankungen zu finden. Evidenzbasierte Medizin ist ein entscheidender Bestandteil der Therapie von Krebspatienten und definiert unsere Standards in Therapieprotokollen.<\/p>\n\n\n\n<p>Dennoch brauchen wir individuelle Therapieans\u00e4tze f\u00fcr Krebspatienten, um Patientinnen und Patienten mit individuellen Merkmalen ihrer Tumorzellen, individuellen Komorbidit\u00e4ten und herausfordernden Situationen erfolgreich zu helfen \u2500 um die bestm\u00f6glichen Ergebnisse f\u00fcr den einzelnen Krebspatienten zu erzielen. Was zeichnet die weltweit beste Krebsklinik aus?<\/p>\n\n\n\n<h3 class=\"wp-block-heading\">Erfahrung und Expertise<\/h3>\n\n\n\n<p>Eine weltweit f\u00fchrende Krebsklinik muss \u00fcber umfangreiche Erfahrung und Expertise in der Behandlung <a href=\"https:\/\/www.hallwang-clinic.com\/uber-uns\/ihr-weg-zu-uns\/\">verschiedener Krebsarten<\/a> in allen Stadien verf\u00fcgen. Dies umfasst insbesondere die Behandlung von:<\/p>\n\n\n\n<ul class=\"wp-block-list\">\n<li>Brustkrebs (Breast Cancer)<\/li>\n\n\n\n<li>Eierstockkrebs (Ovarian cancer)<\/li>\n\n\n\n<li>Nierenkrebs (Kidney cancer)<\/li>\n\n\n\n<li>Kopf Hals Tumore (Head Neck Cancer)<\/li>\n\n\n\n<li>Glioblastom (Glioblastoma)<\/li>\n\n\n\n<li>Hepatozellul\u00e4res Karzinom (Hepatocellular carcinoma)&nbsp;<\/li>\n\n\n\n<li>Lungenkrebs (Lung cancer)<\/li>\n\n\n\n<li>Kolonkarzinom (Colon Cancer)<\/li>\n\n\n\n<li>Zervixkarzinom (Cervical Cancer)<\/li>\n\n\n\n<li>Geb\u00e4rmutterkrebs (Uterine cancer)<\/li>\n\n\n\n<li>Prostatakarzinom (Prostate cancer)<\/li>\n\n\n\n<li>Hautkrebs (Skin cancer)<\/li>\n\n\n\n<li>Leuk\u00e4mie und Lymphome (Leukemia and lymphoma)<\/li>\n<\/ul>\n\n\n\n<p>Durch die Kombination modernster Therapien mit einem ganzheitlichen Ansatz bietet eine Krebsklinik von Weltrang eine umfassende Versorgung, die auf die individuellen Bed\u00fcrfnisse jedes einzelnen Patienten zugeschnitten ist.<\/p>\n\n\n\n<h3 class=\"wp-block-heading\">Zugang zu allen m\u00f6glichen therapeutischen Optionen<\/h3>\n\n\n\n<p>Eine der entscheidenden Eigenschaften der besten Krebsklinik der Welt sollte der Zugang zu einer breiten Palette von therapeutischen Optionen sein. Dies bedeutet, dass die Klinik \u00fcber die neuesten und innovativsten Behandlungsm\u00f6glichkeiten verf\u00fcgt, ohne durch klinische Studien oder l\u00e4nderspezifische Einschr\u00e4nkungen und Vorschriften eingeschr\u00e4nkt zu sein.&nbsp;<\/p>\n\n\n\n<p>Deutschland ist weltweit f\u00fchrend in der Krebsbehandlung. Im Gegensatz zu vielen anderen L\u00e4ndern erm\u00f6glicht das deutsche Gesundheitssystem eine breitgef\u00e4cherte Therapieevaluation und erlaubt umfangreichen Zugang zu neuen Behandlungen. In anderen L\u00e4ndern jedoch haben viele Patientinnen und Patienten keinen Zugang zu fortschrittlichen Behandlungen, obwohl eine pr\u00e4zisionsbasierte Therapie m\u00f6glich w\u00e4re. Das restriktive Gesundheitssystem ihres Landes benachteiligt diese Patienten und verwehrt ihnen den Zugang zu pr\u00e4zisionsbasierter Medizin. Beispielsweise nehmen klinische Studie keine weiteren Teilnehmer mehr auf oder verwehren diesen Patienten den Zugang, wenn sie nicht alle Teilnahmekriterien erf\u00fcllen. Andere machen die Erfahrung, dass ihre Tumore zu klein oder zu selten f\u00fcr bestimmte Studien sind, oder sie d\u00fcrfen l\u00e4ngere Zeit keine Behandlung erhalten, bevor sie in die Studie aufgenommen werden k\u00f6nnen. Dadurch verschlechtern sich ihre Zust\u00e4nde oft erheblich, was sie von weiteren Studien ausschlie\u00dft. Diese Patientinnen und Patienten f\u00fchlen sich dann von ihren Onkologen im Stich gelassen.<\/p>\n\n\n\n<p>Zudem halten viele \u00c4rzte an veralteten chemotherapeutischen Protokollen fest, die zwar generell wirksam sind, jedoch oft nicht die optimalen oder langfristigen Ergebnisse f\u00fcr den Patienten bieten. W\u00e4hrend manche Patienten gut auf diese Protokolle ansprechen, erleiden andere schwere Nebenwirkungen oder m\u00fcssen die Behandlung aufgrund von Tumorprogress trotz Chemotherapie abbrechen. Alternativen sind begrenzt, und wenn Komplikationen unter einem alternativen Protokoll auftreten, werden die Behandlungsoptionen noch knapper.<\/p>\n\n\n\n<p>Dar\u00fcber hinaus gibt es weltweit viele vielversprechende Studien zu Krebsmedikamenten in fortgeschrittenen Phasen. Diese werden jedoch aufgrund von Zulassungsbeschr\u00e4nkungen und gesetzlichen Bestimmungen oft nicht in Betracht gezogen oder Patienten vorenthalten, die bereits alle Standardtherapien ausgesch\u00f6pft haben und dringend Behandlungsoptionen ben\u00f6tigen.<\/p>\n\n\n\n<h3 class=\"wp-block-heading\">Weltweit beste Krebsklinik: Die Hallwang Clinic als Beispiel&nbsp;<\/h3>\n\n\n\n<p>Die Hallwang Clinic in Deutschland genie\u00dft aufgrund der besonderen landesspezifischen Regelungen einen weitgehend uneingeschr\u00e4nkten Zugang zu Therapieoptionen. Das schlie\u00dft auch die M\u00f6glichkeit ein, Therapieprotokolle au\u00dferhalb klinischer Studien anzuwenden (Off-Lable-Use). Die Klinik ist bekannt f\u00fcr ihre umfassende Betreuung und Expertise in der Krebsbehandlung und bietet eine breite Palette an konventionellen sowie innovativen Behandlungsans\u00e4tzen an.<\/p>\n\n\n\n<p>Ein Schwerpunkt der Hallwang Clinic liegt auf der <a href=\"https:\/\/www.hallwang-clinic.com\/therapies\/immuntherapien\/\">Immuntherapie<\/a>, die das k\u00f6rpereigene Immunsystem nutzt, um Krebszellen effektiv zu bek\u00e4mpfen. Diese Therapieform hat sich bei einer Vielzahl von Krebsarten als wirksam erwiesen und bietet neue Hoffnung f\u00fcr Patienten, die auf traditionelle Behandlungen nicht ansprechen. Erg\u00e4nzend hierzu setzt die pr\u00e4zisionsbasierte Medizin auf die genetische Analyse von Tumoren, um ma\u00dfgeschneiderte Behandlungspl\u00e4ne zu entwickeln. Diese zielgerichteten Therapien verbessern die Erfolgsaussichten, indem sie die individuellen Eigenschaften des Tumors eines Patienten ber\u00fccksichtigen.<\/p>\n\n\n\n<p>Zus\u00e4tzlich zu den bereits erw\u00e4hnten Immuntherapien und der Pr\u00e4zisionsmedizin umfasst das Angebot der Klinik auch <a href=\"https:\/\/www.hallwang-clinic.com\/therapies\/krebstherapien\/\">spezialisierte Verfahren<\/a> wie die Radiopeptidtherapie und die Cyberknife-Radiotherapie. Die Radiopeptidtherapie verwendet markierte Peptide, die selektiv Tumorzellen beeinflussen, w\u00e4hrend Cyberknife eine pr\u00e4zise, nicht-invasive Strahlentherapie erm\u00f6glicht, die auf nahezu alle K\u00f6rperteile anwendbar ist\u200b.<\/p>\n\n\n\n<p>Des Weiteren ber\u00fccksichtigt&nbsp;die Klinik i<a href=\"https:\/\/www.hallwang-clinic.com\/uber-uns\/integrative-medizin\/\">ntegrative und erg\u00e4nzende Medizin<\/a>, als wichtige Therapiekomonente, um die allgemeinen Behandlungsergebnisse zu verbessern und gleichzeitig die Lebensqualit\u00e4t der Patienten zu steigern.<\/p>\n\n\n\n<p>Die Hallwang Clinic hat eines der fortschrittlichsten genomischen und immuntherapeutischen Profile entwickelt, um mit modernen, pr\u00e4zisionsbasierten und multidisziplin\u00e4ren, patientenindividualisierten sowie immuntherapeutischen Konzepten und deren Kombinationen auch langanhaltende vollst\u00e4ndige Remissionen bei Patienten mit <a href=\"https:\/\/www.hallwang-clinic.com\/therapies\/therapie-fur-krebs-im-stadium-4\/\">Krebs im Stadium 4<\/a> zu erreichen.<\/p>\n\n\n\n<p>Die Hallwang Clinic betont die Bedeutung einer umfassenden, patientenzentrierten Betreuung. Patienten erfahren eine engagierte Unterst\u00fctzung durch ein multidisziplin\u00e4res Team, das Onkologen, spezialisierte Pflegekr\u00e4fte und Psychoonkologen einschlie\u00dft. Diese umfassende Betreuung wird durch eine individuelle Behandlungsplanung erg\u00e4nzt, die auf den spezifischen Bed\u00fcrfnissen und der Gesundheitssituation jedes Patienten basiert\u200b\u200b.<\/p>\n\n\n\n<h3 class=\"wp-block-heading\">Autorit\u00e4t und Anerkennung: Hallwang Clinic<\/h3>\n\n\n\n<p>Die Hallwang Clinic ist tief eingebunden in das globale Netzwerk wissenschaftlich f\u00fchrender onkologischer und universit\u00e4rer Kliniken mit starkem Forschungshintergrund, die zusammen mit pharmazeutischen Unternehmen neue Arzneimittelm\u00f6glichkeiten in klinischen Studien f\u00fcr bestimmte Gruppen von Krebspatienten evaluieren. Diese Zusammenarbeit erm\u00f6glicht es, innovative Therapieans\u00e4tze f\u00fcr Patientinnen und Patienten mit \u00e4hnlichen Erkrankungen zu entwickeln. Evidenzbasierte Medizin spielt eine zentrale Rolle in der Behandlung von Krebspatienten und definiert die therapeutischen Standards der Hallwang Clinic.<\/p>\n\n\n\n<p>Die zertifizierten Onkologen der Hallwang Private Oncology Clinic bringen umfangreiche Erfahrungen von renommierten Universit\u00e4tskliniken und -instituten mit, darunter das Zentrum f\u00fcr Integrierte Onkologie der Universit\u00e4tskliniken K\u00f6ln und Bonn, das Dana Farber Cancer Institute der Harvard Medical School in Boston, das Sidney Kimmel Comprehensive Cancer Center des Johns Hopkins Hospital in Baltimore sowie das Walter and Eliza Hall Institute in Australien. Diese umfassende Erfahrung belegt die hohe Qualifikation des Teams der Hallwang Clinic.<\/p>\n\n\n\n<p>Zus\u00e4tzlich sind die Onkologen der Hallwang Clinic Mitglieder der Europ\u00e4ischen Gesellschaft f\u00fcr medizinische Onkologie, viele davon mit dem ESMO-Zertifikat f\u00fcr Onkologie ausgezeichnet, sowie der Deutschen Gesellschaft f\u00fcr H\u00e4matologie und Onkologie (DGHO). Ihr fundierter wissenschaftlicher Hintergrund, besonders in der Immunonkologie, erm\u00f6glicht es ihnen, f\u00fchrende Therapien anzubieten.<\/p>\n\n\n\n<p>Ein spezialisiertes onkologisches Team ist st\u00e4ndig vor Ort verf\u00fcgbar und betreut sowohl die station\u00e4ren als auch die ambulanten Patienten. Dieses Team h\u00e4lt sich an die neuesten internationalen Richtlinien f\u00fcr Krebstherapie, bleibt jedoch flexibel, um individuelle Therapieans\u00e4tze au\u00dferhalb klinischer Studien zu erm\u00f6glichen und erweitert so die Behandlungsm\u00f6glichkeiten f\u00fcr Patientinnen und Patienten aus der ganzen Welt.<\/p>\n\n\n\n<p>Die Klinik ist ebenfalls f\u00fcr ihre exzellenten Einrichtungen und den hohen Standard der Patientenbetreuung bekannt, was zahlreiche positive Patientenberichte best\u00e4tigen. Viele heben die F\u00fcrsorge und Fachkompetenz des Personals sowie die hochwertige Ausstattung der Klinik hervor\u200b\u200b. Diese Faktoren festigen den Ruf der Hallwang Clinic als eine der f\u00fchrenden Einrichtungen f\u00fcr die Krebsbehandlung weltweit.<\/p>\n\n\n\n<h3 class=\"wp-block-heading\">Umfassender Ansatz in der Krebsbehandlung<\/h3>\n\n\n\n<p>Eine weltweit beste Krebsklinik integriert eine Vielzahl von Behandlungsstrategien, um den individuellen Bed\u00fcrfnissen jedes Patienten gerecht zu werden. Dies schlie\u00dft nicht nur innovative Krebstherapien wie Immuntherapien und pr\u00e4zisionsbasierte Medizin ein, sondern auch erg\u00e4nzende Behandlungsoptionen, die darauf abzielen, die Lebensqualit\u00e4t der Patientinnen und Patienten zu verbessern und ihre Genesung zu unterst\u00fctzen.<\/p>\n\n\n\n<p>Solche Kliniken bieten eine integrative Gesundheitsversorgung, die alle Aspekte des Lebensstils ber\u00fccksichtigt und sowohl konventionelle als auch nat\u00fcrliche Heilmittel einbezieht, um die besten Ergebnisse zu erzielen. Der Anspruch ist es, durch eine Kombination aus fortschrittlichster Medizin und komplement\u00e4ren Behandlungen eine Synergie zu schaffen, die den Heilungsprozess unterst\u00fctzt.<\/p>\n\n\n\n<p>Die Hallwang Clinic verfolgt den Ansatz, so nat\u00fcrlich wie m\u00f6glich und so konventionell wie n\u00f6tig zu behandeln, um optimale Gesundheitsergebnisse zu erreichen. Jeder Behandlungsplan ist individuell auf die spezifischen Merkmale des Tumors und die pers\u00f6nlichen Umst\u00e4nde des Patienten zugeschnitten. Dies beinhaltet genetische Tests und biomarkerbasierte Therapien, die es erm\u00f6glichen, ma\u00dfgeschneiderte Medikamentenkombinationen zu entwickeln, die speziell auf die Bed\u00fcrfnisse des Einzelnen abgestimmt sind.<\/p>\n\n\n\n<h3 class=\"wp-block-heading\">Welche ist also die weltweit beste Krebsklinik?<\/h3>\n\n\n\n<p>Diese Frage bleibt offen, wenn es um patientenindividuelle und umfassende Therapieans\u00e4tze geht. Eine \u201eweltbeste Krebsklinik\u201c sollte daher aus verschiedenen Perspektiven betrachtet werden. Eine solche Klinik sollte Zugang zu s\u00e4mtlichen therapeutischen Optionen bieten und stets im besten Interesse der Patienten handeln. Sie sollte die modernsten internationalen Richtlinien f\u00fcr Krebstherapien befolgen und eine umfassende, pr\u00e4zisionsbasierte, immuntherapeutische und multimodale Therapie anbieten.<\/p>\n\n\n\n<p>Dar\u00fcber hinaus sollte die Klinik kulturell sensibel und mehrsprachig sein, um eine effektive Kommunikation sicherzusellen sowie ein tiefes Verst\u00e4ndnis f\u00fcr die unterschiedlichen kulturellen Hintergr\u00fcnde ihrer internationalen Patientinnen und Patienten aufbringen. All dies sollte in einer Umgebung stattfinden, die nicht nur medizinisch hochwertig, sondern auch \u00e4sthetisch und komfortabel gestaltet ist, um den physischen und emotionalen Stress der Patienten so weit wie m\u00f6glich zu minimieren.<\/p>\n\n\n\n<p>Die Hallwang Clinic in Deutschland versteht die komplexen und vielf\u00e4ltigen Anforderungen ihrer internationalen Patientenschaft und hat eine Reihe von Einrichtungen und Services entwickelt, um diesen hohen Anspr\u00fcchen gerecht zu werden. Sie bietet durch ihre Anbindung an einen Helikopter-Landeplatz und einen Flughafen f\u00fcr Privatjets bequeme Anreisem\u00f6glichkeiten. Hallwangen, bekannt als Luftkurort, bietet eine ideale Umgebung f\u00fcr Erholung und Genesung, umgeben von einer landschaftlich reizvollen und beruhigenden Natur.<\/p>\n\n\n\n<p>Die liberale \u00e4rztliche Therapiefreiheit in Deutschland erm\u00f6glicht es der Hallwang Clinic, ma\u00dfgeschneiderte und fortschrittliche Behandlungspl\u00e4ne anzubieten, die auf die individuellen Bed\u00fcrfnisse jedes Patienten zugeschnitten sind. Die enge Zusammenarbeit mit f\u00fchrenden Universit\u00e4tskliniken wie in Heidelberg, Freiburg, T\u00fcbingen, K\u00f6ln und Frankfurt am Main erweitert den Zugang zu Spitzenforschung und innovativen Therapien.<\/p>\n\n\n\n<p>Zus\u00e4tzlich zur medizinischen Exzellenz legt die Klinik gro\u00dfen Wert auf Komfort und Lebensqualit\u00e4t. Die N\u00e4he zu hochrangigen 3-Sterne-Gastronomiebetrieben und Relais &amp; Ch\u00e2teaux Hotels macht den Aufenthalt f\u00fcr Patientinnen und Patienten und deren Angeh\u00f6rige angenehm und stressfrei. Die Kooperation mit dem st\u00e4dtischen Krankenhaus sichert eine umfassende Notfallversorgung und macht die Hallwang Clinic in Deutschland zu einem bevorzugten Ziel f\u00fcr anspruchsvolle Patienten aus der ganzen Welt.<\/p>\n\n\n\n<h3 class=\"wp-block-heading\">Klare Abgrenzung: Was eine weltbeste Krebsklinik unterscheidet<\/h3>\n\n\n\n<p>F\u00fcr Patient:innen, die weltweit nach modernster medizinischer Versorgung suchen, ist die Wahl eines vertrauensw\u00fcrdigen und hochkompetenten Partners entscheidend. Gerade in der Onkologie begegnen Patient:innen h\u00e4ufig sogenannten \u201ealternativen Kliniken\u201c, die vermeintlich innovative Behandlungen ohne wissenschaftliche Grundlage bewerben. <\/p>\n\n\n\n<p>Spezialisierte Krebsbehandlungszentren wie die Hallwang Clinic ziehen hier eine klare Grenze. Sie arbeiten ausschlie\u00dflich auf evidenzbasierter Grundlage, gest\u00fctzt auf aktuelle Studien und internationale Leitlinien. Erg\u00e4nzende Methoden kommen ausschlie\u00dflich unterst\u00fctzend zum Einsatz \u2013 niemals als Ersatz f\u00fcr wissenschaftlich validierte Therapien. Die Verantwortung liegt stets bei einem Team aus Fach\u00e4rzt:innen, die h\u00f6chste medizinische Standards gew\u00e4hrleisten.<\/p>\n\n\n\n<p>Ein weiterer zentraler Grundsatz ist Transparenz. Seri\u00f6se Kliniken wecken keine falschen Hoffnungen, sondern erl\u00e4utern offen die realistischen Erfolgschancen, m\u00f6gliche Risiken und auch die M\u00f6glichkeit eines Therapieversagens. Da Krankenkassen in der Regel nur leitlinienkonforme Behandlungen \u00fcbernehmen, m\u00fcssen Patient:innen innovative Therapien h\u00e4ufig selbst finanzieren. Vertrauensw\u00fcrdige Kliniken informieren daher klar und transparent \u00fcber Kosten und Behandlungsoptionen \u2013 und erm\u00f6glichen so fundierte, selbstbestimmte Entscheidungen.<\/p>\n\n\n\n<h3 class=\"wp-block-heading\">Ihr n\u00e4chster Schritt<\/h3>\n\n\n\n<p>In der Hallwang Klinik verfolgen wir eine ganzheitliche und integrative Herangehensweise in der Krebsbehandlung, die modernste medizinische Technologien mit bew\u00e4hrten komplement\u00e4ren und alternativen Methoden kombiniert. Dank unseres fortschrittlichen, evidenzbasierten Ansatzes und unserer umfassenden Betreuung bieten wir unseren Patientinnen und Patienten die bestm\u00f6gliche Versorgung.<\/p>\n\n\n\n<p>Die Zufriedenheit und das Vertrauen unserer Patienten haben f\u00fcr uns h\u00f6chste Priorit\u00e4t. Viele haben bereits signifikante Verbesserungen ihres Gesundheitszustandes durch unsere ganzheitlichen Behandlungsmethoden erfahren. Wir laden Sie herzlich ein, <a href=\"https:\/\/www.hallwang-clinic.com\/kontakt\/\">sich mit uns in Verbindung zu setzen<\/a>, um mehr \u00fcber unser ganzheitliches Krebsbehandlungszentrum zu erfahren.<\/p>\n\n\n\n<div style=\"height:40px\" aria-hidden=\"true\" class=\"wp-block-spacer\"><\/div>\n\n\n\n<div class=\"wp-block-columns max_842 has-background\" style=\"background-color:#ffffff\">\n<div class=\"wp-block-column\">\n<h3 class=\"wp-block-heading has-text-align-center\">Kontaktieren Sie uns.<br>Wir helfen Ihnen gern!<\/h3>\n\n\n\n<div class=\"wp-block-buttons\">\n<div class=\"wp-block-button\"><a class=\"wp-block-button__link wp-element-button\" href=\"https:\/\/www.hallwang-clinic.com\/kontakt\/\">Jetzt Kontakt aufnehmen<\/a><\/div>\n<\/div>\n<\/div>\n<\/div>\n<\/div>\n\n\n\n<p><\/p>\n","protected":false},"excerpt":{"rendered":"<p>Hallwang Clinic Weltbeste Krebsklinik: Ma\u00dfst\u00e4be in der Krebsbehandlung Entdecken Sie, was eine weltweit beste Krebsklinik auszeichnen sollte: innovative Therapien und patientenorientierte Betreuung. Was bedeutet es, die weltweit beste Krebsklinik zu sein? Universit\u00e4tskliniken, die in Zeitungen oder Online-Rankings als \u201eweltbeste Krebsklinik\u201c eingestuft werden, erhalten ihre Bewertung meist aufgrund ihrer wissenschaftlichen Errungenschaften und der Leistungen ihrer angegliederten [&hellip;]<\/p>\n","protected":false},"author":3,"featured_media":0,"parent":788,"menu_order":0,"comment_status":"closed","ping_status":"closed","template":"","meta":{"_locale":"de_DE","_original_post":"https:\/\/www.hallwang-clinic.com\/?page_id=1500","_htmlclass":"","_bodyclass":"","footnotes":""},"class_list":["post-5627","page","type-page","status-publish","hentry","de_DE","teaser-view"],"_links":{"self":[{"href":"https:\/\/www.hallwang-clinic.com\/wp-json\/wp\/v2\/pages\/5627","targetHints":{"allow":["GET"]}}],"collection":[{"href":"https:\/\/www.hallwang-clinic.com\/wp-json\/wp\/v2\/pages"}],"about":[{"href":"https:\/\/www.hallwang-clinic.com\/wp-json\/wp\/v2\/types\/page"}],"author":[{"embeddable":true,"href":"https:\/\/www.hallwang-clinic.com\/wp-json\/wp\/v2\/users\/3"}],"replies":[{"embeddable":true,"href":"https:\/\/www.hallwang-clinic.com\/wp-json\/wp\/v2\/comments?post=5627"}],"version-history":[{"count":6,"href":"https:\/\/www.hallwang-clinic.com\/wp-json\/wp\/v2\/pages\/5627\/revisions"}],"predecessor-version":[{"id":5929,"href":"https:\/\/www.hallwang-clinic.com\/wp-json\/wp\/v2\/pages\/5627\/revisions\/5929"}],"up":[{"embeddable":true,"href":"https:\/\/www.hallwang-clinic.com\/wp-json\/wp\/v2\/pages\/788"}],"wp:attachment":[{"href":"https:\/\/www.hallwang-clinic.com\/wp-json\/wp\/v2\/media?parent=5627"}],"curies":[{"name":"wp","href":"https:\/\/api.w.org\/{rel}","templated":true}]}}