{"id":788,"date":"2024-05-15T10:21:39","date_gmt":"2024-05-15T10:21:39","guid":{"rendered":"https:\/\/stage.hallwang2.smithberlin.com\/?page_id=788"},"modified":"2025-10-22T12:28:07","modified_gmt":"2025-10-22T12:28:07","slug":"uber-uns","status":"publish","type":"page","link":"https:\/\/www.hallwang-clinic.com\/de_DE\/uber-uns\/","title":{"rendered":"\u00dcber uns"},"content":{"rendered":"\n<div class=\"wp-block-cover is-light under_menu_img_cover\" style=\"min-height:770px;aspect-ratio:unset;\"><img loading=\"lazy\" decoding=\"async\" width=\"2324\" height=\"1494\" class=\"wp-block-cover__image-background wp-image-714\" alt=\"\" src=\"https:\/\/www.hallwang-clinic.com\/wp-content\/uploads\/2024\/05\/01_HAL-Header_Uber-Uns.webp\" data-object-fit=\"cover\"\/><span aria-hidden=\"true\" class=\"wp-block-cover__background has-background-dim\" style=\"background-color:#9e9d9c\"><\/span><div class=\"wp-block-cover__inner-container\">\n<p class=\"has-text-align-center mini_title has-text-color has-link-color wp-elements-7ede70dfbc0324cf3dcf2ce47e5569a2\" style=\"color:#ffffff\">Hallwang Clinic<\/p>\n\n\n\n<h1 class=\"wp-block-heading has-text-align-center has-text-color has-link-color wp-elements-ed0cd1621386aad42d265f560474a1da\" style=\"color:#ffffff\">\u00dcBER UNS<\/h1>\n<\/div><\/div>\n\n\n\n<div style=\"height:70px\" aria-hidden=\"true\" class=\"wp-block-spacer\"><\/div>\n\n\n\n<h2 class=\"wp-block-heading has-text-align-center sec_bigtext\">Die Hallwang Clinic ist eine hochspezialisierte onkologische Privatklinik. Es ist unser h\u00f6chstes Anliegen, unseren Patientinnen und Patienten und ihren Familien durchgehend und kompetent in einer schwierigen Situation zu helfen.<\/h2>\n\n\n\n<div class=\"wp-block-columns alignwide sec_2cols_about\">\n<div class=\"wp-block-column p_r_10\" style=\"flex-basis:41%\">\n<h2 class=\"wp-block-heading alignwide has-text-align-left like_h1\">Philosophie<\/h2>\n\n\n\n<p>Unser Anspruch ist es, ein hochpersonalisiertes Behandlungskonzept f\u00fcr unsere Patienten auszuloten.<\/p>\n\n\n\n<div class=\"wp-block-buttons\">\n<div class=\"wp-block-button\"><a class=\"wp-block-button__link wp-element-button\" href=\"https:\/\/www.hallwang-clinic.com\/?page_id=1494\">MEHR ERFAHREN<\/a><\/div>\n<\/div>\n<\/div>\n\n\n\n<div class=\"wp-block-column\" style=\"flex-basis:51%\">\n<figure class=\"wp-block-image size-full\"><img loading=\"lazy\" decoding=\"async\" width=\"678\" height=\"569\" src=\"https:\/\/www.hallwang-clinic.com\/wp-content\/uploads\/2025\/01\/Hallwang_Clinic_2.webp\" alt=\"\" class=\"wp-image-5348\"\/><\/figure>\n<\/div>\n<\/div>\n\n\n\n<div class=\"wp-block-columns alignwide sec_2cols_about\">\n<div class=\"wp-block-column\" style=\"flex-basis:51%\">\n<figure class=\"wp-block-image size-full\"><img loading=\"lazy\" decoding=\"async\" width=\"631\" height=\"504\" src=\"https:\/\/www.hallwang-clinic.com\/wp-content\/uploads\/2025\/01\/Hallwang_Clinic.webp\" alt=\"\" class=\"wp-image-5344\"\/><\/figure>\n<\/div>\n\n\n\n<div class=\"wp-block-column p_l_10\" style=\"flex-basis:41%\">\n<h2 class=\"wp-block-heading alignwide has-text-align-left like_h1\">\u201eWeltbeste Krebs&shy;kliniken\u201c<\/h2>\n\n\n\n<p>Welche ist die beste Krebsklinik der Welt? Eine Frage, die aus verschiedenen Perspektiven betrachtet werden muss.<\/p>\n\n\n\n<div class=\"wp-block-buttons\">\n<div class=\"wp-block-button\"><a class=\"wp-block-button__link wp-element-button\" href=\"https:\/\/www.hallwang-clinic.com\/uber-uns\/weltbeste_krebsklinik\">MEHR ERFAHREN<\/a><\/div>\n<\/div>\n<\/div>\n<\/div>\n\n\n\n<div class=\"wp-block-columns alignwide\">\n<div class=\"wp-block-column p_41 has-background\" style=\"background-color:#ffffff;flex-basis:50%\">\n<h2 class=\"wp-block-heading alignwide has-text-align-left like_h1\">Ihre Onkologen<\/h2>\n\n\n\n<p>f\u00fcr Onkologie und H\u00e4matologie, sowie Fach\u00e4rzten f\u00fcr Innere Medizin, Heilpraktikern und spezialisierten Psychologen.<\/p>\n\n\n\n<div class=\"wp-block-buttons\">\n<div class=\"wp-block-button\"><a class=\"wp-block-button__link wp-element-button\" href=\"https:\/\/www.hallwang-clinic.com\/?page_id=1545\">MEHR ERFAHREN<\/a><\/div>\n<\/div>\n<\/div>\n\n\n\n<div class=\"wp-block-column\" style=\"flex-basis:50%\">\n<figure class=\"wp-block-image size-large borderraius_5_right\"><img decoding=\"async\" src=\"https:\/\/www.hallwang-clinic.com\/wp-content\/uploads\/2024\/05\/04_HAL-Onkologen-1-1024x822.webp\" alt=\"\" class=\"wp-image-737\" style=\"object-fit:cover\"\/><\/figure>\n<\/div>\n<\/div>\n\n\n\n<div style=\"height:90px\" aria-hidden=\"true\" class=\"wp-block-spacer\"><\/div>\n\n\n\n<div class=\"wp-block-columns alignwide\">\n<div class=\"wp-block-column\" style=\"flex-basis:50%\">\n<figure class=\"wp-block-image size-full borderraius_5_left\"><img loading=\"lazy\" decoding=\"async\" width=\"2560\" height=\"1709\" src=\"https:\/\/www.hallwang-clinic.com\/wp-content\/uploads\/2025\/03\/Hallwang_5_20_-70-scaled.jpg\" alt=\"\" class=\"wp-image-5677\" style=\"object-fit:cover\"\/><\/figure>\n<\/div>\n\n\n\n<div class=\"wp-block-column p_41\" style=\"flex-basis:50%\">\n<h2 class=\"wp-block-heading alignwide has-text-align-left like_h1\">Team<\/h2>\n\n\n\n<p>Unser Pflegeteam aus erfahrenen und kompetenten Pflegekr\u00e4ften ist rund um die Uhr an Ihrer Seite, und sorgt f\u00fcr einen reibungslosen und angenehmen Ablauf.<\/p>\n\n\n\n<div class=\"wp-block-buttons\">\n<div class=\"wp-block-button\"><a class=\"wp-block-button__link wp-element-button\" href=\"https:\/\/www.hallwang-clinic.com\/?page_id=1551\">MEHR ERFAHREN<\/a><\/div>\n<\/div>\n<\/div>\n<\/div>\n\n\n\n<div style=\"height:83px\" aria-hidden=\"true\" class=\"wp-block-spacer\"><\/div>\n\n\n\n<div class=\"wp-block-columns sec_bigtext has-background\" style=\"background-color:#fffefe\">\n<div class=\"wp-block-column\" style=\"flex-basis:842px\">\n<h3 class=\"wp-block-heading has-text-align-center\">Kontaktieren Sie uns.<br>Wir helfen Ihnen gern!<\/h3>\n\n\n\n<div class=\"wp-block-buttons\">\n<div class=\"wp-block-button\"><a class=\"wp-block-button__link has-text-align-center wp-element-button\" href=\"https:\/\/www.hallwang-clinic.com\/?page_id=1551\">JETZT KONTAKT AUFNEHMEN<\/a><\/div>\n<\/div>\n<\/div>\n<\/div>\n","protected":false},"excerpt":{"rendered":"<p>Die Hallwang Clinic ist eine hochspezialisierte onkologische Privatklinik. Es ist unser h\u00f6chstes Anliegen, unseren Patientinnen und Patienten und ihren Familien durchgehend und kompetent in einer schwierigen Situation zu helfen. Philosophie Unser Anspruch ist es, ein hochpersonalisiertes Behandlungskonzept f\u00fcr unsere Patienten auszuloten. \u201eWeltbeste Krebskliniken\u201c Welche ist die beste Krebsklinik der Welt? Eine Frage, die aus verschiedenen [&hellip;]<\/p>\n","protected":false},"author":3,"featured_media":0,"parent":0,"menu_order":0,"comment_status":"closed","ping_status":"closed","template":"page_aboutus.php","meta":{"_locale":"de_DE","_original_post":"https:\/\/www.hallwang-clinic.com\/?page_id=713","_htmlclass":"","_bodyclass":"","footnotes":""},"class_list":["post-788","page","type-page","status-publish","hentry","de_DE","teaser-view"],"_links":{"self":[{"href":"https:\/\/www.hallwang-clinic.com\/wp-json\/wp\/v2\/pages\/788","targetHints":{"allow":["GET"]}}],"collection":[{"href":"https:\/\/www.hallwang-clinic.com\/wp-json\/wp\/v2\/pages"}],"about":[{"href":"https:\/\/www.hallwang-clinic.com\/wp-json\/wp\/v2\/types\/page"}],"author":[{"embeddable":true,"href":"https:\/\/www.hallwang-clinic.com\/wp-json\/wp\/v2\/users\/3"}],"replies":[{"embeddable":true,"href":"https:\/\/www.hallwang-clinic.com\/wp-json\/wp\/v2\/comments?post=788"}],"version-history":[{"count":25,"href":"https:\/\/www.hallwang-clinic.com\/wp-json\/wp\/v2\/pages\/788\/revisions"}],"predecessor-version":[{"id":5932,"href":"https:\/\/www.hallwang-clinic.com\/wp-json\/wp\/v2\/pages\/788\/revisions\/5932"}],"wp:attachment":[{"href":"https:\/\/www.hallwang-clinic.com\/wp-json\/wp\/v2\/media?parent=788"}],"curies":[{"name":"wp","href":"https:\/\/api.w.org\/{rel}","templated":true}]}}